{"id":66028,"date":"2025-06-24T10:11:33","date_gmt":"2025-06-24T10:11:33","guid":{"rendered":"https:\/\/tehnomag.md\/?post_type=product&#038;p=66028"},"modified":"2025-07-19T08:16:45","modified_gmt":"2025-07-19T08:16:45","slug":"aspirator-wd-6-p-v-25-8-22-t-karcher-1-628-313-0","status":"publish","type":"product","link":"https:\/\/tehnomag.md\/ru\/catalog\/electrocasnice\/electrocasnice-mari\/aspiratoare\/aspiratoare-aspiratoare\/aspirator-wd-6-p-v-25-8-22-t-karcher-1-628-313-0\/","title":{"rendered":"Aspirator  WD 6 P V-25\/8\/22\/T  KARCHER 1.628-313.0"},"content":{"rendered":"<p>Cur\u0103\u021bare de prim\u0103 clas\u0103: aspiratorul WD 6 P V-25\/8\/22\/T garanteaz\u0103 rezultate excelente cu un consum de energie de doar 1300 W \u2013 pentru toate tipurile de murd\u0103rie, uscat\u0103 sau umed\u0103, mic\u0103 sau mare. Aspiratorul pentru umezeal\u0103 \u0219i uscat\u0103 vine cu un recipient din plastic rezistent la impact de 25 de litri, cablu de 8 metri, furtun de aspira\u021bie de 2,2 metri cu m\u00e2ner, tuburi din o\u021bel inoxidabil, duz\u0103 de podea comutabil\u0103, filtru pliat plat \u0219i filtru cu sac de l\u00e2n\u0103. Priza de pornire\/oprire automat\u0103 \u00eencorporat\u0103 v\u0103 permite s\u0103 conecta\u021bi unelte electrice, cum ar fi fer\u0103straie sau \u0219lefuitoare. Murd\u0103ria rezultat\u0103 este \u00eendep\u0103rtat\u0103 imediat prin aspirare. Comutatorul rotativ permite utilizatorului s\u0103 ajusteze puterea de aspira\u021bie \u00een func\u021bie de nevoile sale. Datorit\u0103 filtrului pliat plat, pute\u021bi aspira murd\u0103ria umed\u0103 \u0219i uscat\u0103 f\u0103r\u0103 a fi nevoie s\u0103 \u00eenlocui\u021bi filtre suplimentare. Filtrul poate fi \u00eendep\u0103rtat \u0219i cur\u0103\u021bat \u00een c\u00e2teva secunde f\u0103r\u0103 a intra \u00een contact cu murd\u0103ria. \u00cen plus, filtrul poate fi cur\u0103\u021bat eficient prin ap\u0103sarea butonului de cur\u0103\u021bare a filtrului, restabilind cu u\u0219urin\u021b\u0103 puterea de aspira\u021bie complet\u0103. Tuburile \u0219i duza de podea pot fi l\u0103sate aprinse \u00een timpul unei scurte pauze de utilizare. Include raft de depozitare, compartiment pentru cablu \u0219i compartiment pentru accesorii, plus un m\u00e2ner de transport ergonomic 3 \u00een 1 patentat.<\/p>\n<p>Specifica\u021bii<br \/>\nConsum de energie (W) 1300<br \/>\nPuterea nominal\u0103 de intrare a prizei \u00eencorporate (W) min. 100 \u2013 max. 2100<br \/>\nCapacitate container (l) 25<br \/>\nMaterial co\u0219 de gunoi: plastic<br \/>\nCuloare Pies\u0103 motor galben Bara de protec\u0163ie a dispozitivului galben Container galben<br \/>\nLungimea cablului (m) 8<br \/>\nNom. diametrul accesoriilor (mm) 35<br \/>\nParametri electrici (V\/Hz) 220 &#8211; 240 \/ 50 &#8211; 60<br \/>\nGreutate (fara accesorii) (kg) 8.875<br \/>\nGreutate incl. ambalaj (kg) 12.6<br \/>\nDimensiuni (L x L x A) (mm) 418 x 382 x 656<\/p>","protected":false},"excerpt":{"rendered":"<p>Cur\u0103\u021bare de prim\u0103 clas\u0103: aspiratorul WD 6 P V-25\/8\/22\/T garanteaz\u0103 rezultate excelente cu un consum de energie de doar 1300 W \u2013 pentru toate tipurile de murd\u0103rie, uscat\u0103 sau umed\u0103, mic\u0103 sau mare. Aspiratorul pentru umezeal\u0103 \u0219i uscat\u0103 vine cu un recipient din plastic rezistent la impact de 25 de litri, cablu de 8 metri, furtun de aspira\u021bie de 2,2 metri cu m\u00e2ner, tuburi din o\u021bel inoxidabil, duz\u0103 de podea comutabil\u0103, filtru pliat plat \u0219i filtru cu sac de l\u00e2n\u0103. Priza de pornire\/oprire automat\u0103 \u00eencorporat\u0103 v\u0103 permite s\u0103 conecta\u021bi unelte electrice, cum ar fi fer\u0103straie sau \u0219lefuitoare. Murd\u0103ria rezultat\u0103 este \u00eendep\u0103rtat\u0103 imediat prin aspirare. Comutatorul rotativ permite utilizatorului s\u0103 ajusteze puterea de aspira\u021bie \u00een func\u021bie de nevoile sale. Datorit\u0103 filtrului pliat plat, pute\u021bi aspira murd\u0103ria umed\u0103 \u0219i uscat\u0103 f\u0103r\u0103 a fi nevoie s\u0103 \u00eenlocui\u021bi filtre suplimentare. Filtrul poate fi \u00eendep\u0103rtat \u0219i cur\u0103\u021bat \u00een c\u00e2teva secunde f\u0103r\u0103 a intra \u00een contact cu murd\u0103ria. \u00cen plus, filtrul poate fi cur\u0103\u021bat eficient prin ap\u0103sarea butonului de cur\u0103\u021bare a filtrului, restabilind cu u\u0219urin\u021b\u0103 puterea de aspira\u021bie complet\u0103. Tuburile \u0219i duza de podea pot fi l\u0103sate aprinse \u00een timpul unei scurte pauze de utilizare. Include raft de depozitare, compartiment pentru cablu \u0219i compartiment pentru accesorii, plus un m\u00e2ner de transport ergonomic 3 \u00een 1 patentat.<\/p>\n<p>Specifica\u021bii<br \/>\nConsum de energie (W) 1300<br \/>\nPuterea nominal\u0103 de intrare a prizei \u00eencorporate (W) min. 100 \u2013 max. 2100<br \/>\nCapacitate container (l) 25<br \/>\nMaterial co\u0219 de gunoi: plastic<br \/>\nCuloare Pies\u0103 motor galben Bara de protec\u0163ie a dispozitivului galben Container galben<br \/>\nLungimea cablului (m) 8<br \/>\nNom. diametrul accesoriilor (mm) 35<br \/>\nParametri electrici (V\/Hz) 220 &#8211; 240 \/ 50 &#8211; 60<br \/>\nGreutate (fara accesorii) (kg) 8.875<br \/>\nGreutate incl. ambalaj (kg) 12.6<br \/>\nDimensiuni (L x L x A) (mm) 418 x 382 x 656<\/p>","protected":false},"featured_media":66070,"template":"","meta":{"_acf_changed":false},"product_brand":[],"product_cat":[8709],"product_tag":[],"class_list":{"0":"post-66028","1":"product","2":"type-product","3":"status-publish","4":"has-post-thumbnail","6":"product_cat-aspiratoare-aspiratoare","8":"first","9":"instock","10":"shipping-taxable","11":"purchasable","12":"product-type-simple"},"acf":[],"_links":{"self":[{"href":"https:\/\/tehnomag.md\/ru\/wp-json\/wp\/v2\/product\/66028","targetHints":{"allow":["GET"]}}],"collection":[{"href":"https:\/\/tehnomag.md\/ru\/wp-json\/wp\/v2\/product"}],"about":[{"href":"https:\/\/tehnomag.md\/ru\/wp-json\/wp\/v2\/types\/product"}],"wp:featuredmedia":[{"embeddable":true,"href":"https:\/\/tehnomag.md\/ru\/wp-json\/wp\/v2\/media\/66070"}],"wp:attachment":[{"href":"https:\/\/tehnomag.md\/ru\/wp-json\/wp\/v2\/media?parent=66028"}],"wp:term":[{"taxonomy":"product_brand","embeddable":true,"href":"https:\/\/tehnomag.md\/ru\/wp-json\/wp\/v2\/product_brand?post=66028"},{"taxonomy":"product_cat","embeddable":true,"href":"https:\/\/tehnomag.md\/ru\/wp-json\/wp\/v2\/product_cat?post=66028"},{"taxonomy":"product_tag","embeddable":true,"href":"https:\/\/tehnomag.md\/ru\/wp-json\/wp\/v2\/product_tag?post=66028"}],"curies":[{"name":"wp","href":"https:\/\/api.w.org\/{rel}","templated":true}]}}