{"id":66025,"date":"2025-06-24T10:11:32","date_gmt":"2025-06-24T10:11:32","guid":{"rendered":"https:\/\/tehnomag.md\/?post_type=product&#038;p=66025"},"modified":"2025-07-19T08:16:44","modified_gmt":"2025-07-19T08:16:44","slug":"aspirator-vitek-vt-1894","status":"publish","type":"product","link":"https:\/\/tehnomag.md\/ru\/catalog\/electrocasnice\/electrocasnice-mari\/aspiratoare\/aspiratoare-aspiratoare\/aspirator-vitek-vt-1894\/","title":{"rendered":"Aspirator VITEK VT-1894"},"content":{"rendered":"<p>ip standard<br \/>\nPutere de aspirare 400 W<br \/>\nTip de cur\u0103\u021bare: uscat<br \/>\nExist\u0103 un regulator de putere pe carcas\u0103<br \/>\nCapacitate recipient praf 2,5 l<br \/>\nTip colector de praf Filtru ciclon<br \/>\nConducta de aspiratie Telescopica<br \/>\nLungime cablu de alimentare 5 m<br \/>\nRebobinare automat\u0103 a cablului da<br \/>\nExist\u0103 control al puterii pe m\u00e2ner<br \/>\nComutator cu picior pornit\/oprit Exist\u0103<br \/>\nRe\u021bea de alimentare<br \/>\n\u00cen plus, sistem de filtrare \u00een 5 trepte cu filtru HEPA, sistem multiciclon f\u0103r\u0103 pierderea puterii de aspirare, 2 ata\u0219amente: combina\u021bie perie de praf\/unelt\u0103 pentru cr\u0103p\u0103turi<br \/>\nConsum de putere nominal 2000 W<\/p>","protected":false},"excerpt":{"rendered":"<p>ip standard<br \/>\nPutere de aspirare 400 W<br \/>\nTip de cur\u0103\u021bare: uscat<br \/>\nExist\u0103 un regulator de putere pe carcas\u0103<br \/>\nCapacitate recipient praf 2,5 l<br \/>\nTip colector de praf Filtru ciclon<br \/>\nConducta de aspiratie Telescopica<br \/>\nLungime cablu de alimentare 5 m<br \/>\nRebobinare automat\u0103 a cablului da<br \/>\nExist\u0103 control al puterii pe m\u00e2ner<br \/>\nComutator cu picior pornit\/oprit Exist\u0103<br \/>\nRe\u021bea de alimentare<br \/>\n\u00cen plus, sistem de filtrare \u00een 5 trepte cu filtru HEPA, sistem multiciclon f\u0103r\u0103 pierderea puterii de aspirare, 2 ata\u0219amente: combina\u021bie perie de praf\/unelt\u0103 pentru cr\u0103p\u0103turi<br \/>\nConsum de putere nominal 2000 W<\/p>","protected":false},"featured_media":66063,"template":"","meta":{"_acf_changed":false},"product_brand":[],"product_cat":[8709],"product_tag":[],"class_list":{"0":"post-66025","1":"product","2":"type-product","3":"status-publish","4":"has-post-thumbnail","6":"product_cat-aspiratoare-aspiratoare","8":"first","9":"instock","10":"shipping-taxable","11":"purchasable","12":"product-type-simple"},"acf":[],"_links":{"self":[{"href":"https:\/\/tehnomag.md\/ru\/wp-json\/wp\/v2\/product\/66025","targetHints":{"allow":["GET"]}}],"collection":[{"href":"https:\/\/tehnomag.md\/ru\/wp-json\/wp\/v2\/product"}],"about":[{"href":"https:\/\/tehnomag.md\/ru\/wp-json\/wp\/v2\/types\/product"}],"wp:featuredmedia":[{"embeddable":true,"href":"https:\/\/tehnomag.md\/ru\/wp-json\/wp\/v2\/media\/66063"}],"wp:attachment":[{"href":"https:\/\/tehnomag.md\/ru\/wp-json\/wp\/v2\/media?parent=66025"}],"wp:term":[{"taxonomy":"product_brand","embeddable":true,"href":"https:\/\/tehnomag.md\/ru\/wp-json\/wp\/v2\/product_brand?post=66025"},{"taxonomy":"product_cat","embeddable":true,"href":"https:\/\/tehnomag.md\/ru\/wp-json\/wp\/v2\/product_cat?post=66025"},{"taxonomy":"product_tag","embeddable":true,"href":"https:\/\/tehnomag.md\/ru\/wp-json\/wp\/v2\/product_tag?post=66025"}],"curies":[{"name":"wp","href":"https:\/\/api.w.org\/{rel}","templated":true}]}}