{"id":66020,"date":"2025-06-24T10:11:32","date_gmt":"2025-06-24T10:11:32","guid":{"rendered":"https:\/\/tehnomag.md\/?post_type=product&#038;p=66020"},"modified":"2025-07-19T08:16:44","modified_gmt":"2025-07-19T08:16:44","slug":"filtre-pentru-aspirator-vitek-vt-3316","status":"publish","type":"product","link":"https:\/\/tehnomag.md\/ru\/catalog\/electrocasnice\/electrocasnice-mari\/aspiratoare\/accesorii-p-u-aspirator\/filtre-pentru-aspirator-vitek-vt-3316\/","title":{"rendered":"Filtre pentru aspirator VITEK VT-3316"},"content":{"rendered":"<p>\u00cenlocuirea filtrului VITEK VT-1878 Aspirator ofer\u0103 filtrare maxime \u0219i ofer\u0103 o protec\u021bie maxim\u0103 \u00eempotriva prafului, sporilor \u0219i polenului \u00een camer\u0103. Filtrele din aspirator ar trebui s\u0103 fie cur\u0103\u021bate \u0219i schimbate \u00een mod regulat, dac\u0103 este necesar, deoarece afecteaz\u0103 eficien\u021ba aspirator.<\/p>","protected":false},"excerpt":{"rendered":"<p>\u00cenlocuirea filtrului VITEK VT-1878 Aspirator ofer\u0103 filtrare maxime \u0219i ofer\u0103 o protec\u021bie maxim\u0103 \u00eempotriva prafului, sporilor \u0219i polenului \u00een camer\u0103. Filtrele din aspirator ar trebui s\u0103 fie cur\u0103\u021bate \u0219i schimbate \u00een mod regulat, dac\u0103 este necesar, deoarece afecteaz\u0103 eficien\u021ba aspirator.<\/p>","protected":false},"featured_media":66056,"template":"","meta":{"_acf_changed":false},"product_brand":[],"product_cat":[8708],"product_tag":[],"class_list":{"0":"post-66020","1":"product","2":"type-product","3":"status-publish","4":"has-post-thumbnail","6":"product_cat-accesorii-p-u-aspirator","8":"first","9":"instock","10":"shipping-taxable","11":"purchasable","12":"product-type-simple"},"acf":[],"_links":{"self":[{"href":"https:\/\/tehnomag.md\/ru\/wp-json\/wp\/v2\/product\/66020","targetHints":{"allow":["GET"]}}],"collection":[{"href":"https:\/\/tehnomag.md\/ru\/wp-json\/wp\/v2\/product"}],"about":[{"href":"https:\/\/tehnomag.md\/ru\/wp-json\/wp\/v2\/types\/product"}],"wp:featuredmedia":[{"embeddable":true,"href":"https:\/\/tehnomag.md\/ru\/wp-json\/wp\/v2\/media\/66056"}],"wp:attachment":[{"href":"https:\/\/tehnomag.md\/ru\/wp-json\/wp\/v2\/media?parent=66020"}],"wp:term":[{"taxonomy":"product_brand","embeddable":true,"href":"https:\/\/tehnomag.md\/ru\/wp-json\/wp\/v2\/product_brand?post=66020"},{"taxonomy":"product_cat","embeddable":true,"href":"https:\/\/tehnomag.md\/ru\/wp-json\/wp\/v2\/product_cat?post=66020"},{"taxonomy":"product_tag","embeddable":true,"href":"https:\/\/tehnomag.md\/ru\/wp-json\/wp\/v2\/product_tag?post=66020"}],"curies":[{"name":"wp","href":"https:\/\/api.w.org\/{rel}","templated":true}]}}