{"id":65902,"date":"2025-06-24T10:10:47","date_gmt":"2025-06-24T10:10:47","guid":{"rendered":"https:\/\/tehnomag.md\/?post_type=product&#038;p=65902"},"modified":"2025-07-19T08:16:37","modified_gmt":"2025-07-19T08:16:37","slug":"cutit-de-bucatar-20cm-gene-berghoff-1315059","status":"publish","type":"product","link":"https:\/\/tehnomag.md\/ru\/catalog\/vesela\/tacamuri-si-cutite\/cutite-pentru-bucatarie\/cutite-universale\/cutit-de-bucatar-20cm-gene-berghoff-1315059\/","title":{"rendered":"Cutit de bucatar 20cm Gene BergHOFF 1315059"},"content":{"rendered":"<p>Cu\u021bit buc\u0103tar Gene 20 cm.<\/p>\n<p>Indiferent dac\u0103 e\u0219ti \u00eencep\u0103tor sau buc\u0103tar cu experien\u021b\u0103, pur \u0219i simplu nu te po\u021bi lipsi de un cu\u021bit bun de buc\u0103tar \u00een buc\u0103t\u0103rie. Acest cu\u021bit de buc\u0103tar forjat din o\u021bel inoxidabil este versatil \u0219i poate fi folosit pentru o varietate de sarcini de tocat.<\/p>\n<p>Ave\u021bi nevoie s\u0103 toca\u021bi, toca\u021bi sau toca\u021bi ingrediente pentru orice, de la o salat\u0103 de fructe r\u0103coritoare p\u00e2n\u0103 la un preparat popular cu paste?<\/p>\n<p>Pur \u0219i simplu prinde\u021bi m\u00e2nerul conturat cu o creast\u0103 pe toat\u0103 lungimea pentru o rezisten\u021b\u0103 incredibil\u0103 \u0219i pune\u021bi lama \u00een mi\u0219care!<\/p>","protected":false},"excerpt":{"rendered":"<p>Cu\u021bit buc\u0103tar Gene 20 cm.<\/p>\n<p>Indiferent dac\u0103 e\u0219ti \u00eencep\u0103tor sau buc\u0103tar cu experien\u021b\u0103, pur \u0219i simplu nu te po\u021bi lipsi de un cu\u021bit bun de buc\u0103tar \u00een buc\u0103t\u0103rie. Acest cu\u021bit de buc\u0103tar forjat din o\u021bel inoxidabil este versatil \u0219i poate fi folosit pentru o varietate de sarcini de tocat.<\/p>\n<p>Ave\u021bi nevoie s\u0103 toca\u021bi, toca\u021bi sau toca\u021bi ingrediente pentru orice, de la o salat\u0103 de fructe r\u0103coritoare p\u00e2n\u0103 la un preparat popular cu paste?<\/p>\n<p>Pur \u0219i simplu prinde\u021bi m\u00e2nerul conturat cu o creast\u0103 pe toat\u0103 lungimea pentru o rezisten\u021b\u0103 incredibil\u0103 \u0219i pune\u021bi lama \u00een mi\u0219care!<\/p>","protected":false},"featured_media":65937,"template":"","meta":{"_acf_changed":false},"product_brand":[],"product_cat":[8702],"product_tag":[],"class_list":{"0":"post-65902","1":"product","2":"type-product","3":"status-publish","4":"has-post-thumbnail","6":"product_cat-cutite-universale","8":"first","9":"instock","10":"shipping-taxable","11":"purchasable","12":"product-type-simple"},"acf":[],"_links":{"self":[{"href":"https:\/\/tehnomag.md\/ru\/wp-json\/wp\/v2\/product\/65902","targetHints":{"allow":["GET"]}}],"collection":[{"href":"https:\/\/tehnomag.md\/ru\/wp-json\/wp\/v2\/product"}],"about":[{"href":"https:\/\/tehnomag.md\/ru\/wp-json\/wp\/v2\/types\/product"}],"wp:featuredmedia":[{"embeddable":true,"href":"https:\/\/tehnomag.md\/ru\/wp-json\/wp\/v2\/media\/65937"}],"wp:attachment":[{"href":"https:\/\/tehnomag.md\/ru\/wp-json\/wp\/v2\/media?parent=65902"}],"wp:term":[{"taxonomy":"product_brand","embeddable":true,"href":"https:\/\/tehnomag.md\/ru\/wp-json\/wp\/v2\/product_brand?post=65902"},{"taxonomy":"product_cat","embeddable":true,"href":"https:\/\/tehnomag.md\/ru\/wp-json\/wp\/v2\/product_cat?post=65902"},{"taxonomy":"product_tag","embeddable":true,"href":"https:\/\/tehnomag.md\/ru\/wp-json\/wp\/v2\/product_tag?post=65902"}],"curies":[{"name":"wp","href":"https:\/\/api.w.org\/{rel}","templated":true}]}}