{"id":65901,"date":"2025-06-24T10:10:47","date_gmt":"2025-06-24T10:10:47","guid":{"rendered":"https:\/\/tehnomag.md\/?post_type=product&#038;p=65901"},"modified":"2025-07-19T08:16:37","modified_gmt":"2025-07-19T08:16:37","slug":"cutit-17-5cm-ron-175-%d1%81%d0%bc-berghoff-berghoff-3900105","status":"publish","type":"product","link":"https:\/\/tehnomag.md\/ru\/catalog\/vesela\/tacamuri-si-cutite\/cutite-pentru-bucatarie\/cutite-universale\/cutit-17-5cm-ron-175-%d1%81%d0%bc-berghoff-berghoff-3900105\/","title":{"rendered":"Cutit 17.5cm Ron\/ 17,5 \u0441\u043c BergHOFF BergHOFF 3900105"},"content":{"rendered":"<p>Cu\u021bitul buc\u0103tarului 17,5 cm<br \/>\nCod 3900105<\/p>\n<p>Cu\u021bitul de buc\u0103t\u0103rie este un element obligatoriu \u00een fiecare gospod\u0103rie.<br \/>\nAcest cu\u021bit pentru decojirea legumelor, inclusiv a cartofilor, de la renumitul brand belgian Berghoff, produc\u0103tor de unelte de buc\u0103t\u0103rie, este un ajutor major \u00een procesul de preparare a bucatelor.<br \/>\nEste fabricat din o\u021bel inoxidabil 18\/10 de \u00eenalt\u0103 calitate, care are propriet\u0103\u021bi anticorozive excelente.<\/p>\n<p>Lama sa este bine ascu\u021bit\u0103, iar cu\u021bitul \u00een sine este perfect echilibrat, datorit\u0103 man\u0219etei din o\u021bel forjat.<br \/>\nM\u00e2nerul are o form\u0103 ergonomic\u0103, deci se adapteaz\u0103 perfect palmei, oferind o m\u00e2nuire ferm\u0103 \u0219i sigur\u0103; nu alunec\u0103 \u00een m\u00e2n\u0103, deoarece este acoperit cu plastic rezistent, garant\u00e2ndu-v\u0103 siguran\u021ba.<br \/>\nAcest cu\u021bit nu necesit\u0103 \u00eengrijire special\u0103. Se recomand\u0103 sp\u0103larea manual\u0103.<\/p>\n<p>Material lam\u0103: o\u021bel inoxidabil<br \/>\nMaterial m\u00e2ner: lemn<br \/>\nDimensiuni: 17.5 cm<\/p>","protected":false},"excerpt":{"rendered":"<p>Cu\u021bitul buc\u0103tarului 17,5 cm<br \/>\nCod 3900105<\/p>\n<p>Cu\u021bitul de buc\u0103t\u0103rie este un element obligatoriu \u00een fiecare gospod\u0103rie.<br \/>\nAcest cu\u021bit pentru decojirea legumelor, inclusiv a cartofilor, de la renumitul brand belgian Berghoff, produc\u0103tor de unelte de buc\u0103t\u0103rie, este un ajutor major \u00een procesul de preparare a bucatelor.<br \/>\nEste fabricat din o\u021bel inoxidabil 18\/10 de \u00eenalt\u0103 calitate, care are propriet\u0103\u021bi anticorozive excelente.<\/p>\n<p>Lama sa este bine ascu\u021bit\u0103, iar cu\u021bitul \u00een sine este perfect echilibrat, datorit\u0103 man\u0219etei din o\u021bel forjat.<br \/>\nM\u00e2nerul are o form\u0103 ergonomic\u0103, deci se adapteaz\u0103 perfect palmei, oferind o m\u00e2nuire ferm\u0103 \u0219i sigur\u0103; nu alunec\u0103 \u00een m\u00e2n\u0103, deoarece este acoperit cu plastic rezistent, garant\u00e2ndu-v\u0103 siguran\u021ba.<br \/>\nAcest cu\u021bit nu necesit\u0103 \u00eengrijire special\u0103. Se recomand\u0103 sp\u0103larea manual\u0103.<\/p>\n<p>Material lam\u0103: o\u021bel inoxidabil<br \/>\nMaterial m\u00e2ner: lemn<br \/>\nDimensiuni: 17.5 cm<\/p>","protected":false},"featured_media":65936,"template":"","meta":{"_acf_changed":false},"product_brand":[],"product_cat":[8702],"product_tag":[],"class_list":{"0":"post-65901","1":"product","2":"type-product","3":"status-publish","4":"has-post-thumbnail","6":"product_cat-cutite-universale","8":"first","9":"instock","10":"shipping-taxable","11":"purchasable","12":"product-type-simple"},"acf":[],"_links":{"self":[{"href":"https:\/\/tehnomag.md\/ru\/wp-json\/wp\/v2\/product\/65901","targetHints":{"allow":["GET"]}}],"collection":[{"href":"https:\/\/tehnomag.md\/ru\/wp-json\/wp\/v2\/product"}],"about":[{"href":"https:\/\/tehnomag.md\/ru\/wp-json\/wp\/v2\/types\/product"}],"wp:featuredmedia":[{"embeddable":true,"href":"https:\/\/tehnomag.md\/ru\/wp-json\/wp\/v2\/media\/65936"}],"wp:attachment":[{"href":"https:\/\/tehnomag.md\/ru\/wp-json\/wp\/v2\/media?parent=65901"}],"wp:term":[{"taxonomy":"product_brand","embeddable":true,"href":"https:\/\/tehnomag.md\/ru\/wp-json\/wp\/v2\/product_brand?post=65901"},{"taxonomy":"product_cat","embeddable":true,"href":"https:\/\/tehnomag.md\/ru\/wp-json\/wp\/v2\/product_cat?post=65901"},{"taxonomy":"product_tag","embeddable":true,"href":"https:\/\/tehnomag.md\/ru\/wp-json\/wp\/v2\/product_tag?post=65901"}],"curies":[{"name":"wp","href":"https:\/\/api.w.org\/{rel}","templated":true}]}}