{"id":65745,"date":"2025-06-24T10:10:01","date_gmt":"2025-06-24T10:10:01","guid":{"rendered":"https:\/\/tehnomag.md\/?post_type=product&#038;p=65745"},"modified":"2025-07-19T08:16:28","modified_gmt":"2025-07-19T08:16:28","slug":"set-boluri-3-buc-maestro-mr1178","status":"publish","type":"product","link":"https:\/\/tehnomag.md\/ru\/catalog\/vesela\/vesela-pentru-servire\/tacamuri\/boluri\/set-boluri-3-buc-maestro-mr1178\/","title":{"rendered":"Set boluri 3 buc. MAESTRO Mr1178"},"content":{"rendered":"<p>Dimensiuni disponibile: 17&#215;17 cm<br \/>\nDesign elegant modern<br \/>\nMaterial: silicon<br \/>\nU\u015furin\u0163\u0103 de utilizare<br \/>\nRezisten\u015f\u0103 de lung\u0103 durat\u0103<br \/>\nPosibile culor: verde<\/p>","protected":false},"excerpt":{"rendered":"<p>Dimensiuni disponibile: 17&#215;17 cm<br \/>\nDesign elegant modern<br \/>\nMaterial: silicon<br \/>\nU\u015furin\u0163\u0103 de utilizare<br \/>\nRezisten\u015f\u0103 de lung\u0103 durat\u0103<br \/>\nPosibile culor: verde<\/p>","protected":false},"featured_media":65775,"template":"","meta":{"_acf_changed":false},"product_brand":[],"product_cat":[8688],"product_tag":[],"class_list":{"0":"post-65745","1":"product","2":"type-product","3":"status-publish","4":"has-post-thumbnail","6":"product_cat-boluri","8":"first","9":"instock","10":"shipping-taxable","11":"purchasable","12":"product-type-simple"},"acf":[],"_links":{"self":[{"href":"https:\/\/tehnomag.md\/ru\/wp-json\/wp\/v2\/product\/65745","targetHints":{"allow":["GET"]}}],"collection":[{"href":"https:\/\/tehnomag.md\/ru\/wp-json\/wp\/v2\/product"}],"about":[{"href":"https:\/\/tehnomag.md\/ru\/wp-json\/wp\/v2\/types\/product"}],"wp:featuredmedia":[{"embeddable":true,"href":"https:\/\/tehnomag.md\/ru\/wp-json\/wp\/v2\/media\/65775"}],"wp:attachment":[{"href":"https:\/\/tehnomag.md\/ru\/wp-json\/wp\/v2\/media?parent=65745"}],"wp:term":[{"taxonomy":"product_brand","embeddable":true,"href":"https:\/\/tehnomag.md\/ru\/wp-json\/wp\/v2\/product_brand?post=65745"},{"taxonomy":"product_cat","embeddable":true,"href":"https:\/\/tehnomag.md\/ru\/wp-json\/wp\/v2\/product_cat?post=65745"},{"taxonomy":"product_tag","embeddable":true,"href":"https:\/\/tehnomag.md\/ru\/wp-json\/wp\/v2\/product_tag?post=65745"}],"curies":[{"name":"wp","href":"https:\/\/api.w.org\/{rel}","templated":true}]}}