{"id":65639,"date":"2025-06-24T10:09:14","date_gmt":"2025-06-24T10:09:14","guid":{"rendered":"https:\/\/tehnomag.md\/?post_type=product&#038;p=65639"},"modified":"2025-07-19T08:16:23","modified_gmt":"2025-07-19T08:16:23","slug":"aparat-de-spalat-cu-presiune-k-4-wcm-modular-range-karcher-1-324-200-0","status":"publish","type":"product","link":"https:\/\/tehnomag.md\/ru\/catalog\/produse-auto\/spalatorii-auto\/aparate-de-spalat-cu-presiune\/aparat-de-spalat-cu-presiune-k-4-wcm-modular-range-karcher-1-324-200-0\/","title":{"rendered":"Aparat de spalat cu presiune K 4 WCM Modular Range KARCHER 1.324-200.0"},"content":{"rendered":"<p>K 4 WCM Premium impresioneaz\u0103 cu un motor puternic r\u0103cit cu ap\u0103, care se caracterizeaz\u0103 printr-o durat\u0103 lung\u0103 de via\u021b\u0103. Aparatul de sp\u0103lat cu presiune cu furtun de \u00eenalt\u0103 presiune de 6 metri lungime a fost construit pentru utilizare ocazional\u0103 \u0219i murd\u0103rie moderat\u0103. Datorit\u0103 lancei de pulverizare Vario Power (VPS) \u0219i lancei cu jet rotativ, terasele, mobilierul de gr\u0103din\u0103 \u0219i vehiculele pot fi cur\u0103\u021bate \u00een func\u021bie de necesit\u0103\u021bi. Presiunea apei poate fi reglat\u0103 cu precizie \u00een func\u021bie de obiectul specific care trebuie cur\u0103\u021bat, prin simpla rotire a VPS. \u00cen plus, jetul rotativ asigur\u0103 o cur\u0103\u021bare reu\u0219it\u0103, f\u0103r\u0103 compromisuri, chiar \u0219i \u00een cazul murd\u0103riei dificile. Datorit\u0103 tamburului de furtun integrat, depozitarea furtunului de \u00eenalt\u0103 presiune este simpl\u0103, iar toate celelalte accesorii pot fi depozitate direct la aparat. Un filtru de ap\u0103 \u00eencorporat protejeaz\u0103 \u00een mod fiabil pompa \u00eempotriva particulelor de murd\u0103rie.<\/p>\n<p>Date tehnice<\/p>\n<p>Tipul de curent. (V\/Hz)  230 \/ 50<br \/>\nPresiune (bar\/MPa)  20 &#8211; Max. 130 \/ 2 &#8211; Max. 13<br \/>\nConsum (l\/h) Max. 420<br \/>\nCapacitate pe suprafa\u021b\u0103 (m\u00b2\/h) 30<br \/>\nTemperatura de admisie (\u00b0C) \u041c\u0430\u043a\u0441. 40<br \/>\nPutere (kW) 1.8<br \/>\nGreutatea f\u0103r\u0103 accesorii (kg) 12<br \/>\nGreutate ambalaj (kg)  16,1<br \/>\nDimensiuni (L x l x H) (mm) 369 x 389 x 901<\/p>\n<p>Echipament<br \/>\nPistol de presiune ridicata: G 180 Q<br \/>\nLance Vario Power Jet<br \/>\nLance cu jet rotativ<br \/>\nTambur furtun de inalta presiune -integrat<br \/>\nFurtun de presiune: 6 m<br \/>\nSistem Quick Connect pe aparat<br \/>\nAplicarea detergentului: Furtun de aspirare<br \/>\nMotor r\u0103cit cu ap\u0103<br \/>\nFiltru fin de ap\u0103 integrat<br \/>\nAdaptor racord furtun de gradin\u0103 A3\/4&#8243;<\/p>","protected":false},"excerpt":{"rendered":"<p>K 4 WCM Premium impresioneaz\u0103 cu un motor puternic r\u0103cit cu ap\u0103, care se caracterizeaz\u0103 printr-o durat\u0103 lung\u0103 de via\u021b\u0103. Aparatul de sp\u0103lat cu presiune cu furtun de \u00eenalt\u0103 presiune de 6 metri lungime a fost construit pentru utilizare ocazional\u0103 \u0219i murd\u0103rie moderat\u0103. Datorit\u0103 lancei de pulverizare Vario Power (VPS) \u0219i lancei cu jet rotativ, terasele, mobilierul de gr\u0103din\u0103 \u0219i vehiculele pot fi cur\u0103\u021bate \u00een func\u021bie de necesit\u0103\u021bi. Presiunea apei poate fi reglat\u0103 cu precizie \u00een func\u021bie de obiectul specific care trebuie cur\u0103\u021bat, prin simpla rotire a VPS. \u00cen plus, jetul rotativ asigur\u0103 o cur\u0103\u021bare reu\u0219it\u0103, f\u0103r\u0103 compromisuri, chiar \u0219i \u00een cazul murd\u0103riei dificile. Datorit\u0103 tamburului de furtun integrat, depozitarea furtunului de \u00eenalt\u0103 presiune este simpl\u0103, iar toate celelalte accesorii pot fi depozitate direct la aparat. Un filtru de ap\u0103 \u00eencorporat protejeaz\u0103 \u00een mod fiabil pompa \u00eempotriva particulelor de murd\u0103rie.<\/p>\n<p>Date tehnice<\/p>\n<p>Tipul de curent. (V\/Hz)  230 \/ 50<br \/>\nPresiune (bar\/MPa)  20 &#8211; Max. 130 \/ 2 &#8211; Max. 13<br \/>\nConsum (l\/h) Max. 420<br \/>\nCapacitate pe suprafa\u021b\u0103 (m\u00b2\/h) 30<br \/>\nTemperatura de admisie (\u00b0C) \u041c\u0430\u043a\u0441. 40<br \/>\nPutere (kW) 1.8<br \/>\nGreutatea f\u0103r\u0103 accesorii (kg) 12<br \/>\nGreutate ambalaj (kg)  16,1<br \/>\nDimensiuni (L x l x H) (mm) 369 x 389 x 901<\/p>\n<p>Echipament<br \/>\nPistol de presiune ridicata: G 180 Q<br \/>\nLance Vario Power Jet<br \/>\nLance cu jet rotativ<br \/>\nTambur furtun de inalta presiune -integrat<br \/>\nFurtun de presiune: 6 m<br \/>\nSistem Quick Connect pe aparat<br \/>\nAplicarea detergentului: Furtun de aspirare<br \/>\nMotor r\u0103cit cu ap\u0103<br \/>\nFiltru fin de ap\u0103 integrat<br \/>\nAdaptor racord furtun de gradin\u0103 A3\/4&#8243;<\/p>","protected":false},"featured_media":65704,"template":"","meta":{"_acf_changed":false},"product_brand":[],"product_cat":[8663],"product_tag":[],"class_list":{"0":"post-65639","1":"product","2":"type-product","3":"status-publish","4":"has-post-thumbnail","6":"product_cat-aparate-de-spalat-cu-presiune","8":"first","9":"instock","10":"shipping-taxable","11":"purchasable","12":"product-type-simple"},"acf":[],"_links":{"self":[{"href":"https:\/\/tehnomag.md\/ru\/wp-json\/wp\/v2\/product\/65639","targetHints":{"allow":["GET"]}}],"collection":[{"href":"https:\/\/tehnomag.md\/ru\/wp-json\/wp\/v2\/product"}],"about":[{"href":"https:\/\/tehnomag.md\/ru\/wp-json\/wp\/v2\/types\/product"}],"wp:featuredmedia":[{"embeddable":true,"href":"https:\/\/tehnomag.md\/ru\/wp-json\/wp\/v2\/media\/65704"}],"wp:attachment":[{"href":"https:\/\/tehnomag.md\/ru\/wp-json\/wp\/v2\/media?parent=65639"}],"wp:term":[{"taxonomy":"product_brand","embeddable":true,"href":"https:\/\/tehnomag.md\/ru\/wp-json\/wp\/v2\/product_brand?post=65639"},{"taxonomy":"product_cat","embeddable":true,"href":"https:\/\/tehnomag.md\/ru\/wp-json\/wp\/v2\/product_cat?post=65639"},{"taxonomy":"product_tag","embeddable":true,"href":"https:\/\/tehnomag.md\/ru\/wp-json\/wp\/v2\/product_tag?post=65639"}],"curies":[{"name":"wp","href":"https:\/\/api.w.org\/{rel}","templated":true}]}}