{"id":65590,"date":"2025-06-24T10:08:52","date_gmt":"2025-06-24T10:08:52","guid":{"rendered":"https:\/\/tehnomag.md\/?post_type=product&#038;p=65590"},"modified":"2025-07-19T08:16:21","modified_gmt":"2025-07-19T08:16:21","slug":"aspirator-de-geamuri-1-633-741-0-wv-6-plus","status":"publish","type":"product","link":"https:\/\/tehnomag.md\/ru\/catalog\/produse-auto\/spalatorii-auto\/accesorii-aparat-de-spalat-cu-presiune\/aspirator-de-geamuri-1-633-741-0-wv-6-plus\/","title":{"rendered":"Aspirator de geamuri 1.633-741.0 WV 6 Plus"},"content":{"rendered":"<p>Aspiratorul de geamuri sau aspiratorul pentru geamuri Karcher WV 6 Plus impresioneaz\u0103 prin echiparea sa excelent\u0103 \u0219i prin u\u0219urin\u021ba de utilizare \u0219i mai mare &#8211; de exemplu, noua clem\u0103 realizat\u0103 cu tehnologia Silicon Liquid faciliteaz\u0103 cur\u0103\u021barea marginilor geamului \u0219i colecteaz\u0103 umezeala pe fund. marginea ferestrei dintr-o singur\u0103 mi\u0219care. WV 6 impresioneaz\u0103 prin durata de via\u021b\u0103 foarte lung\u0103 a bateriei<br \/>\nL\u0103\u021bimea de lucru a duzei de aspira\u021bie (mm)280<br \/>\nVolumul rezervorului pentru ap\u0103 murdar\u0103 (ml) 150<br \/>\nDurata de via\u021b\u0103 a bateriei (min)100<br \/>\nTimp de \u00eenc\u0103rcare a bateriei (min)170<br \/>\nTip baterie: baterie Li-ion<br \/>\nPerforman\u021b\u0103 de cur\u0103\u021bare de la 1 \u00eenc\u0103rcare<br \/>\nAproximativ. 300 m\u00b2 = 100 de ferestre<br \/>\nAlimentare (V\/Hz)100 \u2013 240 \/ 50 \u2013 60<br \/>\nGreutate cu baterie (kg)0,76<br \/>\nGreutate fara accesorii (kg)0,76<br \/>\nGreutate incl. ambalaj (kg)1.229<br \/>\nDimensiuni (L x l x H) (mm)<br \/>\n126 x 280 x 310<\/p>","protected":false},"excerpt":{"rendered":"<p>Aspiratorul de geamuri sau aspiratorul pentru geamuri Karcher WV 6 Plus impresioneaz\u0103 prin echiparea sa excelent\u0103 \u0219i prin u\u0219urin\u021ba de utilizare \u0219i mai mare &#8211; de exemplu, noua clem\u0103 realizat\u0103 cu tehnologia Silicon Liquid faciliteaz\u0103 cur\u0103\u021barea marginilor geamului \u0219i colecteaz\u0103 umezeala pe fund. marginea ferestrei dintr-o singur\u0103 mi\u0219care. WV 6 impresioneaz\u0103 prin durata de via\u021b\u0103 foarte lung\u0103 a bateriei<br \/>\nL\u0103\u021bimea de lucru a duzei de aspira\u021bie (mm)280<br \/>\nVolumul rezervorului pentru ap\u0103 murdar\u0103 (ml) 150<br \/>\nDurata de via\u021b\u0103 a bateriei (min)100<br \/>\nTimp de \u00eenc\u0103rcare a bateriei (min)170<br \/>\nTip baterie: baterie Li-ion<br \/>\nPerforman\u021b\u0103 de cur\u0103\u021bare de la 1 \u00eenc\u0103rcare<br \/>\nAproximativ. 300 m\u00b2 = 100 de ferestre<br \/>\nAlimentare (V\/Hz)100 \u2013 240 \/ 50 \u2013 60<br \/>\nGreutate cu baterie (kg)0,76<br \/>\nGreutate fara accesorii (kg)0,76<br \/>\nGreutate incl. ambalaj (kg)1.229<br \/>\nDimensiuni (L x l x H) (mm)<br \/>\n126 x 280 x 310<\/p>","protected":false},"featured_media":65650,"template":"","meta":{"_acf_changed":false},"product_brand":[],"product_cat":[8662],"product_tag":[],"class_list":{"0":"post-65590","1":"product","2":"type-product","3":"status-publish","4":"has-post-thumbnail","6":"product_cat-accesorii-aparat-de-spalat-cu-presiune","8":"first","9":"instock","10":"shipping-taxable","11":"purchasable","12":"product-type-simple"},"acf":[],"_links":{"self":[{"href":"https:\/\/tehnomag.md\/ru\/wp-json\/wp\/v2\/product\/65590","targetHints":{"allow":["GET"]}}],"collection":[{"href":"https:\/\/tehnomag.md\/ru\/wp-json\/wp\/v2\/product"}],"about":[{"href":"https:\/\/tehnomag.md\/ru\/wp-json\/wp\/v2\/types\/product"}],"wp:featuredmedia":[{"embeddable":true,"href":"https:\/\/tehnomag.md\/ru\/wp-json\/wp\/v2\/media\/65650"}],"wp:attachment":[{"href":"https:\/\/tehnomag.md\/ru\/wp-json\/wp\/v2\/media?parent=65590"}],"wp:term":[{"taxonomy":"product_brand","embeddable":true,"href":"https:\/\/tehnomag.md\/ru\/wp-json\/wp\/v2\/product_brand?post=65590"},{"taxonomy":"product_cat","embeddable":true,"href":"https:\/\/tehnomag.md\/ru\/wp-json\/wp\/v2\/product_cat?post=65590"},{"taxonomy":"product_tag","embeddable":true,"href":"https:\/\/tehnomag.md\/ru\/wp-json\/wp\/v2\/product_tag?post=65590"}],"curies":[{"name":"wp","href":"https:\/\/api.w.org\/{rel}","templated":true}]}}