{"id":65589,"date":"2025-06-24T10:08:52","date_gmt":"2025-06-24T10:08:52","guid":{"rendered":"https:\/\/tehnomag.md\/?post_type=product&#038;p=65589"},"modified":"2025-07-19T08:16:21","modified_gmt":"2025-07-19T08:16:21","slug":"aspirator-de-geamuri-wv-7-signature-line-karcher-1-633-741-0","status":"publish","type":"product","link":"https:\/\/tehnomag.md\/ru\/catalog\/produse-auto\/spalatorii-auto\/accesorii-aparat-de-spalat-cu-presiune\/aspirator-de-geamuri-wv-7-signature-line-karcher-1-633-741-0\/","title":{"rendered":"Aspirator de geamuri WV 7 Signature Line KARCHER 1.633-741.0"},"content":{"rendered":"<p>Doar produsele noastre cele mai inovatoare \u0219i performante poart\u0103 semn\u0103tura pionierului \u00een tehnologie \u0219i fondatorului companiei &#8211; Alfred K\u00e4rcher. Noul WV 7 Signature Line: recunoscut la prima vedere ca cel mai bun dispozitiv \u00een categoria sa de produse K\u00e4rcher \u0219i noul nostru standard \u00een aspiratoarele pentru geamuri. Designul s\u0103u elegant, redus la esen\u021bial, face cur\u0103\u021barea \u0219i mai comod\u0103 \u0219i f\u0103r\u0103 efort. Cu caracteristici unice precum suportul pentru aplica\u021bie pentru pornirea ini\u021bial\u0103, sfaturi de cur\u0103\u021bare \u0219i multe altele, precum \u0219i lama de cauciuc pentru \u0219tergere \u00eembun\u0103t\u0103\u021bit\u0103, devine chiar mai u\u0219or s\u0103 redai ferestrelor \u0219i tuturor suprafe\u021belor netede factorul WOW.<\/p>\n<p>Date tehnice<br \/>\nL\u0103\u021bime de lucru duz\u0103 de aspirare (mm)  280 + 170<\/p>\n<p>Capacitate rezervor de ap\u0103 murdar\u0103 (ml)  150<\/p>\n<p>Timpul de lucru al acumulatorului (min)  100<\/p>\n<p>Durata de \u00eenc\u0103rcare al acumulatorului (min) 170<\/p>\n<p>Tipul bateriei  Tehnologie acumulator Litium -Ion<\/p>\n<p>Putere de cur\u0103\u021bare per acumulator \u00eenc\u0103rcat  Aproximativ. 300 m\u00b2 = 100 de geamuri<\/p>\n<p>Tipul de curent (V\/Hz)  100 \u2013 240 \/ 50 \u2013 60<\/p>\n<p>Greutate (inclusiv acumulator) (kg)  0,76<\/p>\n<p>Greutatea f\u0103r\u0103 accesorii (kg)  0,76<\/p>\n<p>Greutate cu ambalaj (kg)  2<\/p>\n<p>Dimensiuni (L x l x H) (mm)  126 x 280 x 310<\/p>\n<p>Echipament<br \/>\n\u00cenc\u0103rc\u0103tor rapid<br \/>\nSticl\u0103 de pulverizare Extra cu p\u00e2nz\u0103 de \u0219tergere din microfibr\u0103<br \/>\nDetergent concentrat pentru cur\u0103\u021barea geamurilor (1 \u00d7 20 ml)<br \/>\nP\u00e2nz\u0103 microfibr\u0103 outdoor, 1 x<br \/>\nDuza de aspirare schimbabila<br \/>\nR\u0103zuitor murd\u0103rie<br \/>\nL\u0103\u021bimea duzei de aspira\u021bie: 280 mm<\/p>","protected":false},"excerpt":{"rendered":"<p>Doar produsele noastre cele mai inovatoare \u0219i performante poart\u0103 semn\u0103tura pionierului \u00een tehnologie \u0219i fondatorului companiei &#8211; Alfred K\u00e4rcher. Noul WV 7 Signature Line: recunoscut la prima vedere ca cel mai bun dispozitiv \u00een categoria sa de produse K\u00e4rcher \u0219i noul nostru standard \u00een aspiratoarele pentru geamuri. Designul s\u0103u elegant, redus la esen\u021bial, face cur\u0103\u021barea \u0219i mai comod\u0103 \u0219i f\u0103r\u0103 efort. Cu caracteristici unice precum suportul pentru aplica\u021bie pentru pornirea ini\u021bial\u0103, sfaturi de cur\u0103\u021bare \u0219i multe altele, precum \u0219i lama de cauciuc pentru \u0219tergere \u00eembun\u0103t\u0103\u021bit\u0103, devine chiar mai u\u0219or s\u0103 redai ferestrelor \u0219i tuturor suprafe\u021belor netede factorul WOW.<\/p>\n<p>Date tehnice<br \/>\nL\u0103\u021bime de lucru duz\u0103 de aspirare (mm)  280 + 170<\/p>\n<p>Capacitate rezervor de ap\u0103 murdar\u0103 (ml)  150<\/p>\n<p>Timpul de lucru al acumulatorului (min)  100<\/p>\n<p>Durata de \u00eenc\u0103rcare al acumulatorului (min) 170<\/p>\n<p>Tipul bateriei  Tehnologie acumulator Litium -Ion<\/p>\n<p>Putere de cur\u0103\u021bare per acumulator \u00eenc\u0103rcat  Aproximativ. 300 m\u00b2 = 100 de geamuri<\/p>\n<p>Tipul de curent (V\/Hz)  100 \u2013 240 \/ 50 \u2013 60<\/p>\n<p>Greutate (inclusiv acumulator) (kg)  0,76<\/p>\n<p>Greutatea f\u0103r\u0103 accesorii (kg)  0,76<\/p>\n<p>Greutate cu ambalaj (kg)  2<\/p>\n<p>Dimensiuni (L x l x H) (mm)  126 x 280 x 310<\/p>\n<p>Echipament<br \/>\n\u00cenc\u0103rc\u0103tor rapid<br \/>\nSticl\u0103 de pulverizare Extra cu p\u00e2nz\u0103 de \u0219tergere din microfibr\u0103<br \/>\nDetergent concentrat pentru cur\u0103\u021barea geamurilor (1 \u00d7 20 ml)<br \/>\nP\u00e2nz\u0103 microfibr\u0103 outdoor, 1 x<br \/>\nDuza de aspirare schimbabila<br \/>\nR\u0103zuitor murd\u0103rie<br \/>\nL\u0103\u021bimea duzei de aspira\u021bie: 280 mm<\/p>","protected":false},"featured_media":65649,"template":"","meta":{"_acf_changed":false},"product_brand":[],"product_cat":[8662],"product_tag":[],"class_list":{"0":"post-65589","1":"product","2":"type-product","3":"status-publish","4":"has-post-thumbnail","6":"product_cat-accesorii-aparat-de-spalat-cu-presiune","8":"first","9":"instock","10":"shipping-taxable","11":"purchasable","12":"product-type-simple"},"acf":[],"_links":{"self":[{"href":"https:\/\/tehnomag.md\/ru\/wp-json\/wp\/v2\/product\/65589","targetHints":{"allow":["GET"]}}],"collection":[{"href":"https:\/\/tehnomag.md\/ru\/wp-json\/wp\/v2\/product"}],"about":[{"href":"https:\/\/tehnomag.md\/ru\/wp-json\/wp\/v2\/types\/product"}],"wp:featuredmedia":[{"embeddable":true,"href":"https:\/\/tehnomag.md\/ru\/wp-json\/wp\/v2\/media\/65649"}],"wp:attachment":[{"href":"https:\/\/tehnomag.md\/ru\/wp-json\/wp\/v2\/media?parent=65589"}],"wp:term":[{"taxonomy":"product_brand","embeddable":true,"href":"https:\/\/tehnomag.md\/ru\/wp-json\/wp\/v2\/product_brand?post=65589"},{"taxonomy":"product_cat","embeddable":true,"href":"https:\/\/tehnomag.md\/ru\/wp-json\/wp\/v2\/product_cat?post=65589"},{"taxonomy":"product_tag","embeddable":true,"href":"https:\/\/tehnomag.md\/ru\/wp-json\/wp\/v2\/product_tag?post=65589"}],"curies":[{"name":"wp","href":"https:\/\/api.w.org\/{rel}","templated":true}]}}