{"id":65587,"date":"2025-06-24T10:08:52","date_gmt":"2025-06-24T10:08:52","guid":{"rendered":"https:\/\/tehnomag.md\/?post_type=product&#038;p=65587"},"modified":"2025-07-19T08:16:21","modified_gmt":"2025-07-19T08:16:21","slug":"aspirator-pentru-geamuri-wv-1-karcher-1-633-601-0","status":"publish","type":"product","link":"https:\/\/tehnomag.md\/ru\/catalog\/produse-auto\/spalatorii-auto\/accesorii-aparat-de-spalat-cu-presiune\/aspirator-pentru-geamuri-wv-1-karcher-1-633-601-0\/","title":{"rendered":"Aspirator pentru geamuri WV 1 KARCHER 1.633-601.0"},"content":{"rendered":"<p>\u00cen compara\u021bie cu metodele conven\u021bionale de cur\u0103\u021bare a geamurilor, aparatul de cur\u0103\u021bat geamuri f\u0103r\u0103 fir K\u00e4rcher WV 1 face munca mult mai u\u0219oar\u0103, de trei ori mai rapid\u0103 \u0219i mai curat\u0103 &#8211; nu r\u0103m\u00e2n urme sau dungi pe sticl\u0103. Apa murdar\u0103 este colectat\u0103 \u00een mod fiabil din sticl\u0103 prin aspira\u021bie, ceea ce elimin\u0103 formarea pic\u0103turilor. \u00cen acela\u0219i timp, unitatea bateriei \u00een combina\u021bie cu dimensiunile sale compacte garanteaz\u0103 o u\u0219urin\u021b\u0103 maxim\u0103 de utilizare a dispozitivului, care este potrivit \u0219i pentru cur\u0103\u021barea oric\u0103ror alte suprafe\u021be netede.<\/p>","protected":false},"excerpt":{"rendered":"<p>\u00cen compara\u021bie cu metodele conven\u021bionale de cur\u0103\u021bare a geamurilor, aparatul de cur\u0103\u021bat geamuri f\u0103r\u0103 fir K\u00e4rcher WV 1 face munca mult mai u\u0219oar\u0103, de trei ori mai rapid\u0103 \u0219i mai curat\u0103 &#8211; nu r\u0103m\u00e2n urme sau dungi pe sticl\u0103. Apa murdar\u0103 este colectat\u0103 \u00een mod fiabil din sticl\u0103 prin aspira\u021bie, ceea ce elimin\u0103 formarea pic\u0103turilor. \u00cen acela\u0219i timp, unitatea bateriei \u00een combina\u021bie cu dimensiunile sale compacte garanteaz\u0103 o u\u0219urin\u021b\u0103 maxim\u0103 de utilizare a dispozitivului, care este potrivit \u0219i pentru cur\u0103\u021barea oric\u0103ror alte suprafe\u021be netede.<\/p>","protected":false},"featured_media":65629,"template":"","meta":{"_acf_changed":false},"product_brand":[],"product_cat":[8662],"product_tag":[],"class_list":{"0":"post-65587","1":"product","2":"type-product","3":"status-publish","4":"has-post-thumbnail","6":"product_cat-accesorii-aparat-de-spalat-cu-presiune","8":"first","9":"instock","10":"shipping-taxable","11":"purchasable","12":"product-type-simple"},"acf":[],"_links":{"self":[{"href":"https:\/\/tehnomag.md\/ru\/wp-json\/wp\/v2\/product\/65587","targetHints":{"allow":["GET"]}}],"collection":[{"href":"https:\/\/tehnomag.md\/ru\/wp-json\/wp\/v2\/product"}],"about":[{"href":"https:\/\/tehnomag.md\/ru\/wp-json\/wp\/v2\/types\/product"}],"wp:featuredmedia":[{"embeddable":true,"href":"https:\/\/tehnomag.md\/ru\/wp-json\/wp\/v2\/media\/65629"}],"wp:attachment":[{"href":"https:\/\/tehnomag.md\/ru\/wp-json\/wp\/v2\/media?parent=65587"}],"wp:term":[{"taxonomy":"product_brand","embeddable":true,"href":"https:\/\/tehnomag.md\/ru\/wp-json\/wp\/v2\/product_brand?post=65587"},{"taxonomy":"product_cat","embeddable":true,"href":"https:\/\/tehnomag.md\/ru\/wp-json\/wp\/v2\/product_cat?post=65587"},{"taxonomy":"product_tag","embeddable":true,"href":"https:\/\/tehnomag.md\/ru\/wp-json\/wp\/v2\/product_tag?post=65587"}],"curies":[{"name":"wp","href":"https:\/\/api.w.org\/{rel}","templated":true}]}}