{"id":65586,"date":"2025-06-24T10:08:52","date_gmt":"2025-06-24T10:08:52","guid":{"rendered":"https:\/\/tehnomag.md\/?post_type=product&#038;p=65586"},"modified":"2025-07-19T08:16:21","modified_gmt":"2025-07-19T08:16:21","slug":"aspirator-de-geamuri-wv-2-plus-karcher-1-633-640-0","status":"publish","type":"product","link":"https:\/\/tehnomag.md\/ru\/catalog\/produse-auto\/spalatorii-auto\/accesorii-aparat-de-spalat-cu-presiune\/aspirator-de-geamuri-wv-2-plus-karcher-1-633-640-0\/","title":{"rendered":"Aspirator de geamuri WV 2 Plus  KARCHER 1.633-640.0"},"content":{"rendered":"<p>Cu inovatorul curatitor pentru geamuri, K\u00e4rcher a revolu\u021bionat curatarea geamurilor. Originalul K\u00e4rcher-alimentat cu acumulator, simplific\u0103 cur\u0103\u021barea \u0219i economise\u0219te timp \u0219i efort considerabil. Aspirarea electric\u0103 face curatarea greoaie de domeniul trecutului. Combina\u021bia inteligent\u0103 intre sticla cu pulverizator \u0219i laveta de microfibr\u0103 de \u0219tergere, precum \u0219i func\u021bia de aspirare a WV , asigura geamuri curate &#8211; f\u0103r\u0103 reziduuri \u0219i fara urme. \u00cen plus este la \u00eendem\u00e2n\u0103, ergonomic, alimentat cu acumulator si face curatarea geamurilor foarte igienica, deoarece, elimin\u0103 contactul direct cu apa murdar\u0103. Mul\u021bumit\u0103 duzei suplimentare \u00eenguste de aspirare, locurile mici sau cele greu accesibile, cum ar fi ferestrele cu geamuri mici \u0219i dulapuri de sticl\u0103, pot fi cur\u0103\u021bate f\u0103r\u0103 efort. Posibilit\u0103\u021bile de cur\u0103\u021bare sunt nelimitate<br \/>\nDate tehnice<br \/>\nL\u0103\u021bime de lucru cu duza de aspirare (mm)    280<br \/>\nL\u0103\u0163ime de lucru cu duza de aspirare \u00eengust\u0103 (mm)    170<br \/>\nCapacitate rezervor de ap\u0103 murdar\u0103 (ml) 100<br \/>\nTimpul de lucru al acumulatorului   25<br \/>\nDurata de \u00eenc\u0103rcare al acumulatorului   120<br \/>\nTipul bateriei. Acumulatori Li-Ion.<br \/>\nPutere de cur\u0103\u021bare per acumulator \u00eenc\u0103rcat  Aproximativ 75 m\u00b2 = 25 ferestre<br \/>\nTipul de curent. (V\/Hz) 100 &#8211; 240 \/ 50 &#8211; 60<br \/>\nGreutate (inclusiv acumulator) (kg) 0,6<br \/>\nGreutate f\u0103r\u0103 accesorii. (kg)   0,6<br \/>\nGreutate cu ambalaj. (kg)   1,2<br \/>\nDimensiuni (L x l x H). (mm)    120 x 280 x 320<br \/>\nEchipament<br \/>\nL\u0103\u021bimea duzei de aspira\u021bie: 280 mm<br \/>\n\u00cenc\u0103rc\u0103tor acumulator<br \/>\nSticl\u0103 pulverizator cu lavet\u0103 din microfibr\u0103<br \/>\nDetergent concentrat pentru cur\u0103\u021barea geamurilor (1 \u00d7 20 ml)<br \/>\nDuz\u0103 de aspirare interschimbabil\u0103<\/p>","protected":false},"excerpt":{"rendered":"<p>Cu inovatorul curatitor pentru geamuri, K\u00e4rcher a revolu\u021bionat curatarea geamurilor. Originalul K\u00e4rcher-alimentat cu acumulator, simplific\u0103 cur\u0103\u021barea \u0219i economise\u0219te timp \u0219i efort considerabil. Aspirarea electric\u0103 face curatarea greoaie de domeniul trecutului. Combina\u021bia inteligent\u0103 intre sticla cu pulverizator \u0219i laveta de microfibr\u0103 de \u0219tergere, precum \u0219i func\u021bia de aspirare a WV , asigura geamuri curate &#8211; f\u0103r\u0103 reziduuri \u0219i fara urme. \u00cen plus este la \u00eendem\u00e2n\u0103, ergonomic, alimentat cu acumulator si face curatarea geamurilor foarte igienica, deoarece, elimin\u0103 contactul direct cu apa murdar\u0103. Mul\u021bumit\u0103 duzei suplimentare \u00eenguste de aspirare, locurile mici sau cele greu accesibile, cum ar fi ferestrele cu geamuri mici \u0219i dulapuri de sticl\u0103, pot fi cur\u0103\u021bate f\u0103r\u0103 efort. Posibilit\u0103\u021bile de cur\u0103\u021bare sunt nelimitate<br \/>\nDate tehnice<br \/>\nL\u0103\u021bime de lucru cu duza de aspirare (mm)    280<br \/>\nL\u0103\u0163ime de lucru cu duza de aspirare \u00eengust\u0103 (mm)    170<br \/>\nCapacitate rezervor de ap\u0103 murdar\u0103 (ml) 100<br \/>\nTimpul de lucru al acumulatorului   25<br \/>\nDurata de \u00eenc\u0103rcare al acumulatorului   120<br \/>\nTipul bateriei. Acumulatori Li-Ion.<br \/>\nPutere de cur\u0103\u021bare per acumulator \u00eenc\u0103rcat  Aproximativ 75 m\u00b2 = 25 ferestre<br \/>\nTipul de curent. (V\/Hz) 100 &#8211; 240 \/ 50 &#8211; 60<br \/>\nGreutate (inclusiv acumulator) (kg) 0,6<br \/>\nGreutate f\u0103r\u0103 accesorii. (kg)   0,6<br \/>\nGreutate cu ambalaj. (kg)   1,2<br \/>\nDimensiuni (L x l x H). (mm)    120 x 280 x 320<br \/>\nEchipament<br \/>\nL\u0103\u021bimea duzei de aspira\u021bie: 280 mm<br \/>\n\u00cenc\u0103rc\u0103tor acumulator<br \/>\nSticl\u0103 pulverizator cu lavet\u0103 din microfibr\u0103<br \/>\nDetergent concentrat pentru cur\u0103\u021barea geamurilor (1 \u00d7 20 ml)<br \/>\nDuz\u0103 de aspirare interschimbabil\u0103<\/p>","protected":false},"featured_media":65624,"template":"","meta":{"_acf_changed":false},"product_brand":[],"product_cat":[8662],"product_tag":[],"class_list":{"0":"post-65586","1":"product","2":"type-product","3":"status-publish","4":"has-post-thumbnail","6":"product_cat-accesorii-aparat-de-spalat-cu-presiune","8":"first","9":"instock","10":"shipping-taxable","11":"purchasable","12":"product-type-simple"},"acf":[],"_links":{"self":[{"href":"https:\/\/tehnomag.md\/ru\/wp-json\/wp\/v2\/product\/65586","targetHints":{"allow":["GET"]}}],"collection":[{"href":"https:\/\/tehnomag.md\/ru\/wp-json\/wp\/v2\/product"}],"about":[{"href":"https:\/\/tehnomag.md\/ru\/wp-json\/wp\/v2\/types\/product"}],"wp:featuredmedia":[{"embeddable":true,"href":"https:\/\/tehnomag.md\/ru\/wp-json\/wp\/v2\/media\/65624"}],"wp:attachment":[{"href":"https:\/\/tehnomag.md\/ru\/wp-json\/wp\/v2\/media?parent=65586"}],"wp:term":[{"taxonomy":"product_brand","embeddable":true,"href":"https:\/\/tehnomag.md\/ru\/wp-json\/wp\/v2\/product_brand?post=65586"},{"taxonomy":"product_cat","embeddable":true,"href":"https:\/\/tehnomag.md\/ru\/wp-json\/wp\/v2\/product_cat?post=65586"},{"taxonomy":"product_tag","embeddable":true,"href":"https:\/\/tehnomag.md\/ru\/wp-json\/wp\/v2\/product_tag?post=65586"}],"curies":[{"name":"wp","href":"https:\/\/api.w.org\/{rel}","templated":true}]}}