{"id":65585,"date":"2025-06-24T10:08:51","date_gmt":"2025-06-24T10:08:51","guid":{"rendered":"https:\/\/tehnomag.md\/?post_type=product&#038;p=65585"},"modified":"2025-07-19T08:16:20","modified_gmt":"2025-07-19T08:16:20","slug":"aspirator-de-geamuri-wv-4-4-plus-karcher-1-633-540-0","status":"publish","type":"product","link":"https:\/\/tehnomag.md\/ru\/catalog\/produse-auto\/spalatorii-auto\/accesorii-aparat-de-spalat-cu-presiune\/aspirator-de-geamuri-wv-4-4-plus-karcher-1-633-540-0\/","title":{"rendered":"Aspirator de geamuri WV 4-4 Plus KARCHER 1.633-540.0"},"content":{"rendered":"<p>Caracteristicile aspiratorului de geamuri WV 4-4 Plus sunt utilizarea de baterii \u00eenlocuibile care asigur\u0103 o func\u021bionare continu\u0103 pe termen lung, prezen\u021ba unui indicator LED de stare a bateriei \u0219i a unui cuplaj inovator din silicon cu care pute\u021bi cur\u0103\u021ba geamul p\u00e2n\u0103 la marginea de jos. . Combina\u021bia inteligent\u0103 dintre o sticl\u0103 de pulverizare pentru aplicarea agentului de cur\u0103\u021bare, un tampon din microfibr\u0103 pentru distribuirea acestuia pe sticl\u0103 \u0219i \u0219terg\u0103torul propriu-zis, echipat cu un dispozitiv de aspirare electric\u0103, asigur\u0103 ca sticla s\u0103 fie str\u0103lucitor de curat\u0103 &#8211; f\u0103r\u0103 dungi sau dungi. Cu acest dispozitiv pute\u021bi cur\u0103\u021ba cu u\u0219urin\u021b\u0103 orice alte suprafe\u021be netede. Totodat\u0103, designul ergonomic al \u0219terg\u0103torului f\u0103r\u0103 fir WV 4-4 Plus asigur\u0103 o igien\u0103 maxim\u0103: golirea \u0219i cur\u0103\u021barea rezervorului de ap\u0103 murdar\u0103 se efectueaz\u0103 f\u0103r\u0103 contact direct cu acesta. Bateria de schimb K\u00e4rcher Power 4 V, care nu este inclus\u0103 \u00een pachetul de livrare, este compatibil\u0103 cu toate dispozitivele K\u00e4rcher de pe aceast\u0103 platform\u0103 de baterii.<\/p>","protected":false},"excerpt":{"rendered":"<p>Caracteristicile aspiratorului de geamuri WV 4-4 Plus sunt utilizarea de baterii \u00eenlocuibile care asigur\u0103 o func\u021bionare continu\u0103 pe termen lung, prezen\u021ba unui indicator LED de stare a bateriei \u0219i a unui cuplaj inovator din silicon cu care pute\u021bi cur\u0103\u021ba geamul p\u00e2n\u0103 la marginea de jos. . Combina\u021bia inteligent\u0103 dintre o sticl\u0103 de pulverizare pentru aplicarea agentului de cur\u0103\u021bare, un tampon din microfibr\u0103 pentru distribuirea acestuia pe sticl\u0103 \u0219i \u0219terg\u0103torul propriu-zis, echipat cu un dispozitiv de aspirare electric\u0103, asigur\u0103 ca sticla s\u0103 fie str\u0103lucitor de curat\u0103 &#8211; f\u0103r\u0103 dungi sau dungi. Cu acest dispozitiv pute\u021bi cur\u0103\u021ba cu u\u0219urin\u021b\u0103 orice alte suprafe\u021be netede. Totodat\u0103, designul ergonomic al \u0219terg\u0103torului f\u0103r\u0103 fir WV 4-4 Plus asigur\u0103 o igien\u0103 maxim\u0103: golirea \u0219i cur\u0103\u021barea rezervorului de ap\u0103 murdar\u0103 se efectueaz\u0103 f\u0103r\u0103 contact direct cu acesta. Bateria de schimb K\u00e4rcher Power 4 V, care nu este inclus\u0103 \u00een pachetul de livrare, este compatibil\u0103 cu toate dispozitivele K\u00e4rcher de pe aceast\u0103 platform\u0103 de baterii.<\/p>","protected":false},"featured_media":65619,"template":"","meta":{"_acf_changed":false},"product_brand":[],"product_cat":[8662],"product_tag":[],"class_list":{"0":"post-65585","1":"product","2":"type-product","3":"status-publish","4":"has-post-thumbnail","6":"product_cat-accesorii-aparat-de-spalat-cu-presiune","8":"first","9":"instock","10":"shipping-taxable","11":"purchasable","12":"product-type-simple"},"acf":[],"_links":{"self":[{"href":"https:\/\/tehnomag.md\/ru\/wp-json\/wp\/v2\/product\/65585","targetHints":{"allow":["GET"]}}],"collection":[{"href":"https:\/\/tehnomag.md\/ru\/wp-json\/wp\/v2\/product"}],"about":[{"href":"https:\/\/tehnomag.md\/ru\/wp-json\/wp\/v2\/types\/product"}],"wp:featuredmedia":[{"embeddable":true,"href":"https:\/\/tehnomag.md\/ru\/wp-json\/wp\/v2\/media\/65619"}],"wp:attachment":[{"href":"https:\/\/tehnomag.md\/ru\/wp-json\/wp\/v2\/media?parent=65585"}],"wp:term":[{"taxonomy":"product_brand","embeddable":true,"href":"https:\/\/tehnomag.md\/ru\/wp-json\/wp\/v2\/product_brand?post=65585"},{"taxonomy":"product_cat","embeddable":true,"href":"https:\/\/tehnomag.md\/ru\/wp-json\/wp\/v2\/product_cat?post=65585"},{"taxonomy":"product_tag","embeddable":true,"href":"https:\/\/tehnomag.md\/ru\/wp-json\/wp\/v2\/product_tag?post=65585"}],"curies":[{"name":"wp","href":"https:\/\/api.w.org\/{rel}","templated":true}]}}