{"id":65584,"date":"2025-06-24T10:08:51","date_gmt":"2025-06-24T10:08:51","guid":{"rendered":"https:\/\/tehnomag.md\/?post_type=product&#038;p=65584"},"modified":"2025-07-19T08:16:20","modified_gmt":"2025-07-19T08:16:20","slug":"razuitor-electric-de-gheata-edi-4-karcher-1-598-900-0","status":"publish","type":"product","link":"https:\/\/tehnomag.md\/ru\/catalog\/produse-auto\/spalatorii-auto\/accesorii-aparat-de-spalat-cu-presiune\/razuitor-electric-de-gheata-edi-4-karcher-1-598-900-0\/","title":{"rendered":"R\u0103zuitor electric de ghea\u021b\u0103 EDI 4   KARCHER 1.598-900.0"},"content":{"rendered":"<p>R\u0103zuitorul de ghea\u021b\u0103 al bateriei EDI 4 a pus \u00een sf\u00e2r\u0219it sarcina dificil\u0103 de a raza treptat ghea\u021ba. Datorit\u0103 discului rotativ \u0219i a \u0219ase lame durabile din plastic, r\u0103zuitorul \u00eendep\u0103rteaz\u0103 u\u0219or \u0219i f\u0103r\u0103 efort chiar \u0219i ghea\u021ba tare de la geamurile ma\u0219inii. Dac\u0103 EDI 4 este \u00een modul de a\u0219teptare, ap\u0103sa\u021bi u\u0219or deasupra, astfel \u00eenc\u00e2t discul de unitate s\u0103 \u00eenceap\u0103 s\u0103 se roteasc\u0103 \u0219i ghea\u021ba s\u0103 dispar\u0103, ca prin magie. Dac\u0103 lamele sunt purtate, discul deta\u0219abil poate fi \u00eenlocuit f\u0103r\u0103 niciun instrument (discul este disponibil ca pies\u0103 de rezerv\u0103). Designul modern \u0219i compact al racletei de ghea\u021b\u0103, precum \u0219i capacul de protec\u021bie faciliteaz\u0103 manipularea \u0219i depozitarea. O \u00eenc\u0103rcare a bateriei este suficient\u0103 pentru mai multe aplica\u021bii. LED-ul \u00eencorporat clipe\u0219te atunci c\u00e2nd dispozitivul trebuie \u00eenc\u0103rcat.<br \/>\nBaterie Baterie Li-ion<br \/>\nDurata de via\u021b\u0103 a bateriei (min) 15<br \/>\nTimp de \u00eenc\u0103rcare a bateriei (h) 3<br \/>\nDiametru disc (mm): 100<br \/>\nViteza discului (r \/ min) 500<br \/>\nGreutate (f\u0103r\u0103 accesorii) (kg) 0,55<br \/>\nGreutate (cu ambalaj) (kg) 0,859<br \/>\nDimensiuni (L \u00d7 L \u00d7 H) (mm) 133 x 124 x 110<\/p>","protected":false},"excerpt":{"rendered":"<p>R\u0103zuitorul de ghea\u021b\u0103 al bateriei EDI 4 a pus \u00een sf\u00e2r\u0219it sarcina dificil\u0103 de a raza treptat ghea\u021ba. Datorit\u0103 discului rotativ \u0219i a \u0219ase lame durabile din plastic, r\u0103zuitorul \u00eendep\u0103rteaz\u0103 u\u0219or \u0219i f\u0103r\u0103 efort chiar \u0219i ghea\u021ba tare de la geamurile ma\u0219inii. Dac\u0103 EDI 4 este \u00een modul de a\u0219teptare, ap\u0103sa\u021bi u\u0219or deasupra, astfel \u00eenc\u00e2t discul de unitate s\u0103 \u00eenceap\u0103 s\u0103 se roteasc\u0103 \u0219i ghea\u021ba s\u0103 dispar\u0103, ca prin magie. Dac\u0103 lamele sunt purtate, discul deta\u0219abil poate fi \u00eenlocuit f\u0103r\u0103 niciun instrument (discul este disponibil ca pies\u0103 de rezerv\u0103). Designul modern \u0219i compact al racletei de ghea\u021b\u0103, precum \u0219i capacul de protec\u021bie faciliteaz\u0103 manipularea \u0219i depozitarea. O \u00eenc\u0103rcare a bateriei este suficient\u0103 pentru mai multe aplica\u021bii. LED-ul \u00eencorporat clipe\u0219te atunci c\u00e2nd dispozitivul trebuie \u00eenc\u0103rcat.<br \/>\nBaterie Baterie Li-ion<br \/>\nDurata de via\u021b\u0103 a bateriei (min) 15<br \/>\nTimp de \u00eenc\u0103rcare a bateriei (h) 3<br \/>\nDiametru disc (mm): 100<br \/>\nViteza discului (r \/ min) 500<br \/>\nGreutate (f\u0103r\u0103 accesorii) (kg) 0,55<br \/>\nGreutate (cu ambalaj) (kg) 0,859<br \/>\nDimensiuni (L \u00d7 L \u00d7 H) (mm) 133 x 124 x 110<\/p>","protected":false},"featured_media":65617,"template":"","meta":{"_acf_changed":false},"product_brand":[],"product_cat":[8662],"product_tag":[],"class_list":{"0":"post-65584","1":"product","2":"type-product","3":"status-publish","4":"has-post-thumbnail","6":"product_cat-accesorii-aparat-de-spalat-cu-presiune","8":"first","9":"instock","10":"shipping-taxable","11":"purchasable","12":"product-type-simple"},"acf":[],"_links":{"self":[{"href":"https:\/\/tehnomag.md\/ru\/wp-json\/wp\/v2\/product\/65584","targetHints":{"allow":["GET"]}}],"collection":[{"href":"https:\/\/tehnomag.md\/ru\/wp-json\/wp\/v2\/product"}],"about":[{"href":"https:\/\/tehnomag.md\/ru\/wp-json\/wp\/v2\/types\/product"}],"wp:featuredmedia":[{"embeddable":true,"href":"https:\/\/tehnomag.md\/ru\/wp-json\/wp\/v2\/media\/65617"}],"wp:attachment":[{"href":"https:\/\/tehnomag.md\/ru\/wp-json\/wp\/v2\/media?parent=65584"}],"wp:term":[{"taxonomy":"product_brand","embeddable":true,"href":"https:\/\/tehnomag.md\/ru\/wp-json\/wp\/v2\/product_brand?post=65584"},{"taxonomy":"product_cat","embeddable":true,"href":"https:\/\/tehnomag.md\/ru\/wp-json\/wp\/v2\/product_cat?post=65584"},{"taxonomy":"product_tag","embeddable":true,"href":"https:\/\/tehnomag.md\/ru\/wp-json\/wp\/v2\/product_tag?post=65584"}],"curies":[{"name":"wp","href":"https:\/\/api.w.org\/{rel}","templated":true}]}}