{"id":65583,"date":"2025-06-24T10:08:51","date_gmt":"2025-06-24T10:08:51","guid":{"rendered":"https:\/\/tehnomag.md\/?post_type=product&#038;p=65583"},"modified":"2025-07-19T08:16:20","modified_gmt":"2025-07-19T08:16:20","slug":"curatator-de-geamuri-1-633-203-0-karcher-wv-1-plus","status":"publish","type":"product","link":"https:\/\/tehnomag.md\/ru\/catalog\/produse-auto\/spalatorii-auto\/accesorii-aparat-de-spalat-cu-presiune\/curatator-de-geamuri-1-633-203-0-karcher-wv-1-plus\/","title":{"rendered":"Curatator de geamuri. 1.633-203.0 KARCHER WV 1 Plus"},"content":{"rendered":"<p>WV 1 Plus de la K\u00e4rcher asigur\u0103 ferestre curate, f\u0103r\u0103 urme \u0219i economise\u0219te mult timp \u0219i efort. Combina\u021bia inteligent\u0103 dintre o sticl\u0103 de pulverizare \u0219i un \u0219terg\u0103tor de parbriz garanteaz\u0103 o cur\u0103\u021bare extrem de eficient\u0103. Aspir\u0103 apa murdar\u0103, dup\u0103 care nu r\u0103m\u00e2n pete sau dungi pe sticl\u0103. \u00cen compara\u021bie cu metodele tradi\u021bionale de cur\u0103\u021bare manual\u0103, totul este vizibil mai simplu \u0219i de trei ori mai rapid dec\u00e2t \u00eenainte. Func\u021bionarea convenabil\u0103 a bateriei \u0219i designul compact al dispozitivului garanteaz\u0103 flexibilitate maxim\u0103 la cur\u0103\u021barea tuturor suprafe\u021belor netede din cas\u0103. \u00cencearc\u0103 \u0219i vezi singur!<\/p>","protected":false},"excerpt":{"rendered":"<p>WV 1 Plus de la K\u00e4rcher asigur\u0103 ferestre curate, f\u0103r\u0103 urme \u0219i economise\u0219te mult timp \u0219i efort. Combina\u021bia inteligent\u0103 dintre o sticl\u0103 de pulverizare \u0219i un \u0219terg\u0103tor de parbriz garanteaz\u0103 o cur\u0103\u021bare extrem de eficient\u0103. Aspir\u0103 apa murdar\u0103, dup\u0103 care nu r\u0103m\u00e2n pete sau dungi pe sticl\u0103. \u00cen compara\u021bie cu metodele tradi\u021bionale de cur\u0103\u021bare manual\u0103, totul este vizibil mai simplu \u0219i de trei ori mai rapid dec\u00e2t \u00eenainte. Func\u021bionarea convenabil\u0103 a bateriei \u0219i designul compact al dispozitivului garanteaz\u0103 flexibilitate maxim\u0103 la cur\u0103\u021barea tuturor suprafe\u021belor netede din cas\u0103. \u00cencearc\u0103 \u0219i vezi singur!<\/p>","protected":false},"featured_media":65616,"template":"","meta":{"_acf_changed":false},"product_brand":[],"product_cat":[8662],"product_tag":[],"class_list":{"0":"post-65583","1":"product","2":"type-product","3":"status-publish","4":"has-post-thumbnail","6":"product_cat-accesorii-aparat-de-spalat-cu-presiune","8":"first","9":"instock","10":"shipping-taxable","11":"purchasable","12":"product-type-simple"},"acf":[],"_links":{"self":[{"href":"https:\/\/tehnomag.md\/ru\/wp-json\/wp\/v2\/product\/65583","targetHints":{"allow":["GET"]}}],"collection":[{"href":"https:\/\/tehnomag.md\/ru\/wp-json\/wp\/v2\/product"}],"about":[{"href":"https:\/\/tehnomag.md\/ru\/wp-json\/wp\/v2\/types\/product"}],"wp:featuredmedia":[{"embeddable":true,"href":"https:\/\/tehnomag.md\/ru\/wp-json\/wp\/v2\/media\/65616"}],"wp:attachment":[{"href":"https:\/\/tehnomag.md\/ru\/wp-json\/wp\/v2\/media?parent=65583"}],"wp:term":[{"taxonomy":"product_brand","embeddable":true,"href":"https:\/\/tehnomag.md\/ru\/wp-json\/wp\/v2\/product_brand?post=65583"},{"taxonomy":"product_cat","embeddable":true,"href":"https:\/\/tehnomag.md\/ru\/wp-json\/wp\/v2\/product_cat?post=65583"},{"taxonomy":"product_tag","embeddable":true,"href":"https:\/\/tehnomag.md\/ru\/wp-json\/wp\/v2\/product_tag?post=65583"}],"curies":[{"name":"wp","href":"https:\/\/api.w.org\/{rel}","templated":true}]}}