{"id":65582,"date":"2025-06-24T10:08:51","date_gmt":"2025-06-24T10:08:51","guid":{"rendered":"https:\/\/tehnomag.md\/?post_type=product&#038;p=65582"},"modified":"2025-07-19T08:16:19","modified_gmt":"2025-07-19T08:16:19","slug":"masina-de-tuns-cu-acumulator-karcher-hge-18-50-battery-set-karcher-1-444-241-0","status":"publish","type":"product","link":"https:\/\/tehnomag.md\/ru\/catalog\/gradinarit\/instrumente-pentru-gradina\/masini-agricole\/masina-de-tuns-cu-acumulator-karcher-hge-18-50-battery-set-karcher-1-444-241-0\/","title":{"rendered":"Ma\u0219ina de tuns cu acumulator KARCHER HGE 18-50 Battery Set KARCHER 1.444-241.0"},"content":{"rendered":"<p>Nu v\u0103 mai obosi\u021bi umerii \u0219i bra\u021bele \u00een timpul lucrului: datorit\u0103 m\u00e2nerului rotativ la 180\u00b0, tunsul gard viu cu baterie HGE 18-50 asigur\u0103 \u00eentotdeauna o pozi\u021bie confortabil\u0103 de lucru, de exemplu atunci c\u00e2nd face\u021bi t\u0103ieturi verticale. \u00cen plus, ma\u0219ina de tuns gard viu f\u0103r\u0103 fir are o serie de func\u021bii practice. Un lan\u021b de siguran\u021b\u0103 cu dou\u0103 m\u00e2ini \u00eempiedic\u0103 pornirea accidental\u0103 a dispozitivului. Func\u021bia de fer\u0103str\u0103u v\u0103 permite s\u0103 t\u0103ia\u021bi ramuri mai groase dintr-o singur\u0103 mi\u0219care. Sistemul de fr\u00e2nare antiblocare asigur\u0103 o func\u021bionare lin\u0103. \u0218i m\u0103turatorul montat m\u0103tur\u0103 a\u0219chii care altfel ar ateriza pe gard chiar de-a lungul solului. Lama de pe ma\u0219ina de tuns gard viu este \u0219lefuit\u0103 cu diamant \u0219i, prin urmare, ofer\u0103 rezultate precise de t\u0103iere. Protec\u021bia suplimentar\u0103 a lamei cu un ochi de ridicare \u00eencorporat protejeaz\u0103 cl\u0103dirile, podelele \u0219i cu\u021bitul \u00een sine de deteriorare &#8211; \u0219i v\u0103 permite s\u0103 at\u00e2rna\u021bi dispozitivul pe perete pentru a economisi spa\u021biu. O baterie \u0219i un \u00eenc\u0103rc\u0103tor rapid sunt incluse \u00een pachet.<\/p>\n<p>Specifica\u021bii<br \/>\nLungimea cu\u021bitului (cm) -50<br \/>\nDistan\u021ba dintre din\u021bi (mm) -22<br \/>\nRegulator de vitez\u0103 de rota\u021bie &#8211; nr<br \/>\nFrecven\u021ba de mi\u0219care a lamei (\u00een\u0103l\u021bimea de t\u0103iere \/ min) &#8211; 2700<br \/>\nTip de cu\u021bit: \u0219tan\u021bat, ascu\u021bit cu diamant<br \/>\nPlatforma bateriei<br \/>\nPlatform\u0103 baterie 18 V<br \/>\nTensiune (V) -18<br \/>\nCapacitate (Ah) -2,5<br \/>\nTip baterie: baterie Li-ion<br \/>\nTimp de func\u021bionare de la 1 \u00eenc\u0103rcare (min) (m)<br \/>\nMax. 325 (2,5 Ah) \/ max. 650 (5,0 Ah)<br \/>\nTimp de func\u021bionare cu o \u00eenc\u0103rcare a bateriei (min)<br \/>\nMax. 40 (2,5 Ah) \/ max. 80 (5,0 Ah)<br \/>\nTimp de \u00eenc\u0103rcare a bateriei (min) -44 \/ 83<br \/>\nPutere de ie\u0219ire (A) -2,5<br \/>\nsursa de alimentare pentru incarcator (V\/Hz)<br \/>\n100 \u2013 240 \/ 50 \u2013 60<br \/>\nlungime cablu \u00eenc\u0103rc\u0103tor (m)-1,5<br \/>\nGreutate fara accesorii (kg) -2,85<br \/>\nGreutate incl. ambalaj (kg) -6,56<br \/>\nDimensiuni (L x l x H) (mm)<br \/>\n970 x 213 x 188<br \/>\n&#8211;<br \/>\n* \u00cen\u0103l\u021bimea arbustului: 1 m, t\u0103iere unilateral\u0103<br \/>\nEchipamente<\/p>\n<p>M\u00e2ner, rotativ<br \/>\nFunc\u021bia de t\u0103iere<br \/>\nProtec\u021bia controlului<br \/>\nProtec\u021bia lamei<br \/>\nC\u00e2rlig de depozitare<br \/>\nEliminator de frunze<\/p>","protected":false},"excerpt":{"rendered":"<p>Nu v\u0103 mai obosi\u021bi umerii \u0219i bra\u021bele \u00een timpul lucrului: datorit\u0103 m\u00e2nerului rotativ la 180\u00b0, tunsul gard viu cu baterie HGE 18-50 asigur\u0103 \u00eentotdeauna o pozi\u021bie confortabil\u0103 de lucru, de exemplu atunci c\u00e2nd face\u021bi t\u0103ieturi verticale. \u00cen plus, ma\u0219ina de tuns gard viu f\u0103r\u0103 fir are o serie de func\u021bii practice. Un lan\u021b de siguran\u021b\u0103 cu dou\u0103 m\u00e2ini \u00eempiedic\u0103 pornirea accidental\u0103 a dispozitivului. Func\u021bia de fer\u0103str\u0103u v\u0103 permite s\u0103 t\u0103ia\u021bi ramuri mai groase dintr-o singur\u0103 mi\u0219care. Sistemul de fr\u00e2nare antiblocare asigur\u0103 o func\u021bionare lin\u0103. \u0218i m\u0103turatorul montat m\u0103tur\u0103 a\u0219chii care altfel ar ateriza pe gard chiar de-a lungul solului. Lama de pe ma\u0219ina de tuns gard viu este \u0219lefuit\u0103 cu diamant \u0219i, prin urmare, ofer\u0103 rezultate precise de t\u0103iere. Protec\u021bia suplimentar\u0103 a lamei cu un ochi de ridicare \u00eencorporat protejeaz\u0103 cl\u0103dirile, podelele \u0219i cu\u021bitul \u00een sine de deteriorare &#8211; \u0219i v\u0103 permite s\u0103 at\u00e2rna\u021bi dispozitivul pe perete pentru a economisi spa\u021biu. O baterie \u0219i un \u00eenc\u0103rc\u0103tor rapid sunt incluse \u00een pachet.<\/p>\n<p>Specifica\u021bii<br \/>\nLungimea cu\u021bitului (cm) -50<br \/>\nDistan\u021ba dintre din\u021bi (mm) -22<br \/>\nRegulator de vitez\u0103 de rota\u021bie &#8211; nr<br \/>\nFrecven\u021ba de mi\u0219care a lamei (\u00een\u0103l\u021bimea de t\u0103iere \/ min) &#8211; 2700<br \/>\nTip de cu\u021bit: \u0219tan\u021bat, ascu\u021bit cu diamant<br \/>\nPlatforma bateriei<br \/>\nPlatform\u0103 baterie 18 V<br \/>\nTensiune (V) -18<br \/>\nCapacitate (Ah) -2,5<br \/>\nTip baterie: baterie Li-ion<br \/>\nTimp de func\u021bionare de la 1 \u00eenc\u0103rcare (min) (m)<br \/>\nMax. 325 (2,5 Ah) \/ max. 650 (5,0 Ah)<br \/>\nTimp de func\u021bionare cu o \u00eenc\u0103rcare a bateriei (min)<br \/>\nMax. 40 (2,5 Ah) \/ max. 80 (5,0 Ah)<br \/>\nTimp de \u00eenc\u0103rcare a bateriei (min) -44 \/ 83<br \/>\nPutere de ie\u0219ire (A) -2,5<br \/>\nsursa de alimentare pentru incarcator (V\/Hz)<br \/>\n100 \u2013 240 \/ 50 \u2013 60<br \/>\nlungime cablu \u00eenc\u0103rc\u0103tor (m)-1,5<br \/>\nGreutate fara accesorii (kg) -2,85<br \/>\nGreutate incl. ambalaj (kg) -6,56<br \/>\nDimensiuni (L x l x H) (mm)<br \/>\n970 x 213 x 188<br \/>\n&#8211;<br \/>\n* \u00cen\u0103l\u021bimea arbustului: 1 m, t\u0103iere unilateral\u0103<br \/>\nEchipamente<\/p>\n<p>M\u00e2ner, rotativ<br \/>\nFunc\u021bia de t\u0103iere<br \/>\nProtec\u021bia controlului<br \/>\nProtec\u021bia lamei<br \/>\nC\u00e2rlig de depozitare<br \/>\nEliminator de frunze<\/p>","protected":false},"featured_media":65614,"template":"","meta":{"_acf_changed":false},"product_brand":[],"product_cat":[8656],"product_tag":[],"class_list":{"0":"post-65582","1":"product","2":"type-product","3":"status-publish","4":"has-post-thumbnail","6":"product_cat-masini-agricole","8":"first","9":"instock","10":"shipping-taxable","11":"purchasable","12":"product-type-simple"},"acf":[],"_links":{"self":[{"href":"https:\/\/tehnomag.md\/ru\/wp-json\/wp\/v2\/product\/65582","targetHints":{"allow":["GET"]}}],"collection":[{"href":"https:\/\/tehnomag.md\/ru\/wp-json\/wp\/v2\/product"}],"about":[{"href":"https:\/\/tehnomag.md\/ru\/wp-json\/wp\/v2\/types\/product"}],"wp:featuredmedia":[{"embeddable":true,"href":"https:\/\/tehnomag.md\/ru\/wp-json\/wp\/v2\/media\/65614"}],"wp:attachment":[{"href":"https:\/\/tehnomag.md\/ru\/wp-json\/wp\/v2\/media?parent=65582"}],"wp:term":[{"taxonomy":"product_brand","embeddable":true,"href":"https:\/\/tehnomag.md\/ru\/wp-json\/wp\/v2\/product_brand?post=65582"},{"taxonomy":"product_cat","embeddable":true,"href":"https:\/\/tehnomag.md\/ru\/wp-json\/wp\/v2\/product_cat?post=65582"},{"taxonomy":"product_tag","embeddable":true,"href":"https:\/\/tehnomag.md\/ru\/wp-json\/wp\/v2\/product_tag?post=65582"}],"curies":[{"name":"wp","href":"https:\/\/api.w.org\/{rel}","templated":true}]}}