{"id":65581,"date":"2025-06-24T10:08:51","date_gmt":"2025-06-24T10:08:51","guid":{"rendered":"https:\/\/tehnomag.md\/?post_type=product&#038;p=65581"},"modified":"2025-07-19T08:16:19","modified_gmt":"2025-07-19T08:16:19","slug":"masina-de-tuns-cu-acumulator-karcher-hge-18-45-battery-set1-444-231-0","status":"publish","type":"product","link":"https:\/\/tehnomag.md\/ru\/catalog\/gradinarit\/instrumente-pentru-gradina\/masini-agricole\/masina-de-tuns-cu-acumulator-karcher-hge-18-45-battery-set1-444-231-0\/","title":{"rendered":"Ma\u0219ina de tuns cu acumulator KARCHER HGE 18-45 Battery Set(1.444-231.0)"},"content":{"rendered":"<p>Ma\u0219ina de tuns gard viu alimentat cu baterie HGE 18-45 este complet u\u0219oar\u0103, permi\u021b\u00e2nd lucrul u\u0219or f\u0103r\u0103 oboseala umerilor \u0219i bra\u021belor. M\u00e2nerul ergonomic \u00eel face confortabil \u0219i sigur de utilizat. Lama \u0219lefuit\u0103 cu diamant asigur\u0103 rezultate de t\u0103iere precise. \u00cen plus, o bucl\u0103 de siguran\u021b\u0103 \u00een dou\u0103 sensuri \u00eempiedic\u0103 lansarea accidental\u0103 a ma\u0219inii de tuns gard viu f\u0103r\u0103 fir. Sunt incluse o baterie \u0219i un \u00eenc\u0103rc\u0103tor.<\/p>\n<p>Specifica\u021bii<\/p>\n<p>Lungimea cu\u021bitului (cm) -45<br \/>\nDistan\u021ba dintre din\u021bi (mm) -18<br \/>\nRegulator de vitez\u0103 de rota\u021bie &#8211; nr<br \/>\nFrecven\u021ba de mi\u0219care a lamei (\u00een\u0103l\u021bimea de t\u0103iere \/ min) &#8211; 2700<br \/>\nTip de cu\u021bit: \u0219tan\u021bat, ascu\u021bit cu diamant<br \/>\nPlatform\u0103 baterie &#8211; platform\u0103 baterie 18 V<br \/>\nTensiune (V) -18<br \/>\nCapacitate (Ah) -2,5<br \/>\nTip baterie<br \/>\nbaterie Li-ion<br \/>\nTimp de func\u021bionare de la 1 \u00eenc\u0103rcare (min) (m)<br \/>\nMax. 250 (2,5 Ah) \/ max. 500 (5,0 Ah)<br \/>\nTimp de func\u021bionare cu o \u00eenc\u0103rcare a bateriei (min)<br \/>\nMax. 35 (2,5 Ah) \/ max. 70 (5,0 Ah)<br \/>\nTimp de \u00eenc\u0103rcare cu \u00eenc\u0103rc\u0103tor standard (h)5<br \/>\nPutere de ie\u0219ire (A)0,5<br \/>\nalimentare pentru \u00eenc\u0103rc\u0103tor (V\/Hz)100 \u2013 240 \/ 50 \u2013 60<br \/>\nGreutate fara accesorii (kg)2,5<br \/>\nGreutate incl. ambalaj (kg)5<br \/>\nDimensiuni (L x l x H) (mm)<br \/>\n895 x 243 x 171<\/p>","protected":false},"excerpt":{"rendered":"<p>Ma\u0219ina de tuns gard viu alimentat cu baterie HGE 18-45 este complet u\u0219oar\u0103, permi\u021b\u00e2nd lucrul u\u0219or f\u0103r\u0103 oboseala umerilor \u0219i bra\u021belor. M\u00e2nerul ergonomic \u00eel face confortabil \u0219i sigur de utilizat. Lama \u0219lefuit\u0103 cu diamant asigur\u0103 rezultate de t\u0103iere precise. \u00cen plus, o bucl\u0103 de siguran\u021b\u0103 \u00een dou\u0103 sensuri \u00eempiedic\u0103 lansarea accidental\u0103 a ma\u0219inii de tuns gard viu f\u0103r\u0103 fir. Sunt incluse o baterie \u0219i un \u00eenc\u0103rc\u0103tor.<\/p>\n<p>Specifica\u021bii<\/p>\n<p>Lungimea cu\u021bitului (cm) -45<br \/>\nDistan\u021ba dintre din\u021bi (mm) -18<br \/>\nRegulator de vitez\u0103 de rota\u021bie &#8211; nr<br \/>\nFrecven\u021ba de mi\u0219care a lamei (\u00een\u0103l\u021bimea de t\u0103iere \/ min) &#8211; 2700<br \/>\nTip de cu\u021bit: \u0219tan\u021bat, ascu\u021bit cu diamant<br \/>\nPlatform\u0103 baterie &#8211; platform\u0103 baterie 18 V<br \/>\nTensiune (V) -18<br \/>\nCapacitate (Ah) -2,5<br \/>\nTip baterie<br \/>\nbaterie Li-ion<br \/>\nTimp de func\u021bionare de la 1 \u00eenc\u0103rcare (min) (m)<br \/>\nMax. 250 (2,5 Ah) \/ max. 500 (5,0 Ah)<br \/>\nTimp de func\u021bionare cu o \u00eenc\u0103rcare a bateriei (min)<br \/>\nMax. 35 (2,5 Ah) \/ max. 70 (5,0 Ah)<br \/>\nTimp de \u00eenc\u0103rcare cu \u00eenc\u0103rc\u0103tor standard (h)5<br \/>\nPutere de ie\u0219ire (A)0,5<br \/>\nalimentare pentru \u00eenc\u0103rc\u0103tor (V\/Hz)100 \u2013 240 \/ 50 \u2013 60<br \/>\nGreutate fara accesorii (kg)2,5<br \/>\nGreutate incl. ambalaj (kg)5<br \/>\nDimensiuni (L x l x H) (mm)<br \/>\n895 x 243 x 171<\/p>","protected":false},"featured_media":65613,"template":"","meta":{"_acf_changed":false},"product_brand":[],"product_cat":[8656],"product_tag":[],"class_list":{"0":"post-65581","1":"product","2":"type-product","3":"status-publish","4":"has-post-thumbnail","6":"product_cat-masini-agricole","8":"first","9":"instock","10":"shipping-taxable","11":"purchasable","12":"product-type-simple"},"acf":[],"_links":{"self":[{"href":"https:\/\/tehnomag.md\/ru\/wp-json\/wp\/v2\/product\/65581","targetHints":{"allow":["GET"]}}],"collection":[{"href":"https:\/\/tehnomag.md\/ru\/wp-json\/wp\/v2\/product"}],"about":[{"href":"https:\/\/tehnomag.md\/ru\/wp-json\/wp\/v2\/types\/product"}],"wp:featuredmedia":[{"embeddable":true,"href":"https:\/\/tehnomag.md\/ru\/wp-json\/wp\/v2\/media\/65613"}],"wp:attachment":[{"href":"https:\/\/tehnomag.md\/ru\/wp-json\/wp\/v2\/media?parent=65581"}],"wp:term":[{"taxonomy":"product_brand","embeddable":true,"href":"https:\/\/tehnomag.md\/ru\/wp-json\/wp\/v2\/product_brand?post=65581"},{"taxonomy":"product_cat","embeddable":true,"href":"https:\/\/tehnomag.md\/ru\/wp-json\/wp\/v2\/product_cat?post=65581"},{"taxonomy":"product_tag","embeddable":true,"href":"https:\/\/tehnomag.md\/ru\/wp-json\/wp\/v2\/product_tag?post=65581"}],"curies":[{"name":"wp","href":"https:\/\/api.w.org\/{rel}","templated":true}]}}