{"id":65580,"date":"2025-06-24T10:08:51","date_gmt":"2025-06-24T10:08:51","guid":{"rendered":"https:\/\/tehnomag.md\/?post_type=product&#038;p=65580"},"modified":"2025-07-19T08:16:19","modified_gmt":"2025-07-19T08:16:19","slug":"masina-de-tuns-cu-acumulator-karcher-hge-18-45-battery-karcher-1-444-230-0","status":"publish","type":"product","link":"https:\/\/tehnomag.md\/ru\/catalog\/gradinarit\/instrumente-pentru-gradina\/masini-agricole\/masina-de-tuns-cu-acumulator-karcher-hge-18-45-battery-karcher-1-444-230-0\/","title":{"rendered":"Ma\u0219ina de tuns cu acumulator KARCHER HGE 18-45 Battery KARCHER 1.444-230.0"},"content":{"rendered":"<p>Datorit\u0103 greut\u0103\u021bii sale reduse, ma\u0219ina de tuns gard viu f\u0103r\u0103 fir HGE 18-45 Battery v\u0103 permite s\u0103 lucra\u021bi f\u0103r\u0103 a solicita o presiune excesiv\u0103 asupra bra\u021belor \u0219i umerilor. Lama sa \u0219lefuit\u0103 cu diamant asigur\u0103 o t\u0103iere curat\u0103, iar m\u00e2nerul cu form\u0103 ergonomic\u0103 \u00eel face u\u0219or \u0219i sigur de manevrat. Siguran\u021ba este sporit\u0103 \u0219i de sistemul de comand\u0103 cu dou\u0103 m\u00e2ini, care previne activarea neinten\u021bionat\u0103 a sculei. Se livreaza fara baterie si incarcator.<\/p>\n<p>Specifica\u021bii<\/p>\n<p>Lungimea cu\u021bitului (cm) 45<br \/>\nDistan\u021ba dintre din\u021bi (mm) 18<br \/>\nRegulator de vitez\u0103 de rota\u021bie &#8211; nr<br \/>\nViteza lamei (Inaltime de taiere\/min) 2700<br \/>\nTip de cu\u021bit: \u0219tan\u021bat, ascu\u021bit cu diamant<br \/>\nPlatform\u0103 baterie Platform\u0103 baterie 18 V<br \/>\nTensiune (V) 18<br \/>\nTimp de func\u021bionare de la 1 \u00eenc\u0103rcare (min) (m)<br \/>\nMax. 250 (2,5 Ah) \/ max. 500 (5,0 Ah)<br \/>\nTimp de func\u021bionare cu o \u00eenc\u0103rcare a bateriei (min)<br \/>\nMax. 35 (2,5 Ah) \/ max. 70 (5,0 Ah)<br \/>\nGreutate fara accesorii (kg) 2,5<br \/>\nGreutate incl. ambalaj (kg) 4<br \/>\nDimensiuni (L x L x A) (mm) 895 x 243 x 171<\/p>","protected":false},"excerpt":{"rendered":"<p>Datorit\u0103 greut\u0103\u021bii sale reduse, ma\u0219ina de tuns gard viu f\u0103r\u0103 fir HGE 18-45 Battery v\u0103 permite s\u0103 lucra\u021bi f\u0103r\u0103 a solicita o presiune excesiv\u0103 asupra bra\u021belor \u0219i umerilor. Lama sa \u0219lefuit\u0103 cu diamant asigur\u0103 o t\u0103iere curat\u0103, iar m\u00e2nerul cu form\u0103 ergonomic\u0103 \u00eel face u\u0219or \u0219i sigur de manevrat. Siguran\u021ba este sporit\u0103 \u0219i de sistemul de comand\u0103 cu dou\u0103 m\u00e2ini, care previne activarea neinten\u021bionat\u0103 a sculei. Se livreaza fara baterie si incarcator.<\/p>\n<p>Specifica\u021bii<\/p>\n<p>Lungimea cu\u021bitului (cm) 45<br \/>\nDistan\u021ba dintre din\u021bi (mm) 18<br \/>\nRegulator de vitez\u0103 de rota\u021bie &#8211; nr<br \/>\nViteza lamei (Inaltime de taiere\/min) 2700<br \/>\nTip de cu\u021bit: \u0219tan\u021bat, ascu\u021bit cu diamant<br \/>\nPlatform\u0103 baterie Platform\u0103 baterie 18 V<br \/>\nTensiune (V) 18<br \/>\nTimp de func\u021bionare de la 1 \u00eenc\u0103rcare (min) (m)<br \/>\nMax. 250 (2,5 Ah) \/ max. 500 (5,0 Ah)<br \/>\nTimp de func\u021bionare cu o \u00eenc\u0103rcare a bateriei (min)<br \/>\nMax. 35 (2,5 Ah) \/ max. 70 (5,0 Ah)<br \/>\nGreutate fara accesorii (kg) 2,5<br \/>\nGreutate incl. ambalaj (kg) 4<br \/>\nDimensiuni (L x L x A) (mm) 895 x 243 x 171<\/p>","protected":false},"featured_media":65612,"template":"","meta":{"_acf_changed":false},"product_brand":[],"product_cat":[8656],"product_tag":[],"class_list":{"0":"post-65580","1":"product","2":"type-product","3":"status-publish","4":"has-post-thumbnail","6":"product_cat-masini-agricole","8":"first","9":"instock","10":"shipping-taxable","11":"purchasable","12":"product-type-simple"},"acf":[],"_links":{"self":[{"href":"https:\/\/tehnomag.md\/ru\/wp-json\/wp\/v2\/product\/65580","targetHints":{"allow":["GET"]}}],"collection":[{"href":"https:\/\/tehnomag.md\/ru\/wp-json\/wp\/v2\/product"}],"about":[{"href":"https:\/\/tehnomag.md\/ru\/wp-json\/wp\/v2\/types\/product"}],"wp:featuredmedia":[{"embeddable":true,"href":"https:\/\/tehnomag.md\/ru\/wp-json\/wp\/v2\/media\/65612"}],"wp:attachment":[{"href":"https:\/\/tehnomag.md\/ru\/wp-json\/wp\/v2\/media?parent=65580"}],"wp:term":[{"taxonomy":"product_brand","embeddable":true,"href":"https:\/\/tehnomag.md\/ru\/wp-json\/wp\/v2\/product_brand?post=65580"},{"taxonomy":"product_cat","embeddable":true,"href":"https:\/\/tehnomag.md\/ru\/wp-json\/wp\/v2\/product_cat?post=65580"},{"taxonomy":"product_tag","embeddable":true,"href":"https:\/\/tehnomag.md\/ru\/wp-json\/wp\/v2\/product_tag?post=65580"}],"curies":[{"name":"wp","href":"https:\/\/api.w.org\/{rel}","templated":true}]}}