{"id":65579,"date":"2025-06-24T10:08:51","date_gmt":"2025-06-24T10:08:51","guid":{"rendered":"https:\/\/tehnomag.md\/?post_type=product&#038;p=65579"},"modified":"2025-07-19T08:16:19","modified_gmt":"2025-07-19T08:16:19","slug":"masina-de-tuns-cu-acumulator-karcher-hge-18-50-battery1-444-240-0","status":"publish","type":"product","link":"https:\/\/tehnomag.md\/ru\/catalog\/gradinarit\/instrumente-pentru-gradina\/masini-agricole\/masina-de-tuns-cu-acumulator-karcher-hge-18-50-battery1-444-240-0\/","title":{"rendered":"Ma\u0219ina de tuns cu acumulator KARCHER HGE 18-50 Battery(1.444-240.0)"},"content":{"rendered":"<p>Ma\u0219ina de tuns gard viu f\u0103r\u0103 fir HGE 18-50 Battery ofer\u0103 cea mai confortabil\u0103 t\u0103iere a tufi\u0219urilor \u0219i a gardurilor vii. Pentru a face acest lucru, este echipat cu un m\u00e2ner care se rote\u0219te la 180 \u00b0, permi\u021b\u00e2ndu-v\u0103 s\u0103 efectua\u021bi lucr\u0103ri \u00een diferite pozi\u021bii (de exemplu, t\u0103iere vertical\u0103) f\u0103r\u0103 oboseal\u0103. \u00cen acela\u0219i timp, o duz\u0103 instalat\u0103 pe unealta pentru \u00eendep\u0103rtarea frunzelor t\u0103iate, arunc\u00e2nd tunsoarele la p\u0103m\u00e2nt, le \u00eempiedic\u0103 s\u0103 contamineze coroana tufi\u0219ului. Cu\u021bitul pentru periere este echipat cu lame ascu\u021bite cu diamant, garant\u00e2nd o t\u0103ietur\u0103 absolut curat\u0103. Elementul de protec\u021bie de la cap\u0103tul cu\u021bitului, echipat cu o gaur\u0103 pentru ag\u0103\u021barea convenabil\u0103 a instrumentului pe perete, protejeaz\u0103 cl\u0103dirile, podelele \u0219i lamele \u00een sine de deteriorare. O alt\u0103 caracteristic\u0103 a ma\u0219inii de tuns gard viu f\u0103r\u0103 fir este func\u021bia de t\u0103iere, care v\u0103 permite s\u0103 t\u0103ia\u021bi f\u0103r\u0103 probleme chiar \u0219i ramuri destul de groase. Se livreaza fara baterie si incarcator.<\/p>\n<p>Specifica\u021bii<br \/>\nLungimea cu\u021bitului (cm) -50<\/p>\n<p>Distan\u021ba dintre din\u021bi (mm) -22<br \/>\nRegulator de vitez\u0103 de rota\u021bie &#8211; nr<br \/>\nFrecven\u021ba de mi\u0219care a lamei (\u00een\u0103l\u021bimea de t\u0103iere \/ min) &#8211; 2700<br \/>\nTip de cu\u021bit: \u0219tan\u021bat, ascu\u021bit cu diamant<br \/>\nPlatform\u0103 baterie &#8211; platform\u0103 baterie 18 V<br \/>\nTensiune (V) -18<br \/>\nTimp de func\u021bionare de la 1 \u00eenc\u0103rcare (min) (m)<br \/>\nMax. 325 (2,5 Ah) \/ max. 650 (5,0 Ah)<br \/>\nTimp de func\u021bionare cu o \u00eenc\u0103rcare a bateriei (min)<br \/>\nMax. 40 (2,5 Ah) \/ max. 80 (5,0 Ah)<br \/>\nGreutate fara accesorii (kg) -2,85<br \/>\nGreutate incl. ambalaj (kg) -4,52<br \/>\nDimensiuni (L x l x H) (mm)<br \/>\n970 x 213 x 188<\/p>","protected":false},"excerpt":{"rendered":"<p>Ma\u0219ina de tuns gard viu f\u0103r\u0103 fir HGE 18-50 Battery ofer\u0103 cea mai confortabil\u0103 t\u0103iere a tufi\u0219urilor \u0219i a gardurilor vii. Pentru a face acest lucru, este echipat cu un m\u00e2ner care se rote\u0219te la 180 \u00b0, permi\u021b\u00e2ndu-v\u0103 s\u0103 efectua\u021bi lucr\u0103ri \u00een diferite pozi\u021bii (de exemplu, t\u0103iere vertical\u0103) f\u0103r\u0103 oboseal\u0103. \u00cen acela\u0219i timp, o duz\u0103 instalat\u0103 pe unealta pentru \u00eendep\u0103rtarea frunzelor t\u0103iate, arunc\u00e2nd tunsoarele la p\u0103m\u00e2nt, le \u00eempiedic\u0103 s\u0103 contamineze coroana tufi\u0219ului. Cu\u021bitul pentru periere este echipat cu lame ascu\u021bite cu diamant, garant\u00e2nd o t\u0103ietur\u0103 absolut curat\u0103. Elementul de protec\u021bie de la cap\u0103tul cu\u021bitului, echipat cu o gaur\u0103 pentru ag\u0103\u021barea convenabil\u0103 a instrumentului pe perete, protejeaz\u0103 cl\u0103dirile, podelele \u0219i lamele \u00een sine de deteriorare. O alt\u0103 caracteristic\u0103 a ma\u0219inii de tuns gard viu f\u0103r\u0103 fir este func\u021bia de t\u0103iere, care v\u0103 permite s\u0103 t\u0103ia\u021bi f\u0103r\u0103 probleme chiar \u0219i ramuri destul de groase. Se livreaza fara baterie si incarcator.<\/p>\n<p>Specifica\u021bii<br \/>\nLungimea cu\u021bitului (cm) -50<\/p>\n<p>Distan\u021ba dintre din\u021bi (mm) -22<br \/>\nRegulator de vitez\u0103 de rota\u021bie &#8211; nr<br \/>\nFrecven\u021ba de mi\u0219care a lamei (\u00een\u0103l\u021bimea de t\u0103iere \/ min) &#8211; 2700<br \/>\nTip de cu\u021bit: \u0219tan\u021bat, ascu\u021bit cu diamant<br \/>\nPlatform\u0103 baterie &#8211; platform\u0103 baterie 18 V<br \/>\nTensiune (V) -18<br \/>\nTimp de func\u021bionare de la 1 \u00eenc\u0103rcare (min) (m)<br \/>\nMax. 325 (2,5 Ah) \/ max. 650 (5,0 Ah)<br \/>\nTimp de func\u021bionare cu o \u00eenc\u0103rcare a bateriei (min)<br \/>\nMax. 40 (2,5 Ah) \/ max. 80 (5,0 Ah)<br \/>\nGreutate fara accesorii (kg) -2,85<br \/>\nGreutate incl. ambalaj (kg) -4,52<br \/>\nDimensiuni (L x l x H) (mm)<br \/>\n970 x 213 x 188<\/p>","protected":false},"featured_media":65611,"template":"","meta":{"_acf_changed":false},"product_brand":[],"product_cat":[8656],"product_tag":[],"class_list":{"0":"post-65579","1":"product","2":"type-product","3":"status-publish","4":"has-post-thumbnail","6":"product_cat-masini-agricole","8":"first","9":"instock","10":"shipping-taxable","11":"purchasable","12":"product-type-simple"},"acf":[],"_links":{"self":[{"href":"https:\/\/tehnomag.md\/ru\/wp-json\/wp\/v2\/product\/65579","targetHints":{"allow":["GET"]}}],"collection":[{"href":"https:\/\/tehnomag.md\/ru\/wp-json\/wp\/v2\/product"}],"about":[{"href":"https:\/\/tehnomag.md\/ru\/wp-json\/wp\/v2\/types\/product"}],"wp:featuredmedia":[{"embeddable":true,"href":"https:\/\/tehnomag.md\/ru\/wp-json\/wp\/v2\/media\/65611"}],"wp:attachment":[{"href":"https:\/\/tehnomag.md\/ru\/wp-json\/wp\/v2\/media?parent=65579"}],"wp:term":[{"taxonomy":"product_brand","embeddable":true,"href":"https:\/\/tehnomag.md\/ru\/wp-json\/wp\/v2\/product_brand?post=65579"},{"taxonomy":"product_cat","embeddable":true,"href":"https:\/\/tehnomag.md\/ru\/wp-json\/wp\/v2\/product_cat?post=65579"},{"taxonomy":"product_tag","embeddable":true,"href":"https:\/\/tehnomag.md\/ru\/wp-json\/wp\/v2\/product_tag?post=65579"}],"curies":[{"name":"wp","href":"https:\/\/api.w.org\/{rel}","templated":true}]}}