{"id":65529,"date":"2025-06-24T10:08:29","date_gmt":"2025-06-24T10:08:29","guid":{"rendered":"https:\/\/tehnomag.md\/?post_type=product&#038;p=65529"},"modified":"2025-07-19T08:16:18","modified_gmt":"2025-07-19T08:16:18","slug":"aeroterma-2000-w-maestro-mr-927","status":"publish","type":"product","link":"https:\/\/tehnomag.md\/ru\/catalog\/instalatii-de-climatizare\/incalzitoare\/incalzitoare-incalzitoare\/aeroterma-2000-w-maestro-mr-927\/","title":{"rendered":"Aeroterma 2000 W MAESTRO MR-927"},"content":{"rendered":"<p>Dou\u0103 moduri de \u00eenc\u0103lzire Afi\u0219aj LED 1000\/2000 W Telecomanda Termostat reglabil Element de \u00eenc\u0103lzire din ceramic\u0103 Obloane automate \u00centre\u021binerea modului setat Timer timp de 8 ore Protec\u021bie la supra\u00eenc\u0103lzire Comutator termic pentru siguran\u021b\u0103 suplimentar\u0103.<\/p>","protected":false},"excerpt":{"rendered":"<p>Dou\u0103 moduri de \u00eenc\u0103lzire Afi\u0219aj LED 1000\/2000 W Telecomanda Termostat reglabil Element de \u00eenc\u0103lzire din ceramic\u0103 Obloane automate \u00centre\u021binerea modului setat Timer timp de 8 ore Protec\u021bie la supra\u00eenc\u0103lzire Comutator termic pentru siguran\u021b\u0103 suplimentar\u0103.<\/p>","protected":false},"featured_media":65562,"template":"","meta":{"_acf_changed":false},"product_brand":[],"product_cat":[8643],"product_tag":[],"class_list":{"0":"post-65529","1":"product","2":"type-product","3":"status-publish","4":"has-post-thumbnail","6":"product_cat-incalzitoare-incalzitoare","8":"first","9":"instock","10":"shipping-taxable","11":"purchasable","12":"product-type-simple"},"acf":[],"_links":{"self":[{"href":"https:\/\/tehnomag.md\/ru\/wp-json\/wp\/v2\/product\/65529","targetHints":{"allow":["GET"]}}],"collection":[{"href":"https:\/\/tehnomag.md\/ru\/wp-json\/wp\/v2\/product"}],"about":[{"href":"https:\/\/tehnomag.md\/ru\/wp-json\/wp\/v2\/types\/product"}],"wp:featuredmedia":[{"embeddable":true,"href":"https:\/\/tehnomag.md\/ru\/wp-json\/wp\/v2\/media\/65562"}],"wp:attachment":[{"href":"https:\/\/tehnomag.md\/ru\/wp-json\/wp\/v2\/media?parent=65529"}],"wp:term":[{"taxonomy":"product_brand","embeddable":true,"href":"https:\/\/tehnomag.md\/ru\/wp-json\/wp\/v2\/product_brand?post=65529"},{"taxonomy":"product_cat","embeddable":true,"href":"https:\/\/tehnomag.md\/ru\/wp-json\/wp\/v2\/product_cat?post=65529"},{"taxonomy":"product_tag","embeddable":true,"href":"https:\/\/tehnomag.md\/ru\/wp-json\/wp\/v2\/product_tag?post=65529"}],"curies":[{"name":"wp","href":"https:\/\/api.w.org\/{rel}","templated":true}]}}