{"id":65526,"date":"2025-06-24T10:08:29","date_gmt":"2025-06-24T10:08:29","guid":{"rendered":"https:\/\/tehnomag.md\/?post_type=product&#038;p=65526"},"modified":"2025-07-19T08:16:17","modified_gmt":"2025-07-19T08:16:17","slug":"aeroterma-euroterm-et-901","status":"publish","type":"product","link":"https:\/\/tehnomag.md\/ru\/catalog\/instalatii-de-climatizare\/incalzitoare\/incalzitoare-incalzitoare\/aeroterma-euroterm-et-901\/","title":{"rendered":"Aeroterma EUROTERM ET-901"},"content":{"rendered":"<p>Aeroterma electrice sunt o surs\u0103 puternic\u0103 \u0219i de \u00eencredere de aer cald \u00een \u00eenc\u0103peri unde nu exist\u0103 sau \u00eenc\u0103lzire central\u0103 insuficiente . Func\u021bionarea lor nu necesit\u0103 condi\u021bii speciale \u0219i de comunica\u021bii , este suficient de a ainstala\u021biei a fost alimentatcu energie electric\u0103 necesar\u0103 . Aeroterme ET -901 sunt u\u0219or de utilizat , compact , u\u0219or de transportat \u00een noua loca\u021bie . Acesta este dispozitivul electric de \u00eenc\u0103lzire cel mai accesibil . Ele pot fi folosite \u00een camere diferite : pe site-uri de construc\u021bii de uscare , incalzire si decongelare , \u00een instala\u021bii industriale pentru locurile de munc\u0103 de \u00eenc\u0103lzire temporare sau permanente , \u00een depozite , \u00een magazine , la domiciliu , pentru \u00eenc\u0103lzire rapid\u0103 \u00een garaj sau \u00een \u021bar\u0103 , \u00een atelier sau \u00eentr -o casa de locuit , \u00een agricultur\u0103 , etc<\/p>","protected":false},"excerpt":{"rendered":"<p>Aeroterma electrice sunt o surs\u0103 puternic\u0103 \u0219i de \u00eencredere de aer cald \u00een \u00eenc\u0103peri unde nu exist\u0103 sau \u00eenc\u0103lzire central\u0103 insuficiente . Func\u021bionarea lor nu necesit\u0103 condi\u021bii speciale \u0219i de comunica\u021bii , este suficient de a ainstala\u021biei a fost alimentatcu energie electric\u0103 necesar\u0103 . Aeroterme ET -901 sunt u\u0219or de utilizat , compact , u\u0219or de transportat \u00een noua loca\u021bie . Acesta este dispozitivul electric de \u00eenc\u0103lzire cel mai accesibil . Ele pot fi folosite \u00een camere diferite : pe site-uri de construc\u021bii de uscare , incalzire si decongelare , \u00een instala\u021bii industriale pentru locurile de munc\u0103 de \u00eenc\u0103lzire temporare sau permanente , \u00een depozite , \u00een magazine , la domiciliu , pentru \u00eenc\u0103lzire rapid\u0103 \u00een garaj sau \u00een \u021bar\u0103 , \u00een atelier sau \u00eentr -o casa de locuit , \u00een agricultur\u0103 , etc<\/p>","protected":false},"featured_media":65559,"template":"","meta":{"_acf_changed":false},"product_brand":[],"product_cat":[8643],"product_tag":[],"class_list":{"0":"post-65526","1":"product","2":"type-product","3":"status-publish","4":"has-post-thumbnail","6":"product_cat-incalzitoare-incalzitoare","8":"first","9":"instock","10":"shipping-taxable","11":"purchasable","12":"product-type-simple"},"acf":[],"_links":{"self":[{"href":"https:\/\/tehnomag.md\/ru\/wp-json\/wp\/v2\/product\/65526","targetHints":{"allow":["GET"]}}],"collection":[{"href":"https:\/\/tehnomag.md\/ru\/wp-json\/wp\/v2\/product"}],"about":[{"href":"https:\/\/tehnomag.md\/ru\/wp-json\/wp\/v2\/types\/product"}],"wp:featuredmedia":[{"embeddable":true,"href":"https:\/\/tehnomag.md\/ru\/wp-json\/wp\/v2\/media\/65559"}],"wp:attachment":[{"href":"https:\/\/tehnomag.md\/ru\/wp-json\/wp\/v2\/media?parent=65526"}],"wp:term":[{"taxonomy":"product_brand","embeddable":true,"href":"https:\/\/tehnomag.md\/ru\/wp-json\/wp\/v2\/product_brand?post=65526"},{"taxonomy":"product_cat","embeddable":true,"href":"https:\/\/tehnomag.md\/ru\/wp-json\/wp\/v2\/product_cat?post=65526"},{"taxonomy":"product_tag","embeddable":true,"href":"https:\/\/tehnomag.md\/ru\/wp-json\/wp\/v2\/product_tag?post=65526"}],"curies":[{"name":"wp","href":"https:\/\/api.w.org\/{rel}","templated":true}]}}