{"id":65358,"date":"2025-06-24T10:07:19","date_gmt":"2025-06-24T10:07:19","guid":{"rendered":"https:\/\/tehnomag.md\/?post_type=product&#038;p=65358"},"modified":"2025-07-19T08:16:09","modified_gmt":"2025-07-19T08:16:09","slug":"fier-de-calcat-vitek-vt-8355","status":"publish","type":"product","link":"https:\/\/tehnomag.md\/ru\/catalog\/electrocasnice\/electrocasnice-mici\/fier-de-calcat\/fier-de-calcat-vitek-vt-8355\/","title":{"rendered":"Fier de c\u0103lcat VITEK VT-8355"},"content":{"rendered":"<p>Putere 2600 W<br \/>\nMaterial t\u0103lpii exterioare Talpa exterioar\u0103 UniCera este un strat dublu ceramic unic care asigur\u0103 alunecare ultra-u\u015foar\u0103 pe material<br \/>\nBoost de abur 145 g\/min<br \/>\nAburire vertical\u0103 da<br \/>\nOprire automat\u0103 da<br \/>\nSistem de autocuratare da<br \/>\nFunc\u021bia de pulverizare da<br \/>\nSistem anti-picurare da<br \/>\nAnti-scalare da<br \/>\nCapacitate rezervor apa 400 ml<br \/>\nReglarea aburului da<br \/>\nSnur de prindere da<br \/>\nLungimea cablului de alimentare 1,8<br \/>\nPaharul de m\u0103surat da<\/p>","protected":false},"excerpt":{"rendered":"<p>Putere 2600 W<br \/>\nMaterial t\u0103lpii exterioare Talpa exterioar\u0103 UniCera este un strat dublu ceramic unic care asigur\u0103 alunecare ultra-u\u015foar\u0103 pe material<br \/>\nBoost de abur 145 g\/min<br \/>\nAburire vertical\u0103 da<br \/>\nOprire automat\u0103 da<br \/>\nSistem de autocuratare da<br \/>\nFunc\u021bia de pulverizare da<br \/>\nSistem anti-picurare da<br \/>\nAnti-scalare da<br \/>\nCapacitate rezervor apa 400 ml<br \/>\nReglarea aburului da<br \/>\nSnur de prindere da<br \/>\nLungimea cablului de alimentare 1,8<br \/>\nPaharul de m\u0103surat da<\/p>","protected":false},"featured_media":65396,"template":"","meta":{"_acf_changed":false},"product_brand":[],"product_cat":[8636],"product_tag":[],"class_list":{"0":"post-65358","1":"product","2":"type-product","3":"status-publish","4":"has-post-thumbnail","6":"product_cat-fier-de-calcat","8":"first","9":"instock","10":"shipping-taxable","11":"purchasable","12":"product-type-simple"},"acf":[],"_links":{"self":[{"href":"https:\/\/tehnomag.md\/ru\/wp-json\/wp\/v2\/product\/65358","targetHints":{"allow":["GET"]}}],"collection":[{"href":"https:\/\/tehnomag.md\/ru\/wp-json\/wp\/v2\/product"}],"about":[{"href":"https:\/\/tehnomag.md\/ru\/wp-json\/wp\/v2\/types\/product"}],"wp:featuredmedia":[{"embeddable":true,"href":"https:\/\/tehnomag.md\/ru\/wp-json\/wp\/v2\/media\/65396"}],"wp:attachment":[{"href":"https:\/\/tehnomag.md\/ru\/wp-json\/wp\/v2\/media?parent=65358"}],"wp:term":[{"taxonomy":"product_brand","embeddable":true,"href":"https:\/\/tehnomag.md\/ru\/wp-json\/wp\/v2\/product_brand?post=65358"},{"taxonomy":"product_cat","embeddable":true,"href":"https:\/\/tehnomag.md\/ru\/wp-json\/wp\/v2\/product_cat?post=65358"},{"taxonomy":"product_tag","embeddable":true,"href":"https:\/\/tehnomag.md\/ru\/wp-json\/wp\/v2\/product_tag?post=65358"}],"curies":[{"name":"wp","href":"https:\/\/api.w.org\/{rel}","templated":true}]}}