{"id":65350,"date":"2025-06-24T10:07:18","date_gmt":"2025-06-24T10:07:18","guid":{"rendered":"https:\/\/tehnomag.md\/?post_type=product&#038;p=65350"},"modified":"2025-07-19T08:16:08","modified_gmt":"2025-07-19T08:16:08","slug":"fier-de-calcat-daewoo-dsi20p","status":"publish","type":"product","link":"https:\/\/tehnomag.md\/ru\/catalog\/electrocasnice\/electrocasnice-mici\/fier-de-calcat\/fier-de-calcat-daewoo-dsi20p\/","title":{"rendered":"Fier de c\u0103lcat DAEWOO DSI20P"},"content":{"rendered":"<p>Dificil de a determina calitatea de fier pentru \u00eengrijirea lucruri? Not\u0103 fier MAXWELL MW-3035 VT! Modelul compact este dotat cu putere mare \u0219i toate op\u021biunile necesare pentru netezirea lucruri din diferite tesuturi. Pute\u021bi schimba cu u\u0219urin\u021b\u0103 temperatura de \u00eenc\u0103lzire a t\u0103lpii, precum \u0219i s\u0103 profite de sistemul de pulverizare a apei sau a aburului lovitur\u0103 pentru a simplifica procesul de c\u0103lcat. Iron atractiv \u00een aparen\u021b\u0103, violet ochi-prinderea elemente ale litigiului. Folosi\u021bi acest aparat cel mai convenabil, av\u00e2nd \u00een vedere c\u0103 controalele sunt amplasate pe o parte, iar cablul de alimentare este caracterizat\u0103 de o minge de montare.<\/p>","protected":false},"excerpt":{"rendered":"<p>Dificil de a determina calitatea de fier pentru \u00eengrijirea lucruri? Not\u0103 fier MAXWELL MW-3035 VT! Modelul compact este dotat cu putere mare \u0219i toate op\u021biunile necesare pentru netezirea lucruri din diferite tesuturi. Pute\u021bi schimba cu u\u0219urin\u021b\u0103 temperatura de \u00eenc\u0103lzire a t\u0103lpii, precum \u0219i s\u0103 profite de sistemul de pulverizare a apei sau a aburului lovitur\u0103 pentru a simplifica procesul de c\u0103lcat. Iron atractiv \u00een aparen\u021b\u0103, violet ochi-prinderea elemente ale litigiului. Folosi\u021bi acest aparat cel mai convenabil, av\u00e2nd \u00een vedere c\u0103 controalele sunt amplasate pe o parte, iar cablul de alimentare este caracterizat\u0103 de o minge de montare.<\/p>","protected":false},"featured_media":65384,"template":"","meta":{"_acf_changed":false},"product_brand":[],"product_cat":[8636],"product_tag":[],"class_list":{"0":"post-65350","1":"product","2":"type-product","3":"status-publish","4":"has-post-thumbnail","6":"product_cat-fier-de-calcat","8":"first","9":"instock","10":"shipping-taxable","11":"purchasable","12":"product-type-simple"},"acf":[],"_links":{"self":[{"href":"https:\/\/tehnomag.md\/ru\/wp-json\/wp\/v2\/product\/65350","targetHints":{"allow":["GET"]}}],"collection":[{"href":"https:\/\/tehnomag.md\/ru\/wp-json\/wp\/v2\/product"}],"about":[{"href":"https:\/\/tehnomag.md\/ru\/wp-json\/wp\/v2\/types\/product"}],"wp:featuredmedia":[{"embeddable":true,"href":"https:\/\/tehnomag.md\/ru\/wp-json\/wp\/v2\/media\/65384"}],"wp:attachment":[{"href":"https:\/\/tehnomag.md\/ru\/wp-json\/wp\/v2\/media?parent=65350"}],"wp:term":[{"taxonomy":"product_brand","embeddable":true,"href":"https:\/\/tehnomag.md\/ru\/wp-json\/wp\/v2\/product_brand?post=65350"},{"taxonomy":"product_cat","embeddable":true,"href":"https:\/\/tehnomag.md\/ru\/wp-json\/wp\/v2\/product_cat?post=65350"},{"taxonomy":"product_tag","embeddable":true,"href":"https:\/\/tehnomag.md\/ru\/wp-json\/wp\/v2\/product_tag?post=65350"}],"curies":[{"name":"wp","href":"https:\/\/api.w.org\/{rel}","templated":true}]}}