{"id":65337,"date":"2025-06-24T10:07:17","date_gmt":"2025-06-24T10:07:17","guid":{"rendered":"https:\/\/tehnomag.md\/?post_type=product&#038;p=65337"},"modified":"2025-07-19T08:16:07","modified_gmt":"2025-07-19T08:16:07","slug":"cantar-de-podea-goldmaster-gm-8177","status":"publish","type":"product","link":"https:\/\/tehnomag.md\/ru\/catalog\/electrocasnice\/electrocasnice-mici\/balanta\/cantar-de-podea-goldmaster-gm-8177\/","title":{"rendered":"C\u00e2ntar de podea GoldMaster GM-8177"},"content":{"rendered":"<p>electronice, maxim\u0103 de \u00eenc\u0103rcare 150 kg, precizie 0.1 kg, platforme de materiale: plastic<\/p>","protected":false},"excerpt":{"rendered":"<p>electronice, maxim\u0103 de \u00eenc\u0103rcare 150 kg, precizie 0.1 kg, platforme de materiale: plastic<\/p>","protected":false},"featured_media":0,"template":"","meta":{"_acf_changed":false},"product_brand":[],"product_cat":[8635],"product_tag":[],"class_list":{"0":"post-65337","1":"product","2":"type-product","3":"status-publish","5":"product_cat-balanta","7":"first","8":"instock","9":"shipping-taxable","10":"purchasable","11":"product-type-simple"},"acf":[],"_links":{"self":[{"href":"https:\/\/tehnomag.md\/ru\/wp-json\/wp\/v2\/product\/65337","targetHints":{"allow":["GET"]}}],"collection":[{"href":"https:\/\/tehnomag.md\/ru\/wp-json\/wp\/v2\/product"}],"about":[{"href":"https:\/\/tehnomag.md\/ru\/wp-json\/wp\/v2\/types\/product"}],"wp:attachment":[{"href":"https:\/\/tehnomag.md\/ru\/wp-json\/wp\/v2\/media?parent=65337"}],"wp:term":[{"taxonomy":"product_brand","embeddable":true,"href":"https:\/\/tehnomag.md\/ru\/wp-json\/wp\/v2\/product_brand?post=65337"},{"taxonomy":"product_cat","embeddable":true,"href":"https:\/\/tehnomag.md\/ru\/wp-json\/wp\/v2\/product_cat?post=65337"},{"taxonomy":"product_tag","embeddable":true,"href":"https:\/\/tehnomag.md\/ru\/wp-json\/wp\/v2\/product_tag?post=65337"}],"curies":[{"name":"wp","href":"https:\/\/api.w.org\/{rel}","templated":true}]}}