{"id":65295,"date":"2025-06-24T10:06:58","date_gmt":"2025-06-24T10:06:58","guid":{"rendered":"https:\/\/tehnomag.md\/?post_type=product&#038;p=65295"},"modified":"2025-07-19T08:16:06","modified_gmt":"2025-07-19T08:16:06","slug":"cantar-de-podea-goldmaster-gm-8188","status":"publish","type":"product","link":"https:\/\/tehnomag.md\/ru\/catalog\/electrocasnice\/electrocasnice-mici\/balanta\/cantar-de-podea-goldmaster-gm-8188\/","title":{"rendered":"C\u00e2ntar de podea GoldMaster GM-8188"},"content":{"rendered":"<p>electronice, maxim\u0103 de \u00eenc\u0103rcare 150 kg, precizie 0.1 kg, platforme de materiale: plastic<\/p>","protected":false},"excerpt":{"rendered":"<p>electronice, maxim\u0103 de \u00eenc\u0103rcare 150 kg, precizie 0.1 kg, platforme de materiale: plastic<\/p>","protected":false},"featured_media":65333,"template":"","meta":{"_acf_changed":false},"product_brand":[],"product_cat":[8635],"product_tag":[],"class_list":{"0":"post-65295","1":"product","2":"type-product","3":"status-publish","4":"has-post-thumbnail","6":"product_cat-balanta","8":"first","9":"instock","10":"shipping-taxable","11":"purchasable","12":"product-type-simple"},"acf":[],"_links":{"self":[{"href":"https:\/\/tehnomag.md\/ru\/wp-json\/wp\/v2\/product\/65295","targetHints":{"allow":["GET"]}}],"collection":[{"href":"https:\/\/tehnomag.md\/ru\/wp-json\/wp\/v2\/product"}],"about":[{"href":"https:\/\/tehnomag.md\/ru\/wp-json\/wp\/v2\/types\/product"}],"wp:featuredmedia":[{"embeddable":true,"href":"https:\/\/tehnomag.md\/ru\/wp-json\/wp\/v2\/media\/65333"}],"wp:attachment":[{"href":"https:\/\/tehnomag.md\/ru\/wp-json\/wp\/v2\/media?parent=65295"}],"wp:term":[{"taxonomy":"product_brand","embeddable":true,"href":"https:\/\/tehnomag.md\/ru\/wp-json\/wp\/v2\/product_brand?post=65295"},{"taxonomy":"product_cat","embeddable":true,"href":"https:\/\/tehnomag.md\/ru\/wp-json\/wp\/v2\/product_cat?post=65295"},{"taxonomy":"product_tag","embeddable":true,"href":"https:\/\/tehnomag.md\/ru\/wp-json\/wp\/v2\/product_tag?post=65295"}],"curies":[{"name":"wp","href":"https:\/\/api.w.org\/{rel}","templated":true}]}}