{"id":65283,"date":"2025-06-24T10:06:57","date_gmt":"2025-06-24T10:06:57","guid":{"rendered":"https:\/\/tehnomag.md\/?post_type=product&#038;p=65283"},"modified":"2025-07-19T08:16:05","modified_gmt":"2025-07-19T08:16:05","slug":"cuptor-37l-zanetti-ce-37-grey","status":"publish","type":"product","link":"https:\/\/tehnomag.md\/ru\/catalog\/electrocasnice\/electrocasnice-mari\/cuptore\/cuptor-37l-zanetti-ce-37-grey\/","title":{"rendered":"Cuptor 37l  ZANETTI CE 37 GREY"},"content":{"rendered":"<p>Putere: 1400 W<br \/>\nVolum: 37 l<br \/>\nNumar de moduri: 4<br \/>\nInterval de temperatur\u0103: p\u00e2n\u0103 la 250 \u00b0C<br \/>\nCronometru: da<br \/>\nDimensiuni: 50x32x37<br \/>\nInclude: tava rotunda de copt, tava de copt, gratar<br \/>\nCuloare sura<\/p>","protected":false},"excerpt":{"rendered":"<p>Putere: 1400 W<br \/>\nVolum: 37 l<br \/>\nNumar de moduri: 4<br \/>\nInterval de temperatur\u0103: p\u00e2n\u0103 la 250 \u00b0C<br \/>\nCronometru: da<br \/>\nDimensiuni: 50x32x37<br \/>\nInclude: tava rotunda de copt, tava de copt, gratar<br \/>\nCuloare sura<\/p>","protected":false},"featured_media":65318,"template":"","meta":{"_acf_changed":false},"product_brand":[],"product_cat":[8633],"product_tag":[],"class_list":{"0":"post-65283","1":"product","2":"type-product","3":"status-publish","4":"has-post-thumbnail","6":"product_cat-cuptore","8":"first","9":"instock","10":"shipping-taxable","11":"purchasable","12":"product-type-simple"},"acf":[],"_links":{"self":[{"href":"https:\/\/tehnomag.md\/ru\/wp-json\/wp\/v2\/product\/65283","targetHints":{"allow":["GET"]}}],"collection":[{"href":"https:\/\/tehnomag.md\/ru\/wp-json\/wp\/v2\/product"}],"about":[{"href":"https:\/\/tehnomag.md\/ru\/wp-json\/wp\/v2\/types\/product"}],"wp:featuredmedia":[{"embeddable":true,"href":"https:\/\/tehnomag.md\/ru\/wp-json\/wp\/v2\/media\/65318"}],"wp:attachment":[{"href":"https:\/\/tehnomag.md\/ru\/wp-json\/wp\/v2\/media?parent=65283"}],"wp:term":[{"taxonomy":"product_brand","embeddable":true,"href":"https:\/\/tehnomag.md\/ru\/wp-json\/wp\/v2\/product_brand?post=65283"},{"taxonomy":"product_cat","embeddable":true,"href":"https:\/\/tehnomag.md\/ru\/wp-json\/wp\/v2\/product_cat?post=65283"},{"taxonomy":"product_tag","embeddable":true,"href":"https:\/\/tehnomag.md\/ru\/wp-json\/wp\/v2\/product_tag?post=65283"}],"curies":[{"name":"wp","href":"https:\/\/api.w.org\/{rel}","templated":true}]}}