{"id":65275,"date":"2025-06-24T10:06:56","date_gmt":"2025-06-24T10:06:56","guid":{"rendered":"https:\/\/tehnomag.md\/?post_type=product&#038;p=65275"},"modified":"2025-07-19T08:16:04","modified_gmt":"2025-07-19T08:16:04","slug":"cuptor-microunde-toshiba-mwp-mg20pbk","status":"publish","type":"product","link":"https:\/\/tehnomag.md\/ru\/catalog\/electrocasnice\/electrocasnice-mari\/cuptoare-cu-microunde\/cuptor-microunde-toshiba-mwp-mg20pbk\/","title":{"rendered":"Cuptor microunde TOSHIBA MWP-MG20PBK"},"content":{"rendered":"<p>Tip cu grill<br \/>\nPanou comanda   mecanic<br \/>\nDisplay digital nu<br \/>\nCapacitate  20 litri<br \/>\nDiametru platou rotativ 25.5 cm<br \/>\nDeschidere usa  m\u00e2ner<br \/>\nPuterea de ie\u0219ire a microundelor    800 W<br \/>\nNivele Putere   6<br \/>\nPutere grill    1000 W<br \/>\nL\u0103\u0163ime  44 cm<br \/>\n\u00cen\u0103l\u0163imea   25.9 cm<br \/>\nAd\u00e2ncime    32.4 \u0441\u043c<br \/>\nCuloare negru<br \/>\nGreutate    10.8 kg<br \/>\n\u021aara de fabrica\u021bie  China<br \/>\nAltele  timer , protec\u021bia copilului<br \/>\nGaran\u021bie    24 luni<br \/>\nProduc\u0103tor  Toshiba<\/p>","protected":false},"excerpt":{"rendered":"<p>Tip cu grill<br \/>\nPanou comanda   mecanic<br \/>\nDisplay digital nu<br \/>\nCapacitate  20 litri<br \/>\nDiametru platou rotativ 25.5 cm<br \/>\nDeschidere usa  m\u00e2ner<br \/>\nPuterea de ie\u0219ire a microundelor    800 W<br \/>\nNivele Putere   6<br \/>\nPutere grill    1000 W<br \/>\nL\u0103\u0163ime  44 cm<br \/>\n\u00cen\u0103l\u0163imea   25.9 cm<br \/>\nAd\u00e2ncime    32.4 \u0441\u043c<br \/>\nCuloare negru<br \/>\nGreutate    10.8 kg<br \/>\n\u021aara de fabrica\u021bie  China<br \/>\nAltele  timer , protec\u021bia copilului<br \/>\nGaran\u021bie    24 luni<br \/>\nProduc\u0103tor  Toshiba<\/p>","protected":false},"featured_media":65306,"template":"","meta":{"_acf_changed":false},"product_brand":[],"product_cat":[8632],"product_tag":[],"class_list":{"0":"post-65275","1":"product","2":"type-product","3":"status-publish","4":"has-post-thumbnail","6":"product_cat-cuptoare-cu-microunde","8":"first","9":"instock","10":"shipping-taxable","11":"purchasable","12":"product-type-simple"},"acf":[],"_links":{"self":[{"href":"https:\/\/tehnomag.md\/ru\/wp-json\/wp\/v2\/product\/65275","targetHints":{"allow":["GET"]}}],"collection":[{"href":"https:\/\/tehnomag.md\/ru\/wp-json\/wp\/v2\/product"}],"about":[{"href":"https:\/\/tehnomag.md\/ru\/wp-json\/wp\/v2\/types\/product"}],"wp:featuredmedia":[{"embeddable":true,"href":"https:\/\/tehnomag.md\/ru\/wp-json\/wp\/v2\/media\/65306"}],"wp:attachment":[{"href":"https:\/\/tehnomag.md\/ru\/wp-json\/wp\/v2\/media?parent=65275"}],"wp:term":[{"taxonomy":"product_brand","embeddable":true,"href":"https:\/\/tehnomag.md\/ru\/wp-json\/wp\/v2\/product_brand?post=65275"},{"taxonomy":"product_cat","embeddable":true,"href":"https:\/\/tehnomag.md\/ru\/wp-json\/wp\/v2\/product_cat?post=65275"},{"taxonomy":"product_tag","embeddable":true,"href":"https:\/\/tehnomag.md\/ru\/wp-json\/wp\/v2\/product_tag?post=65275"}],"curies":[{"name":"wp","href":"https:\/\/api.w.org\/{rel}","templated":true}]}}