{"id":65223,"date":"2025-06-24T10:06:35","date_gmt":"2025-06-24T10:06:35","guid":{"rendered":"https:\/\/tehnomag.md\/?post_type=product&#038;p=65223"},"modified":"2025-07-19T08:16:03","modified_gmt":"2025-07-19T08:16:03","slug":"cuptor-cu-microunde-samsung-ms23k3513ak","status":"publish","type":"product","link":"https:\/\/tehnomag.md\/ru\/catalog\/electrocasnice\/electrocasnice-mari\/cuptoare-cu-microunde\/cuptor-cu-microunde-samsung-ms23k3513ak\/","title":{"rendered":"Cuptor cu microunde SAMSUNG MS23K3513AK"},"content":{"rendered":"<p>Specifica\u0163iile produsului cuptor cu microunde Samsung MG23K3515AK<br \/>\nPanou comanda  digital<br \/>\nDisplay digital  da<br \/>\nCeas digital  da<br \/>\nCapacitate  23 litri<br \/>\nDiametru platou rotativ  28.8 cm<br \/>\nDeschidere usa  m\u00e2ner<br \/>\nPutere microunde  800 W<br \/>\nNivele Putere  6<br \/>\nL\u0103\u0163ime  48.9 cm<br \/>\n\u00cen\u0103l\u0163imea  27.5 cm<br \/>\nAd\u00e2ncime  39.2 \u0441\u043c<br \/>\nCuloare  negru<br \/>\nGreutate  13 kg<br \/>\nGaran\u0163ie  24 luni<br \/>\nProducator  Samsung<\/p>","protected":false},"excerpt":{"rendered":"<p>Specifica\u0163iile produsului cuptor cu microunde Samsung MG23K3515AK<br \/>\nPanou comanda  digital<br \/>\nDisplay digital  da<br \/>\nCeas digital  da<br \/>\nCapacitate  23 litri<br \/>\nDiametru platou rotativ  28.8 cm<br \/>\nDeschidere usa  m\u00e2ner<br \/>\nPutere microunde  800 W<br \/>\nNivele Putere  6<br \/>\nL\u0103\u0163ime  48.9 cm<br \/>\n\u00cen\u0103l\u0163imea  27.5 cm<br \/>\nAd\u00e2ncime  39.2 \u0441\u043c<br \/>\nCuloare  negru<br \/>\nGreutate  13 kg<br \/>\nGaran\u0163ie  24 luni<br \/>\nProducator  Samsung<\/p>","protected":false},"featured_media":65263,"template":"","meta":{"_acf_changed":false},"product_brand":[],"product_cat":[8632],"product_tag":[],"class_list":{"0":"post-65223","1":"product","2":"type-product","3":"status-publish","4":"has-post-thumbnail","6":"product_cat-cuptoare-cu-microunde","8":"first","9":"instock","10":"shipping-taxable","11":"purchasable","12":"product-type-simple"},"acf":[],"_links":{"self":[{"href":"https:\/\/tehnomag.md\/ru\/wp-json\/wp\/v2\/product\/65223","targetHints":{"allow":["GET"]}}],"collection":[{"href":"https:\/\/tehnomag.md\/ru\/wp-json\/wp\/v2\/product"}],"about":[{"href":"https:\/\/tehnomag.md\/ru\/wp-json\/wp\/v2\/types\/product"}],"wp:featuredmedia":[{"embeddable":true,"href":"https:\/\/tehnomag.md\/ru\/wp-json\/wp\/v2\/media\/65263"}],"wp:attachment":[{"href":"https:\/\/tehnomag.md\/ru\/wp-json\/wp\/v2\/media?parent=65223"}],"wp:term":[{"taxonomy":"product_brand","embeddable":true,"href":"https:\/\/tehnomag.md\/ru\/wp-json\/wp\/v2\/product_brand?post=65223"},{"taxonomy":"product_cat","embeddable":true,"href":"https:\/\/tehnomag.md\/ru\/wp-json\/wp\/v2\/product_cat?post=65223"},{"taxonomy":"product_tag","embeddable":true,"href":"https:\/\/tehnomag.md\/ru\/wp-json\/wp\/v2\/product_tag?post=65223"}],"curies":[{"name":"wp","href":"https:\/\/api.w.org\/{rel}","templated":true}]}}