{"id":65218,"date":"2025-06-24T10:06:35","date_gmt":"2025-06-24T10:06:35","guid":{"rendered":"https:\/\/tehnomag.md\/?post_type=product&#038;p=65218"},"modified":"2025-07-19T08:16:02","modified_gmt":"2025-07-19T08:16:02","slug":"masina-de-spalat-vase-comfee-cdwc550w","status":"publish","type":"product","link":"https:\/\/tehnomag.md\/ru\/catalog\/electrocasnice\/electrocasnice-mari\/masini-de-spalat-vase\/masina-de-spalat-vase-comfee-cdwc550w\/","title":{"rendered":"Masina de spalat vase Comfee CDWC550W"},"content":{"rendered":"<p>Tip compact\u0103<br \/>\nCapacitate de spalare   6 seturi<br \/>\nClasa de eficienta a spalarii   A<br \/>\nClasa de eficienta a uscarii    A<br \/>\nNum\u0103r programe  6<br \/>\nNum\u0103r temperaturi   6<br \/>\nNum\u0103r co\u0219uri    1<br \/>\nStart \u00eent\u00e2rziat da<br \/>\nIndicator agent stralucire  da<br \/>\nIndicator lipsa sare    da<br \/>\nConsum de apa   7 litri<br \/>\nConsum de energie   0.61 kW*h\/ciclu<br \/>\nPutere  1380 W<br \/>\nNivel de zgomot 49 dB<br \/>\nCuloare alb<br \/>\n\u00cen\u0103l\u0163ime    43.8 cm<br \/>\nL\u0103\u0163ime  55 cm<br \/>\nAd\u00e2ncime    60 cm<br \/>\nGreutate    22 kg<br \/>\nGaran\u021bie    24 luni<\/p>","protected":false},"excerpt":{"rendered":"<p>Tip compact\u0103<br \/>\nCapacitate de spalare   6 seturi<br \/>\nClasa de eficienta a spalarii   A<br \/>\nClasa de eficienta a uscarii    A<br \/>\nNum\u0103r programe  6<br \/>\nNum\u0103r temperaturi   6<br \/>\nNum\u0103r co\u0219uri    1<br \/>\nStart \u00eent\u00e2rziat da<br \/>\nIndicator agent stralucire  da<br \/>\nIndicator lipsa sare    da<br \/>\nConsum de apa   7 litri<br \/>\nConsum de energie   0.61 kW*h\/ciclu<br \/>\nPutere  1380 W<br \/>\nNivel de zgomot 49 dB<br \/>\nCuloare alb<br \/>\n\u00cen\u0103l\u0163ime    43.8 cm<br \/>\nL\u0103\u0163ime  55 cm<br \/>\nAd\u00e2ncime    60 cm<br \/>\nGreutate    22 kg<br \/>\nGaran\u021bie    24 luni<\/p>","protected":false},"featured_media":65257,"template":"","meta":{"_acf_changed":false},"product_brand":[],"product_cat":[8631],"product_tag":[],"class_list":{"0":"post-65218","1":"product","2":"type-product","3":"status-publish","4":"has-post-thumbnail","6":"product_cat-masini-de-spalat-vase","8":"first","9":"instock","10":"shipping-taxable","11":"purchasable","12":"product-type-simple"},"acf":[],"_links":{"self":[{"href":"https:\/\/tehnomag.md\/ru\/wp-json\/wp\/v2\/product\/65218","targetHints":{"allow":["GET"]}}],"collection":[{"href":"https:\/\/tehnomag.md\/ru\/wp-json\/wp\/v2\/product"}],"about":[{"href":"https:\/\/tehnomag.md\/ru\/wp-json\/wp\/v2\/types\/product"}],"wp:featuredmedia":[{"embeddable":true,"href":"https:\/\/tehnomag.md\/ru\/wp-json\/wp\/v2\/media\/65257"}],"wp:attachment":[{"href":"https:\/\/tehnomag.md\/ru\/wp-json\/wp\/v2\/media?parent=65218"}],"wp:term":[{"taxonomy":"product_brand","embeddable":true,"href":"https:\/\/tehnomag.md\/ru\/wp-json\/wp\/v2\/product_brand?post=65218"},{"taxonomy":"product_cat","embeddable":true,"href":"https:\/\/tehnomag.md\/ru\/wp-json\/wp\/v2\/product_cat?post=65218"},{"taxonomy":"product_tag","embeddable":true,"href":"https:\/\/tehnomag.md\/ru\/wp-json\/wp\/v2\/product_tag?post=65218"}],"curies":[{"name":"wp","href":"https:\/\/api.w.org\/{rel}","templated":true}]}}