{"id":65216,"date":"2025-06-24T10:06:34","date_gmt":"2025-06-24T10:06:34","guid":{"rendered":"https:\/\/tehnomag.md\/?post_type=product&#038;p=65216"},"modified":"2025-07-19T08:16:02","modified_gmt":"2025-07-19T08:16:02","slug":"masina-de-spalat-vase-kaiser-s-60-u-88-xl-elfem","status":"publish","type":"product","link":"https:\/\/tehnomag.md\/ru\/catalog\/electrocasnice\/electrocasnice-mari\/masini-de-spalat-vase\/masina-de-spalat-vase-kaiser-s-60-u-88-xl-elfem\/","title":{"rendered":"Masina de spalat vase KAISER S 60 U 88 XL ElfEM"},"content":{"rendered":"<p>F6 automatik &#8211; 6 programe principale (\u201eSp\u0103lare economic\u0103\u201d, \u201ePresp\u0103lare\u201d, \u201eCrystal\u201d, \u201e\u00cenc\u0103rcare pe jum\u0103tate\u201d, etc.) \u0219i multe alte posibilit\u0103\u021bi<br \/>\nProgram automat, care optimizeaz\u0103 automat consumul de ap\u0103, energie electric\u0103 \u0219i timpul de func\u021bionare<br \/>\nModul 3 \u00een 1, oferind rezultate optime de sp\u0103lat vase folosind tablete moderne<br \/>\nIluminare LED a camerei interne<br \/>\nPornire \u00eent\u00e2rziat\u0103 cu p\u00e2n\u0103 la 24 de ore<br \/>\nProgramator \u00een principalele limbi europene, inclusiv rus\u0103<br \/>\nVolum crescut XL &#8211; capacitate pentru cel pu\u021bin 14 seturi de vase, sp\u0103lat vase mari<br \/>\nAl treilea raft suplimentar Komfort-XL pentru tac\u00e2muri<br \/>\n3 niveluri de pulverizare<br \/>\nDozator special controlat electronic &#8211; consum minim de detergent<br \/>\nConexiune la sursa de apa rece si calda<br \/>\nM\u00e2nere convenabile pentru extensia confortabil\u0103 a co\u0219urilor superioare \u0219i inferioare<br \/>\nMecanism de protec\u021bie \u00eempotriva scurgerilor de ap\u0103 Aqua-Stop<br \/>\nSistem de dedurizare a apei<br \/>\nFunc\u021bionare silen\u021bioas\u0103, nivelul de zgomot nu mai mult de 47 dB<br \/>\nElement de \u00eenc\u0103lzire ascuns &#8211; volum util crescut, confort \u0219i u\u0219urin\u021b\u0103 de \u00eengrijire<br \/>\nCamer\u0103 interioar\u0103 din o\u021bel inoxidabil &#8211; via\u021b\u0103 extins\u0103 a ma\u0219inii<\/p>\n<p>Principalele caracteristici<br \/>\nCuloare: Filde\u0219<br \/>\nTip: complet incorporat<br \/>\nCategorie: full size<br \/>\nCapacitate: 14 seturi<br \/>\nJum\u0103tate de \u00eenc\u0103rcare: da<br \/>\nDimensiuni (LxPxA), mm: 598x610x810<br \/>\nDimensiuni ni\u0219\u0103 (\u00cel x L x A, cm): 82,0 \u00d7 60,0 \u00d7 58,0<\/p>","protected":false},"excerpt":{"rendered":"<p>F6 automatik &#8211; 6 programe principale (\u201eSp\u0103lare economic\u0103\u201d, \u201ePresp\u0103lare\u201d, \u201eCrystal\u201d, \u201e\u00cenc\u0103rcare pe jum\u0103tate\u201d, etc.) \u0219i multe alte posibilit\u0103\u021bi<br \/>\nProgram automat, care optimizeaz\u0103 automat consumul de ap\u0103, energie electric\u0103 \u0219i timpul de func\u021bionare<br \/>\nModul 3 \u00een 1, oferind rezultate optime de sp\u0103lat vase folosind tablete moderne<br \/>\nIluminare LED a camerei interne<br \/>\nPornire \u00eent\u00e2rziat\u0103 cu p\u00e2n\u0103 la 24 de ore<br \/>\nProgramator \u00een principalele limbi europene, inclusiv rus\u0103<br \/>\nVolum crescut XL &#8211; capacitate pentru cel pu\u021bin 14 seturi de vase, sp\u0103lat vase mari<br \/>\nAl treilea raft suplimentar Komfort-XL pentru tac\u00e2muri<br \/>\n3 niveluri de pulverizare<br \/>\nDozator special controlat electronic &#8211; consum minim de detergent<br \/>\nConexiune la sursa de apa rece si calda<br \/>\nM\u00e2nere convenabile pentru extensia confortabil\u0103 a co\u0219urilor superioare \u0219i inferioare<br \/>\nMecanism de protec\u021bie \u00eempotriva scurgerilor de ap\u0103 Aqua-Stop<br \/>\nSistem de dedurizare a apei<br \/>\nFunc\u021bionare silen\u021bioas\u0103, nivelul de zgomot nu mai mult de 47 dB<br \/>\nElement de \u00eenc\u0103lzire ascuns &#8211; volum util crescut, confort \u0219i u\u0219urin\u021b\u0103 de \u00eengrijire<br \/>\nCamer\u0103 interioar\u0103 din o\u021bel inoxidabil &#8211; via\u021b\u0103 extins\u0103 a ma\u0219inii<\/p>\n<p>Principalele caracteristici<br \/>\nCuloare: Filde\u0219<br \/>\nTip: complet incorporat<br \/>\nCategorie: full size<br \/>\nCapacitate: 14 seturi<br \/>\nJum\u0103tate de \u00eenc\u0103rcare: da<br \/>\nDimensiuni (LxPxA), mm: 598x610x810<br \/>\nDimensiuni ni\u0219\u0103 (\u00cel x L x A, cm): 82,0 \u00d7 60,0 \u00d7 58,0<\/p>","protected":false},"featured_media":65252,"template":"","meta":{"_acf_changed":false},"product_brand":[],"product_cat":[8631],"product_tag":[],"class_list":{"0":"post-65216","1":"product","2":"type-product","3":"status-publish","4":"has-post-thumbnail","6":"product_cat-masini-de-spalat-vase","8":"first","9":"instock","10":"shipping-taxable","11":"purchasable","12":"product-type-simple"},"acf":[],"_links":{"self":[{"href":"https:\/\/tehnomag.md\/ru\/wp-json\/wp\/v2\/product\/65216","targetHints":{"allow":["GET"]}}],"collection":[{"href":"https:\/\/tehnomag.md\/ru\/wp-json\/wp\/v2\/product"}],"about":[{"href":"https:\/\/tehnomag.md\/ru\/wp-json\/wp\/v2\/types\/product"}],"wp:featuredmedia":[{"embeddable":true,"href":"https:\/\/tehnomag.md\/ru\/wp-json\/wp\/v2\/media\/65252"}],"wp:attachment":[{"href":"https:\/\/tehnomag.md\/ru\/wp-json\/wp\/v2\/media?parent=65216"}],"wp:term":[{"taxonomy":"product_brand","embeddable":true,"href":"https:\/\/tehnomag.md\/ru\/wp-json\/wp\/v2\/product_brand?post=65216"},{"taxonomy":"product_cat","embeddable":true,"href":"https:\/\/tehnomag.md\/ru\/wp-json\/wp\/v2\/product_cat?post=65216"},{"taxonomy":"product_tag","embeddable":true,"href":"https:\/\/tehnomag.md\/ru\/wp-json\/wp\/v2\/product_tag?post=65216"}],"curies":[{"name":"wp","href":"https:\/\/api.w.org\/{rel}","templated":true}]}}