{"id":65213,"date":"2025-06-24T10:06:34","date_gmt":"2025-06-24T10:06:34","guid":{"rendered":"https:\/\/tehnomag.md\/?post_type=product&#038;p=65213"},"modified":"2025-07-19T08:16:01","modified_gmt":"2025-07-19T08:16:01","slug":"grila-pentru-gratar-maestro-mr-1016","status":"publish","type":"product","link":"https:\/\/tehnomag.md\/ru\/catalog\/vesela\/totul-pentru-picnic\/grid-grill\/grila-pentru-gratar-maestro-mr-1016\/","title":{"rendered":"Grila pentru gr\u0103tar MAESTRO Mr-1016"},"content":{"rendered":"<p>Dimensiune 24&#215;30 cm<br \/>\nAcoperirea antiaderent\u0103 previne lipirea de tije<br \/>\nM\u00e2nerul convenabil faciliteaz\u0103 rotirea gr\u0103tarului f\u0103r\u0103 a v\u0103 arde m\u00e2inile<br \/>\nDesignul gratarului asigura o pozitie stabila pe gratar<br \/>\n\u00cen\u0103l\u021bimea gr\u0103tarului reglabil\u0103, convenabil\u0103 pentru utilizarea unei variet\u0103\u021bi de produse<\/p>","protected":false},"excerpt":{"rendered":"<p>Dimensiune 24&#215;30 cm<br \/>\nAcoperirea antiaderent\u0103 previne lipirea de tije<br \/>\nM\u00e2nerul convenabil faciliteaz\u0103 rotirea gr\u0103tarului f\u0103r\u0103 a v\u0103 arde m\u00e2inile<br \/>\nDesignul gratarului asigura o pozitie stabila pe gratar<br \/>\n\u00cen\u0103l\u021bimea gr\u0103tarului reglabil\u0103, convenabil\u0103 pentru utilizarea unei variet\u0103\u021bi de produse<\/p>","protected":false},"featured_media":65249,"template":"","meta":{"_acf_changed":false},"product_brand":[],"product_cat":[8628],"product_tag":[],"class_list":{"0":"post-65213","1":"product","2":"type-product","3":"status-publish","4":"has-post-thumbnail","6":"product_cat-grid-grill","8":"first","9":"instock","10":"shipping-taxable","11":"purchasable","12":"product-type-simple"},"acf":[],"_links":{"self":[{"href":"https:\/\/tehnomag.md\/ru\/wp-json\/wp\/v2\/product\/65213","targetHints":{"allow":["GET"]}}],"collection":[{"href":"https:\/\/tehnomag.md\/ru\/wp-json\/wp\/v2\/product"}],"about":[{"href":"https:\/\/tehnomag.md\/ru\/wp-json\/wp\/v2\/types\/product"}],"wp:featuredmedia":[{"embeddable":true,"href":"https:\/\/tehnomag.md\/ru\/wp-json\/wp\/v2\/media\/65249"}],"wp:attachment":[{"href":"https:\/\/tehnomag.md\/ru\/wp-json\/wp\/v2\/media?parent=65213"}],"wp:term":[{"taxonomy":"product_brand","embeddable":true,"href":"https:\/\/tehnomag.md\/ru\/wp-json\/wp\/v2\/product_brand?post=65213"},{"taxonomy":"product_cat","embeddable":true,"href":"https:\/\/tehnomag.md\/ru\/wp-json\/wp\/v2\/product_cat?post=65213"},{"taxonomy":"product_tag","embeddable":true,"href":"https:\/\/tehnomag.md\/ru\/wp-json\/wp\/v2\/product_tag?post=65213"}],"curies":[{"name":"wp","href":"https:\/\/api.w.org\/{rel}","templated":true}]}}