{"id":65209,"date":"2025-06-24T10:06:34","date_gmt":"2025-06-24T10:06:34","guid":{"rendered":"https:\/\/tehnomag.md\/?post_type=product&#038;p=65209"},"modified":"2025-07-19T08:16:01","modified_gmt":"2025-07-19T08:16:01","slug":"grila-pentru-gratar-maestro-mr-1002","status":"publish","type":"product","link":"https:\/\/tehnomag.md\/ru\/catalog\/vesela\/totul-pentru-picnic\/grid-grill\/grila-pentru-gratar-maestro-mr-1002\/","title":{"rendered":"Grila pentru gr\u0103tar MAESTRO Mr-1002"},"content":{"rendered":"<p>Dimensiunile: 25\u044530 cm<br \/>\nAcoperirea de non-stick face imposibil\u0103 lipirea de suprafa\u0163a grilei<br \/>\nM\u00e2nerul comod \u00eel face u\u0219or de a \u00eentoarce gr\u0103tarul f\u0103r\u0103 arderea m\u00e2inilor<br \/>\nConstruc\u0163ia grilei contribuie la stabilitatea pozi\u021biei pe gr\u0103tar<br \/>\n\u00cen\u0103l\u021bimea reglabil\u0103 a grilei este convenabil\u0103 pentru utilizarea diferitelor produse<\/p>","protected":false},"excerpt":{"rendered":"<p>Dimensiunile: 25\u044530 cm<br \/>\nAcoperirea de non-stick face imposibil\u0103 lipirea de suprafa\u0163a grilei<br \/>\nM\u00e2nerul comod \u00eel face u\u0219or de a \u00eentoarce gr\u0103tarul f\u0103r\u0103 arderea m\u00e2inilor<br \/>\nConstruc\u0163ia grilei contribuie la stabilitatea pozi\u021biei pe gr\u0103tar<br \/>\n\u00cen\u0103l\u021bimea reglabil\u0103 a grilei este convenabil\u0103 pentru utilizarea diferitelor produse<\/p>","protected":false},"featured_media":65244,"template":"","meta":{"_acf_changed":false},"product_brand":[],"product_cat":[8628],"product_tag":[],"class_list":{"0":"post-65209","1":"product","2":"type-product","3":"status-publish","4":"has-post-thumbnail","6":"product_cat-grid-grill","8":"first","9":"instock","10":"shipping-taxable","11":"purchasable","12":"product-type-simple"},"acf":[],"_links":{"self":[{"href":"https:\/\/tehnomag.md\/ru\/wp-json\/wp\/v2\/product\/65209","targetHints":{"allow":["GET"]}}],"collection":[{"href":"https:\/\/tehnomag.md\/ru\/wp-json\/wp\/v2\/product"}],"about":[{"href":"https:\/\/tehnomag.md\/ru\/wp-json\/wp\/v2\/types\/product"}],"wp:featuredmedia":[{"embeddable":true,"href":"https:\/\/tehnomag.md\/ru\/wp-json\/wp\/v2\/media\/65244"}],"wp:attachment":[{"href":"https:\/\/tehnomag.md\/ru\/wp-json\/wp\/v2\/media?parent=65209"}],"wp:term":[{"taxonomy":"product_brand","embeddable":true,"href":"https:\/\/tehnomag.md\/ru\/wp-json\/wp\/v2\/product_brand?post=65209"},{"taxonomy":"product_cat","embeddable":true,"href":"https:\/\/tehnomag.md\/ru\/wp-json\/wp\/v2\/product_cat?post=65209"},{"taxonomy":"product_tag","embeddable":true,"href":"https:\/\/tehnomag.md\/ru\/wp-json\/wp\/v2\/product_tag?post=65209"}],"curies":[{"name":"wp","href":"https:\/\/api.w.org\/{rel}","templated":true}]}}