{"id":65144,"date":"2025-06-24T10:06:10","date_gmt":"2025-06-24T10:06:10","guid":{"rendered":"https:\/\/tehnomag.md\/?post_type=product&#038;p=65144"},"modified":"2025-07-19T08:15:57","modified_gmt":"2025-07-19T08:15:57","slug":"banda-de-perete-magnetica-pentru-pastrarea-cutitelor-maestro-mr-1441-30","status":"publish","type":"product","link":"https:\/\/tehnomag.md\/ru\/catalog\/vesela\/tacamuri-si-cutite\/suporturi-pentru-cutite\/banda-de-perete-magnetica-pentru-pastrarea-cutitelor-maestro-mr-1441-30\/","title":{"rendered":"Band\u0103 de perete magnetic\u0103 pentru p\u0103strarea cu\u021bitelor MAESTRO Mr-1441-30"},"content":{"rendered":"","protected":false},"excerpt":{"rendered":"","protected":false},"featured_media":65173,"template":"","meta":{"_acf_changed":false},"product_brand":[],"product_cat":[8622],"product_tag":[],"class_list":{"0":"post-65144","1":"product","2":"type-product","3":"status-publish","4":"has-post-thumbnail","6":"product_cat-suporturi-pentru-cutite","8":"first","9":"instock","10":"shipping-taxable","11":"purchasable","12":"product-type-simple"},"acf":[],"_links":{"self":[{"href":"https:\/\/tehnomag.md\/ru\/wp-json\/wp\/v2\/product\/65144","targetHints":{"allow":["GET"]}}],"collection":[{"href":"https:\/\/tehnomag.md\/ru\/wp-json\/wp\/v2\/product"}],"about":[{"href":"https:\/\/tehnomag.md\/ru\/wp-json\/wp\/v2\/types\/product"}],"wp:featuredmedia":[{"embeddable":true,"href":"https:\/\/tehnomag.md\/ru\/wp-json\/wp\/v2\/media\/65173"}],"wp:attachment":[{"href":"https:\/\/tehnomag.md\/ru\/wp-json\/wp\/v2\/media?parent=65144"}],"wp:term":[{"taxonomy":"product_brand","embeddable":true,"href":"https:\/\/tehnomag.md\/ru\/wp-json\/wp\/v2\/product_brand?post=65144"},{"taxonomy":"product_cat","embeddable":true,"href":"https:\/\/tehnomag.md\/ru\/wp-json\/wp\/v2\/product_cat?post=65144"},{"taxonomy":"product_tag","embeddable":true,"href":"https:\/\/tehnomag.md\/ru\/wp-json\/wp\/v2\/product_tag?post=65144"}],"curies":[{"name":"wp","href":"https:\/\/api.w.org\/{rel}","templated":true}]}}