{"id":65143,"date":"2025-06-24T10:06:10","date_gmt":"2025-06-24T10:06:10","guid":{"rendered":"https:\/\/tehnomag.md\/?post_type=product&#038;p=65143"},"modified":"2025-07-19T08:15:57","modified_gmt":"2025-07-19T08:15:57","slug":"set-de-furculite-de-masa-12-buc-berghoff-1212028","status":"publish","type":"product","link":"https:\/\/tehnomag.md\/ru\/catalog\/vesela\/tacamuri-si-cutite\/furculite\/set-de-furculite-de-masa-12-buc-berghoff-1212028\/","title":{"rendered":"Set de furculi\u021be de mas\u0103 12 buc  BergHOFF 1212028"},"content":{"rendered":"<p>O\u0163el inoxidabil de calitate superioar\u0103<br \/>\nMateriale ecologice-pure<br \/>\nNum\u0103rul obiectelor: 3<\/p>","protected":false},"excerpt":{"rendered":"<p>O\u0163el inoxidabil de calitate superioar\u0103<br \/>\nMateriale ecologice-pure<br \/>\nNum\u0103rul obiectelor: 3<\/p>","protected":false},"featured_media":65172,"template":"","meta":{"_acf_changed":false},"product_brand":[],"product_cat":[8621],"product_tag":[],"class_list":{"0":"post-65143","1":"product","2":"type-product","3":"status-publish","4":"has-post-thumbnail","6":"product_cat-furculite","8":"first","9":"instock","10":"shipping-taxable","11":"purchasable","12":"product-type-simple"},"acf":[],"_links":{"self":[{"href":"https:\/\/tehnomag.md\/ru\/wp-json\/wp\/v2\/product\/65143","targetHints":{"allow":["GET"]}}],"collection":[{"href":"https:\/\/tehnomag.md\/ru\/wp-json\/wp\/v2\/product"}],"about":[{"href":"https:\/\/tehnomag.md\/ru\/wp-json\/wp\/v2\/types\/product"}],"wp:featuredmedia":[{"embeddable":true,"href":"https:\/\/tehnomag.md\/ru\/wp-json\/wp\/v2\/media\/65172"}],"wp:attachment":[{"href":"https:\/\/tehnomag.md\/ru\/wp-json\/wp\/v2\/media?parent=65143"}],"wp:term":[{"taxonomy":"product_brand","embeddable":true,"href":"https:\/\/tehnomag.md\/ru\/wp-json\/wp\/v2\/product_brand?post=65143"},{"taxonomy":"product_cat","embeddable":true,"href":"https:\/\/tehnomag.md\/ru\/wp-json\/wp\/v2\/product_cat?post=65143"},{"taxonomy":"product_tag","embeddable":true,"href":"https:\/\/tehnomag.md\/ru\/wp-json\/wp\/v2\/product_tag?post=65143"}],"curies":[{"name":"wp","href":"https:\/\/api.w.org\/{rel}","templated":true}]}}