{"id":65083,"date":"2025-06-24T10:05:50","date_gmt":"2025-06-24T10:05:50","guid":{"rendered":"https:\/\/tehnomag.md\/?post_type=product&#038;p=65083"},"modified":"2025-07-19T08:15:55","modified_gmt":"2025-07-19T08:15:55","slug":"set-de-tacimuri-maestro-mr1533","status":"publish","type":"product","link":"https:\/\/tehnomag.md\/ru\/catalog\/vesela\/tacamuri-si-cutite\/seturi-de-tacimuri\/set-de-tacimuri-maestro-mr1533\/","title":{"rendered":"Set de tac\u00eemuri MAESTRO Mr1533"},"content":{"rendered":"<p>O\u0163el inoxidabil de calitate superioar\u0103<br \/>\nMateriale ecologice-pure<br \/>\nNum\u0103rul obiectelor: 24<br \/>\nSetul include urm\u0103toarele:<br \/>\nLingur\u0103 de mas\u0103 \u2013 6 buc,<br \/>\nFurculi\u0163\u0103 de mas\u0103 \u2013 6 buc,<br \/>\nCu\u0163it de mas\u0103 \u2013 6 buc,<br \/>\nLinguri\u0163\u0103 pentru ceai \u2013 6 buc<\/p>","protected":false},"excerpt":{"rendered":"<p>O\u0163el inoxidabil de calitate superioar\u0103<br \/>\nMateriale ecologice-pure<br \/>\nNum\u0103rul obiectelor: 24<br \/>\nSetul include urm\u0103toarele:<br \/>\nLingur\u0103 de mas\u0103 \u2013 6 buc,<br \/>\nFurculi\u0163\u0103 de mas\u0103 \u2013 6 buc,<br \/>\nCu\u0163it de mas\u0103 \u2013 6 buc,<br \/>\nLinguri\u0163\u0103 pentru ceai \u2013 6 buc<\/p>","protected":false},"featured_media":65124,"template":"","meta":{"_acf_changed":false},"product_brand":[],"product_cat":[8617],"product_tag":[],"class_list":{"0":"post-65083","1":"product","2":"type-product","3":"status-publish","4":"has-post-thumbnail","6":"product_cat-seturi-de-tacimuri","8":"first","9":"instock","10":"shipping-taxable","11":"purchasable","12":"product-type-simple"},"acf":[],"_links":{"self":[{"href":"https:\/\/tehnomag.md\/ru\/wp-json\/wp\/v2\/product\/65083","targetHints":{"allow":["GET"]}}],"collection":[{"href":"https:\/\/tehnomag.md\/ru\/wp-json\/wp\/v2\/product"}],"about":[{"href":"https:\/\/tehnomag.md\/ru\/wp-json\/wp\/v2\/types\/product"}],"wp:featuredmedia":[{"embeddable":true,"href":"https:\/\/tehnomag.md\/ru\/wp-json\/wp\/v2\/media\/65124"}],"wp:attachment":[{"href":"https:\/\/tehnomag.md\/ru\/wp-json\/wp\/v2\/media?parent=65083"}],"wp:term":[{"taxonomy":"product_brand","embeddable":true,"href":"https:\/\/tehnomag.md\/ru\/wp-json\/wp\/v2\/product_brand?post=65083"},{"taxonomy":"product_cat","embeddable":true,"href":"https:\/\/tehnomag.md\/ru\/wp-json\/wp\/v2\/product_cat?post=65083"},{"taxonomy":"product_tag","embeddable":true,"href":"https:\/\/tehnomag.md\/ru\/wp-json\/wp\/v2\/product_tag?post=65083"}],"curies":[{"name":"wp","href":"https:\/\/api.w.org\/{rel}","templated":true}]}}