{"id":65068,"date":"2025-06-24T10:05:49","date_gmt":"2025-06-24T10:05:49","guid":{"rendered":"https:\/\/tehnomag.md\/?post_type=product&#038;p=65068"},"modified":"2025-07-19T08:15:53","modified_gmt":"2025-07-19T08:15:53","slug":"set-de-bucatarie-maestro-mr1185","status":"publish","type":"product","link":"https:\/\/tehnomag.md\/ru\/catalog\/vesela\/ustensile-de-bucatarie\/seturi-de-ustensile-pentru-bucatarie\/set-de-bucatarie-maestro-mr1185\/","title":{"rendered":"Set de bucatarie MAESTRO Mr1185"},"content":{"rendered":"<p>Set de buc\u0103t\u0103rie din 4 piese<br \/>\nMaterial: silicon<br \/>\nU\u015furin\u0163\u0103 de utilizare<br \/>\nPosibile culor: portocaliu, galben, ro\u0219u, verde<br \/>\nSetul include urm\u0103toarele:<br \/>\nspatula de silicon,<br \/>\nperie de silicon,<br \/>\nlingura de silicon,<br \/>\nspatula de silicon<\/p>","protected":false},"excerpt":{"rendered":"<p>Set de buc\u0103t\u0103rie din 4 piese<br \/>\nMaterial: silicon<br \/>\nU\u015furin\u0163\u0103 de utilizare<br \/>\nPosibile culor: portocaliu, galben, ro\u0219u, verde<br \/>\nSetul include urm\u0103toarele:<br \/>\nspatula de silicon,<br \/>\nperie de silicon,<br \/>\nlingura de silicon,<br \/>\nspatula de silicon<\/p>","protected":false},"featured_media":65099,"template":"","meta":{"_acf_changed":false},"product_brand":[],"product_cat":[8614],"product_tag":[],"class_list":{"0":"post-65068","1":"product","2":"type-product","3":"status-publish","4":"has-post-thumbnail","6":"product_cat-seturi-de-ustensile-pentru-bucatarie","8":"first","9":"instock","10":"shipping-taxable","11":"purchasable","12":"product-type-simple"},"acf":[],"_links":{"self":[{"href":"https:\/\/tehnomag.md\/ru\/wp-json\/wp\/v2\/product\/65068","targetHints":{"allow":["GET"]}}],"collection":[{"href":"https:\/\/tehnomag.md\/ru\/wp-json\/wp\/v2\/product"}],"about":[{"href":"https:\/\/tehnomag.md\/ru\/wp-json\/wp\/v2\/types\/product"}],"wp:featuredmedia":[{"embeddable":true,"href":"https:\/\/tehnomag.md\/ru\/wp-json\/wp\/v2\/media\/65099"}],"wp:attachment":[{"href":"https:\/\/tehnomag.md\/ru\/wp-json\/wp\/v2\/media?parent=65068"}],"wp:term":[{"taxonomy":"product_brand","embeddable":true,"href":"https:\/\/tehnomag.md\/ru\/wp-json\/wp\/v2\/product_brand?post=65068"},{"taxonomy":"product_cat","embeddable":true,"href":"https:\/\/tehnomag.md\/ru\/wp-json\/wp\/v2\/product_cat?post=65068"},{"taxonomy":"product_tag","embeddable":true,"href":"https:\/\/tehnomag.md\/ru\/wp-json\/wp\/v2\/product_tag?post=65068"}],"curies":[{"name":"wp","href":"https:\/\/api.w.org\/{rel}","templated":true}]}}