{"id":65007,"date":"2025-06-24T10:05:30","date_gmt":"2025-06-24T10:05:30","guid":{"rendered":"https:\/\/tehnomag.md\/?post_type=product&#038;p=65007"},"modified":"2025-07-19T08:15:51","modified_gmt":"2025-07-19T08:15:51","slug":"polonic-balance-31cm-berghoff-3950417","status":"publish","type":"product","link":"https:\/\/tehnomag.md\/ru\/catalog\/vesela\/ustensile-de-bucatarie\/polonicuri\/polonic-balance-31cm-berghoff-3950417\/","title":{"rendered":"Polonic Balance 31cm BergHOFF 3950417"},"content":{"rendered":"<p>Polonic Berghoff LEO BALANCE are un maner ergonomic care ofera o prindere confortabila si usureaza manipularea unealta in timpul gatitului. M\u00e2nerul are, de asemenea, o form\u0103 special\u0103 pentru a distribui uniform greutatea \u0219i pentru a crea echilibru, f\u0103c\u00e2nd oala \u0219i mai confortabil\u0103 \u0219i mai eficient\u0103 de utilizat.<\/p>\n<p>In plus, oala are o rezistenta ridicata la temperaturi, ceea ce ii permite sa fie folosit in timpul gatitului pe aragaz, electric sau cu inductie fara riscul de deteriorare sau deformare.<br \/>\nPotrivit pentru sp\u0103lare \u00een ma\u0219ina de sp\u0103lat vase.<br \/>\nMaterial: nailon\/silicon<br \/>\nMaterial m\u00e2ner: PP reciclat soft-touch<br \/>\nCuloare: gri<\/p>","protected":false},"excerpt":{"rendered":"<p>Polonic Berghoff LEO BALANCE are un maner ergonomic care ofera o prindere confortabila si usureaza manipularea unealta in timpul gatitului. M\u00e2nerul are, de asemenea, o form\u0103 special\u0103 pentru a distribui uniform greutatea \u0219i pentru a crea echilibru, f\u0103c\u00e2nd oala \u0219i mai confortabil\u0103 \u0219i mai eficient\u0103 de utilizat.<\/p>\n<p>In plus, oala are o rezistenta ridicata la temperaturi, ceea ce ii permite sa fie folosit in timpul gatitului pe aragaz, electric sau cu inductie fara riscul de deteriorare sau deformare.<br \/>\nPotrivit pentru sp\u0103lare \u00een ma\u0219ina de sp\u0103lat vase.<br \/>\nMaterial: nailon\/silicon<br \/>\nMaterial m\u00e2ner: PP reciclat soft-touch<br \/>\nCuloare: gri<\/p>","protected":false},"featured_media":65042,"template":"","meta":{"_acf_changed":false},"product_brand":[],"product_cat":[8608],"product_tag":[],"class_list":{"0":"post-65007","1":"product","2":"type-product","3":"status-publish","4":"has-post-thumbnail","6":"product_cat-polonicuri","8":"first","9":"instock","10":"shipping-taxable","11":"purchasable","12":"product-type-simple"},"acf":[],"_links":{"self":[{"href":"https:\/\/tehnomag.md\/ru\/wp-json\/wp\/v2\/product\/65007","targetHints":{"allow":["GET"]}}],"collection":[{"href":"https:\/\/tehnomag.md\/ru\/wp-json\/wp\/v2\/product"}],"about":[{"href":"https:\/\/tehnomag.md\/ru\/wp-json\/wp\/v2\/types\/product"}],"wp:featuredmedia":[{"embeddable":true,"href":"https:\/\/tehnomag.md\/ru\/wp-json\/wp\/v2\/media\/65042"}],"wp:attachment":[{"href":"https:\/\/tehnomag.md\/ru\/wp-json\/wp\/v2\/media?parent=65007"}],"wp:term":[{"taxonomy":"product_brand","embeddable":true,"href":"https:\/\/tehnomag.md\/ru\/wp-json\/wp\/v2\/product_brand?post=65007"},{"taxonomy":"product_cat","embeddable":true,"href":"https:\/\/tehnomag.md\/ru\/wp-json\/wp\/v2\/product_cat?post=65007"},{"taxonomy":"product_tag","embeddable":true,"href":"https:\/\/tehnomag.md\/ru\/wp-json\/wp\/v2\/product_tag?post=65007"}],"curies":[{"name":"wp","href":"https:\/\/api.w.org\/{rel}","templated":true}]}}