{"id":65006,"date":"2025-06-24T10:05:30","date_gmt":"2025-06-24T10:05:30","guid":{"rendered":"https:\/\/tehnomag.md\/?post_type=product&#038;p=65006"},"modified":"2025-07-19T08:15:50","modified_gmt":"2025-07-19T08:15:50","slug":"polonic-maestro-mr-1152","status":"publish","type":"product","link":"https:\/\/tehnomag.md\/ru\/catalog\/vesela\/ustensile-de-bucatarie\/polonicuri\/polonic-maestro-mr-1152\/","title":{"rendered":"Polonic MAESTRO Mr-1152"},"content":{"rendered":"<p>Marca comercial\u0103: Maestro<br \/>\nMaterial: SILICON<br \/>\nU\u015furin\u0163\u0103 de utilizare<\/p>","protected":false},"excerpt":{"rendered":"<p>Marca comercial\u0103: Maestro<br \/>\nMaterial: SILICON<br \/>\nU\u015furin\u0163\u0103 de utilizare<\/p>","protected":false},"featured_media":65041,"template":"","meta":{"_acf_changed":false},"product_brand":[],"product_cat":[8608],"product_tag":[],"class_list":{"0":"post-65006","1":"product","2":"type-product","3":"status-publish","4":"has-post-thumbnail","6":"product_cat-polonicuri","8":"first","9":"instock","10":"shipping-taxable","11":"purchasable","12":"product-type-simple"},"acf":[],"_links":{"self":[{"href":"https:\/\/tehnomag.md\/ru\/wp-json\/wp\/v2\/product\/65006","targetHints":{"allow":["GET"]}}],"collection":[{"href":"https:\/\/tehnomag.md\/ru\/wp-json\/wp\/v2\/product"}],"about":[{"href":"https:\/\/tehnomag.md\/ru\/wp-json\/wp\/v2\/types\/product"}],"wp:featuredmedia":[{"embeddable":true,"href":"https:\/\/tehnomag.md\/ru\/wp-json\/wp\/v2\/media\/65041"}],"wp:attachment":[{"href":"https:\/\/tehnomag.md\/ru\/wp-json\/wp\/v2\/media?parent=65006"}],"wp:term":[{"taxonomy":"product_brand","embeddable":true,"href":"https:\/\/tehnomag.md\/ru\/wp-json\/wp\/v2\/product_brand?post=65006"},{"taxonomy":"product_cat","embeddable":true,"href":"https:\/\/tehnomag.md\/ru\/wp-json\/wp\/v2\/product_cat?post=65006"},{"taxonomy":"product_tag","embeddable":true,"href":"https:\/\/tehnomag.md\/ru\/wp-json\/wp\/v2\/product_tag?post=65006"}],"curies":[{"name":"wp","href":"https:\/\/api.w.org\/{rel}","templated":true}]}}