{"id":65002,"date":"2025-06-24T10:05:29","date_gmt":"2025-06-24T10:05:29","guid":{"rendered":"https:\/\/tehnomag.md\/?post_type=product&#038;p=65002"},"modified":"2025-07-19T08:15:50","modified_gmt":"2025-07-19T08:15:50","slug":"spatula-32-5-cm-balance-berghoff-3950415","status":"publish","type":"product","link":"https:\/\/tehnomag.md\/ru\/catalog\/vesela\/ustensile-de-bucatarie\/spatule\/spatula-32-5-cm-balance-berghoff-3950415\/","title":{"rendered":"Spatula 32.5 cm Balance BergHOFF 3950415"},"content":{"rendered":"<p>Spatula BERGHOFF Leo Balance este conceput\u0103 pentru a r\u0103sturna hamburgeri, cl\u0103tite \u00eentr-o tigaie sau pentru pr\u0103jirea ou\u0103lor. Capul din nailon cu o margine sub\u021bire \u0219i flexibil\u0103 alunec\u0103 cu u\u0219urin\u021b\u0103 sub orice m\u00e2ncare \u0219i este sigur pentru vasele de g\u0103tit antiaderente.<\/p>\n<p>Trei sloturi permit excesul de umiditate \u0219i ulei s\u0103 scape din ingrediente. Cand este terminata, spatula poate fi pusa in masina de spalat vase pentru o spalare rapida, dupa care poate fi agatata cu usurinta de carlig datorita orificiului din maner.<br \/>\nMaterial suprafata de lucru: nailon\/silicon<br \/>\nMaterial m\u00e2ner: PP reciclat soft-touch<br \/>\nLungime: 35 cm<br \/>\nCuloare: gri<\/p>","protected":false},"excerpt":{"rendered":"<p>Spatula BERGHOFF Leo Balance este conceput\u0103 pentru a r\u0103sturna hamburgeri, cl\u0103tite \u00eentr-o tigaie sau pentru pr\u0103jirea ou\u0103lor. Capul din nailon cu o margine sub\u021bire \u0219i flexibil\u0103 alunec\u0103 cu u\u0219urin\u021b\u0103 sub orice m\u00e2ncare \u0219i este sigur pentru vasele de g\u0103tit antiaderente.<\/p>\n<p>Trei sloturi permit excesul de umiditate \u0219i ulei s\u0103 scape din ingrediente. Cand este terminata, spatula poate fi pusa in masina de spalat vase pentru o spalare rapida, dupa care poate fi agatata cu usurinta de carlig datorita orificiului din maner.<br \/>\nMaterial suprafata de lucru: nailon\/silicon<br \/>\nMaterial m\u00e2ner: PP reciclat soft-touch<br \/>\nLungime: 35 cm<br \/>\nCuloare: gri<\/p>","protected":false},"featured_media":65035,"template":"","meta":{"_acf_changed":false},"product_brand":[],"product_cat":[8607],"product_tag":[],"class_list":{"0":"post-65002","1":"product","2":"type-product","3":"status-publish","4":"has-post-thumbnail","6":"product_cat-spatule","8":"first","9":"instock","10":"shipping-taxable","11":"purchasable","12":"product-type-simple"},"acf":[],"_links":{"self":[{"href":"https:\/\/tehnomag.md\/ru\/wp-json\/wp\/v2\/product\/65002","targetHints":{"allow":["GET"]}}],"collection":[{"href":"https:\/\/tehnomag.md\/ru\/wp-json\/wp\/v2\/product"}],"about":[{"href":"https:\/\/tehnomag.md\/ru\/wp-json\/wp\/v2\/types\/product"}],"wp:featuredmedia":[{"embeddable":true,"href":"https:\/\/tehnomag.md\/ru\/wp-json\/wp\/v2\/media\/65035"}],"wp:attachment":[{"href":"https:\/\/tehnomag.md\/ru\/wp-json\/wp\/v2\/media?parent=65002"}],"wp:term":[{"taxonomy":"product_brand","embeddable":true,"href":"https:\/\/tehnomag.md\/ru\/wp-json\/wp\/v2\/product_brand?post=65002"},{"taxonomy":"product_cat","embeddable":true,"href":"https:\/\/tehnomag.md\/ru\/wp-json\/wp\/v2\/product_cat?post=65002"},{"taxonomy":"product_tag","embeddable":true,"href":"https:\/\/tehnomag.md\/ru\/wp-json\/wp\/v2\/product_tag?post=65002"}],"curies":[{"name":"wp","href":"https:\/\/api.w.org\/{rel}","templated":true}]}}