{"id":64995,"date":"2025-06-24T10:05:28","date_gmt":"2025-06-24T10:05:28","guid":{"rendered":"https:\/\/tehnomag.md\/?post_type=product&#038;p=64995"},"modified":"2025-07-19T08:15:49","modified_gmt":"2025-07-19T08:15:49","slug":"spatula-maestro-mr1580","status":"publish","type":"product","link":"https:\/\/tehnomag.md\/ru\/catalog\/vesela\/ustensile-de-bucatarie\/spatule\/spatula-maestro-mr1580\/","title":{"rendered":"Spatula MAESTRO Mr1580"},"content":{"rendered":"<p>Marca comercial\u0103: Maestro<br \/>\nMaterial: silicon<br \/>\nU\u015furin\u0163\u0103 de utilizare<br \/>\nPosibile culor: ro\u0219u, verde<\/p>","protected":false},"excerpt":{"rendered":"<p>Marca comercial\u0103: Maestro<br \/>\nMaterial: silicon<br \/>\nU\u015furin\u0163\u0103 de utilizare<br \/>\nPosibile culor: ro\u0219u, verde<\/p>","protected":false},"featured_media":65026,"template":"","meta":{"_acf_changed":false},"product_brand":[],"product_cat":[8607],"product_tag":[],"class_list":{"0":"post-64995","1":"product","2":"type-product","3":"status-publish","4":"has-post-thumbnail","6":"product_cat-spatule","8":"first","9":"instock","10":"shipping-taxable","11":"purchasable","12":"product-type-simple"},"acf":[],"_links":{"self":[{"href":"https:\/\/tehnomag.md\/ru\/wp-json\/wp\/v2\/product\/64995","targetHints":{"allow":["GET"]}}],"collection":[{"href":"https:\/\/tehnomag.md\/ru\/wp-json\/wp\/v2\/product"}],"about":[{"href":"https:\/\/tehnomag.md\/ru\/wp-json\/wp\/v2\/types\/product"}],"wp:featuredmedia":[{"embeddable":true,"href":"https:\/\/tehnomag.md\/ru\/wp-json\/wp\/v2\/media\/65026"}],"wp:attachment":[{"href":"https:\/\/tehnomag.md\/ru\/wp-json\/wp\/v2\/media?parent=64995"}],"wp:term":[{"taxonomy":"product_brand","embeddable":true,"href":"https:\/\/tehnomag.md\/ru\/wp-json\/wp\/v2\/product_brand?post=64995"},{"taxonomy":"product_cat","embeddable":true,"href":"https:\/\/tehnomag.md\/ru\/wp-json\/wp\/v2\/product_cat?post=64995"},{"taxonomy":"product_tag","embeddable":true,"href":"https:\/\/tehnomag.md\/ru\/wp-json\/wp\/v2\/product_tag?post=64995"}],"curies":[{"name":"wp","href":"https:\/\/api.w.org\/{rel}","templated":true}]}}