{"id":64955,"date":"2025-06-24T10:05:10","date_gmt":"2025-06-24T10:05:10","guid":{"rendered":"https:\/\/tehnomag.md\/?post_type=product&#038;p=64955"},"modified":"2025-07-19T08:15:49","modified_gmt":"2025-07-19T08:15:49","slug":"lingura-p-u-servire-32-5cm-balance-berghoff-3950413","status":"publish","type":"product","link":"https:\/\/tehnomag.md\/ru\/catalog\/vesela\/ustensile-de-bucatarie\/linguri-de-bucatar\/lingura-p-u-servire-32-5cm-balance-berghoff-3950413\/","title":{"rendered":"Lingura p-u servire 32.5cm Balance BergHOFF 3950413"},"content":{"rendered":"<p>Lingura de servire Leo este fabricata din plastic reciclat si este perfecta pentru a servi tocanite, cartofi sau orez!<br \/>\nDuza din silicon u\u0219oar\u0103, rezistent\u0103 la c\u0103ldur\u0103 nu va zg\u00e2ria ustensilele fragile, \u00een timp ce m\u00e2nerul moale la atingere ofer\u0103 o prindere confortabil\u0103 a ingredientelor. C\u00e2nd a\u021bi terminat de servit, pune\u021bi pur \u0219i simplu lingura \u00een ma\u0219ina de sp\u0103lat vase \u0219i utiliza\u021bi orificiul de ag\u0103\u021bat pentru depozitare u\u0219oar\u0103.<br \/>\nMaterial: nailon\/silicon<br \/>\nMaterial m\u00e2ner: PP ref\u0103cut la atingere moale<br \/>\nLungime: 36,5 cm<br \/>\nCuloare: gri<\/p>","protected":false},"excerpt":{"rendered":"<p>Lingura de servire Leo este fabricata din plastic reciclat si este perfecta pentru a servi tocanite, cartofi sau orez!<br \/>\nDuza din silicon u\u0219oar\u0103, rezistent\u0103 la c\u0103ldur\u0103 nu va zg\u00e2ria ustensilele fragile, \u00een timp ce m\u00e2nerul moale la atingere ofer\u0103 o prindere confortabil\u0103 a ingredientelor. C\u00e2nd a\u021bi terminat de servit, pune\u021bi pur \u0219i simplu lingura \u00een ma\u0219ina de sp\u0103lat vase \u0219i utiliza\u021bi orificiul de ag\u0103\u021bat pentru depozitare u\u0219oar\u0103.<br \/>\nMaterial: nailon\/silicon<br \/>\nMaterial m\u00e2ner: PP ref\u0103cut la atingere moale<br \/>\nLungime: 36,5 cm<br \/>\nCuloare: gri<\/p>","protected":false},"featured_media":64987,"template":"","meta":{"_acf_changed":false},"product_brand":[],"product_cat":[8606],"product_tag":[],"class_list":{"0":"post-64955","1":"product","2":"type-product","3":"status-publish","4":"has-post-thumbnail","6":"product_cat-linguri-de-bucatar","8":"first","9":"instock","10":"shipping-taxable","11":"purchasable","12":"product-type-simple"},"acf":[],"_links":{"self":[{"href":"https:\/\/tehnomag.md\/ru\/wp-json\/wp\/v2\/product\/64955","targetHints":{"allow":["GET"]}}],"collection":[{"href":"https:\/\/tehnomag.md\/ru\/wp-json\/wp\/v2\/product"}],"about":[{"href":"https:\/\/tehnomag.md\/ru\/wp-json\/wp\/v2\/types\/product"}],"wp:featuredmedia":[{"embeddable":true,"href":"https:\/\/tehnomag.md\/ru\/wp-json\/wp\/v2\/media\/64987"}],"wp:attachment":[{"href":"https:\/\/tehnomag.md\/ru\/wp-json\/wp\/v2\/media?parent=64955"}],"wp:term":[{"taxonomy":"product_brand","embeddable":true,"href":"https:\/\/tehnomag.md\/ru\/wp-json\/wp\/v2\/product_brand?post=64955"},{"taxonomy":"product_cat","embeddable":true,"href":"https:\/\/tehnomag.md\/ru\/wp-json\/wp\/v2\/product_cat?post=64955"},{"taxonomy":"product_tag","embeddable":true,"href":"https:\/\/tehnomag.md\/ru\/wp-json\/wp\/v2\/product_tag?post=64955"}],"curies":[{"name":"wp","href":"https:\/\/api.w.org\/{rel}","templated":true}]}}