{"id":64952,"date":"2025-06-24T10:05:10","date_gmt":"2025-06-24T10:05:10","guid":{"rendered":"https:\/\/tehnomag.md\/?post_type=product&#038;p=64952"},"modified":"2025-07-19T08:15:48","modified_gmt":"2025-07-19T08:15:48","slug":"set-linguri-pentru-salate-maestro-mr1168","status":"publish","type":"product","link":"https:\/\/tehnomag.md\/ru\/catalog\/vesela\/ustensile-de-bucatarie\/linguri-de-bucatar\/set-linguri-pentru-salate-maestro-mr1168\/","title":{"rendered":"Set linguri pentru salate MAESTRO Mr1168"},"content":{"rendered":"<p>Design elegant modern<br \/>\nU\u015furin\u0163\u0103 de utilizare<br \/>\nPosibile culor: galben, ro\u0219u, verde<\/p>","protected":false},"excerpt":{"rendered":"<p>Design elegant modern<br \/>\nU\u015furin\u0163\u0103 de utilizare<br \/>\nPosibile culor: galben, ro\u0219u, verde<\/p>","protected":false},"featured_media":64984,"template":"","meta":{"_acf_changed":false},"product_brand":[],"product_cat":[8606],"product_tag":[],"class_list":{"0":"post-64952","1":"product","2":"type-product","3":"status-publish","4":"has-post-thumbnail","6":"product_cat-linguri-de-bucatar","8":"first","9":"instock","10":"shipping-taxable","11":"purchasable","12":"product-type-simple"},"acf":[],"_links":{"self":[{"href":"https:\/\/tehnomag.md\/ru\/wp-json\/wp\/v2\/product\/64952","targetHints":{"allow":["GET"]}}],"collection":[{"href":"https:\/\/tehnomag.md\/ru\/wp-json\/wp\/v2\/product"}],"about":[{"href":"https:\/\/tehnomag.md\/ru\/wp-json\/wp\/v2\/types\/product"}],"wp:featuredmedia":[{"embeddable":true,"href":"https:\/\/tehnomag.md\/ru\/wp-json\/wp\/v2\/media\/64984"}],"wp:attachment":[{"href":"https:\/\/tehnomag.md\/ru\/wp-json\/wp\/v2\/media?parent=64952"}],"wp:term":[{"taxonomy":"product_brand","embeddable":true,"href":"https:\/\/tehnomag.md\/ru\/wp-json\/wp\/v2\/product_brand?post=64952"},{"taxonomy":"product_cat","embeddable":true,"href":"https:\/\/tehnomag.md\/ru\/wp-json\/wp\/v2\/product_cat?post=64952"},{"taxonomy":"product_tag","embeddable":true,"href":"https:\/\/tehnomag.md\/ru\/wp-json\/wp\/v2\/product_tag?post=64952"}],"curies":[{"name":"wp","href":"https:\/\/api.w.org\/{rel}","templated":true}]}}