{"id":64951,"date":"2025-06-24T10:05:10","date_gmt":"2025-06-24T10:05:10","guid":{"rendered":"https:\/\/tehnomag.md\/?post_type=product&#038;p=64951"},"modified":"2025-07-19T08:15:48","modified_gmt":"2025-07-19T08:15:48","slug":"lingura-p-u-spaghete-30-5cm-balance-berghoff-3950412","status":"publish","type":"product","link":"https:\/\/tehnomag.md\/ru\/catalog\/vesela\/ustensile-de-bucatarie\/lingura-p-u-spaghete-30-5cm-balance-berghoff-3950412\/","title":{"rendered":"Lingura p-u spaghete 30.5cm Balance BergHOFF 3950412"},"content":{"rendered":"<p>De la spaghete tradi\u021bionale la bolognese p\u00e2n\u0103 la tagliatelle cremoase cu spanac sau linguine delicioase cu creve\u021bi, totul \u00eencepe cu instrumentul potrivit pentru paste.<\/p>\n<p>Lingura pentru paste Leo v\u0103 ajut\u0103 s\u0103 m\u0103sura\u021bi cantitatea potrivit\u0103 de paste \u0219i s\u0103 \u00eendep\u0103rta\u021bi cu u\u0219urin\u021b\u0103 pastele fierte, f\u0103r\u0103 a zg\u00e2ria stratul delicat antiaderent al tigaii. In plus, lingura pentru paste este usor de curatat si se poate spala in masina de spalat vase.<\/p>\n<p>Aleg\u00e2nd o lingur\u0103 colorat\u0103 din seria Balance, contribui\u021bi automat la un viitor mai verde, deoarece accesoriile din colec\u021bia Balance sunt realizate par\u021bial din plastic reciclat.<br \/>\nMaterial: plastic<br \/>\nMaterial m\u00e2ner: PP soft-touch reproiectat<br \/>\nLungime: 31 cm<br \/>\nCuloare: gri<\/p>","protected":false},"excerpt":{"rendered":"<p>De la spaghete tradi\u021bionale la bolognese p\u00e2n\u0103 la tagliatelle cremoase cu spanac sau linguine delicioase cu creve\u021bi, totul \u00eencepe cu instrumentul potrivit pentru paste.<\/p>\n<p>Lingura pentru paste Leo v\u0103 ajut\u0103 s\u0103 m\u0103sura\u021bi cantitatea potrivit\u0103 de paste \u0219i s\u0103 \u00eendep\u0103rta\u021bi cu u\u0219urin\u021b\u0103 pastele fierte, f\u0103r\u0103 a zg\u00e2ria stratul delicat antiaderent al tigaii. In plus, lingura pentru paste este usor de curatat si se poate spala in masina de spalat vase.<\/p>\n<p>Aleg\u00e2nd o lingur\u0103 colorat\u0103 din seria Balance, contribui\u021bi automat la un viitor mai verde, deoarece accesoriile din colec\u021bia Balance sunt realizate par\u021bial din plastic reciclat.<br \/>\nMaterial: plastic<br \/>\nMaterial m\u00e2ner: PP soft-touch reproiectat<br \/>\nLungime: 31 cm<br \/>\nCuloare: gri<\/p>","protected":false},"featured_media":64983,"template":"","meta":{"_acf_changed":false},"product_brand":[],"product_cat":[8537],"product_tag":[],"class_list":{"0":"post-64951","1":"product","2":"type-product","3":"status-publish","4":"has-post-thumbnail","6":"product_cat-ustensile-de-bucatarie","8":"first","9":"instock","10":"shipping-taxable","11":"purchasable","12":"product-type-simple"},"acf":[],"_links":{"self":[{"href":"https:\/\/tehnomag.md\/ru\/wp-json\/wp\/v2\/product\/64951","targetHints":{"allow":["GET"]}}],"collection":[{"href":"https:\/\/tehnomag.md\/ru\/wp-json\/wp\/v2\/product"}],"about":[{"href":"https:\/\/tehnomag.md\/ru\/wp-json\/wp\/v2\/types\/product"}],"wp:featuredmedia":[{"embeddable":true,"href":"https:\/\/tehnomag.md\/ru\/wp-json\/wp\/v2\/media\/64983"}],"wp:attachment":[{"href":"https:\/\/tehnomag.md\/ru\/wp-json\/wp\/v2\/media?parent=64951"}],"wp:term":[{"taxonomy":"product_brand","embeddable":true,"href":"https:\/\/tehnomag.md\/ru\/wp-json\/wp\/v2\/product_brand?post=64951"},{"taxonomy":"product_cat","embeddable":true,"href":"https:\/\/tehnomag.md\/ru\/wp-json\/wp\/v2\/product_cat?post=64951"},{"taxonomy":"product_tag","embeddable":true,"href":"https:\/\/tehnomag.md\/ru\/wp-json\/wp\/v2\/product_tag?post=64951"}],"curies":[{"name":"wp","href":"https:\/\/api.w.org\/{rel}","templated":true}]}}