{"id":64938,"date":"2025-06-24T10:05:09","date_gmt":"2025-06-24T10:05:09","guid":{"rendered":"https:\/\/tehnomag.md\/?post_type=product&#038;p=64938"},"modified":"2025-07-19T08:15:47","modified_gmt":"2025-07-19T08:15:47","slug":"tel-cu-miner-de-silicon-maestro-mr1732","status":"publish","type":"product","link":"https:\/\/tehnomag.md\/ru\/catalog\/vesela\/ustensile-de-bucatarie\/tel-de-bucatarie\/tel-cu-miner-de-silicon-maestro-mr1732\/","title":{"rendered":"Tel cu miner de silicon MAESTRO Mr1732"},"content":{"rendered":"<p>Marca comercial\u0103: Maestro<br \/>\nO\u0163el inoxidabil<br \/>\nU\u015furin\u0163\u0103 de utilizare<br \/>\nRezisten\u015f\u0103 de lung\u0103 durat\u0103<\/p>","protected":false},"excerpt":{"rendered":"<p>Marca comercial\u0103: Maestro<br \/>\nO\u0163el inoxidabil<br \/>\nU\u015furin\u0163\u0103 de utilizare<br \/>\nRezisten\u015f\u0103 de lung\u0103 durat\u0103<\/p>","protected":false},"featured_media":64968,"template":"","meta":{"_acf_changed":false},"product_brand":[],"product_cat":[8600],"product_tag":[],"class_list":{"0":"post-64938","1":"product","2":"type-product","3":"status-publish","4":"has-post-thumbnail","6":"product_cat-tel-de-bucatarie","8":"first","9":"instock","10":"shipping-taxable","11":"purchasable","12":"product-type-simple"},"acf":[],"_links":{"self":[{"href":"https:\/\/tehnomag.md\/ru\/wp-json\/wp\/v2\/product\/64938","targetHints":{"allow":["GET"]}}],"collection":[{"href":"https:\/\/tehnomag.md\/ru\/wp-json\/wp\/v2\/product"}],"about":[{"href":"https:\/\/tehnomag.md\/ru\/wp-json\/wp\/v2\/types\/product"}],"wp:featuredmedia":[{"embeddable":true,"href":"https:\/\/tehnomag.md\/ru\/wp-json\/wp\/v2\/media\/64968"}],"wp:attachment":[{"href":"https:\/\/tehnomag.md\/ru\/wp-json\/wp\/v2\/media?parent=64938"}],"wp:term":[{"taxonomy":"product_brand","embeddable":true,"href":"https:\/\/tehnomag.md\/ru\/wp-json\/wp\/v2\/product_brand?post=64938"},{"taxonomy":"product_cat","embeddable":true,"href":"https:\/\/tehnomag.md\/ru\/wp-json\/wp\/v2\/product_cat?post=64938"},{"taxonomy":"product_tag","embeddable":true,"href":"https:\/\/tehnomag.md\/ru\/wp-json\/wp\/v2\/product_tag?post=64938"}],"curies":[{"name":"wp","href":"https:\/\/api.w.org\/{rel}","templated":true}]}}