{"id":64937,"date":"2025-06-24T10:05:09","date_gmt":"2025-06-24T10:05:09","guid":{"rendered":"https:\/\/tehnomag.md\/?post_type=product&#038;p=64937"},"modified":"2025-07-19T08:15:46","modified_gmt":"2025-07-19T08:15:46","slug":"teu-maestro-mr1712","status":"publish","type":"product","link":"https:\/\/tehnomag.md\/ru\/catalog\/vesela\/ustensile-de-bucatarie\/tel-de-bucatarie\/teu-maestro-mr1712\/","title":{"rendered":"Teu  MAESTRO Mr1712"},"content":{"rendered":"<p>Marca comercial\u0103: Maestro<br \/>\nMaterial: nylon<br \/>\nU\u015furin\u0163\u0103 de utilizare<\/p>","protected":false},"excerpt":{"rendered":"<p>Marca comercial\u0103: Maestro<br \/>\nMaterial: nylon<br \/>\nU\u015furin\u0163\u0103 de utilizare<\/p>","protected":false},"featured_media":64967,"template":"","meta":{"_acf_changed":false},"product_brand":[],"product_cat":[8600],"product_tag":[],"class_list":{"0":"post-64937","1":"product","2":"type-product","3":"status-publish","4":"has-post-thumbnail","6":"product_cat-tel-de-bucatarie","8":"first","9":"instock","10":"shipping-taxable","11":"purchasable","12":"product-type-simple"},"acf":[],"_links":{"self":[{"href":"https:\/\/tehnomag.md\/ru\/wp-json\/wp\/v2\/product\/64937","targetHints":{"allow":["GET"]}}],"collection":[{"href":"https:\/\/tehnomag.md\/ru\/wp-json\/wp\/v2\/product"}],"about":[{"href":"https:\/\/tehnomag.md\/ru\/wp-json\/wp\/v2\/types\/product"}],"wp:featuredmedia":[{"embeddable":true,"href":"https:\/\/tehnomag.md\/ru\/wp-json\/wp\/v2\/media\/64967"}],"wp:attachment":[{"href":"https:\/\/tehnomag.md\/ru\/wp-json\/wp\/v2\/media?parent=64937"}],"wp:term":[{"taxonomy":"product_brand","embeddable":true,"href":"https:\/\/tehnomag.md\/ru\/wp-json\/wp\/v2\/product_brand?post=64937"},{"taxonomy":"product_cat","embeddable":true,"href":"https:\/\/tehnomag.md\/ru\/wp-json\/wp\/v2\/product_cat?post=64937"},{"taxonomy":"product_tag","embeddable":true,"href":"https:\/\/tehnomag.md\/ru\/wp-json\/wp\/v2\/product_tag?post=64937"}],"curies":[{"name":"wp","href":"https:\/\/api.w.org\/{rel}","templated":true}]}}