{"id":64934,"date":"2025-06-24T10:05:08","date_gmt":"2025-06-24T10:05:08","guid":{"rendered":"https:\/\/tehnomag.md\/?post_type=product&#038;p=64934"},"modified":"2025-07-19T08:15:46","modified_gmt":"2025-07-19T08:15:46","slug":"sita-maestro-mr-1682-28","status":"publish","type":"product","link":"https:\/\/tehnomag.md\/ru\/catalog\/vesela\/ustensile-de-bucatarie\/site\/sita-maestro-mr-1682-28\/","title":{"rendered":"Sit\u0103 MAESTRO Mr-1682-28"},"content":{"rendered":"<p>O\u0163el inoxidabil de calitate superioar\u0103<br \/>\nDiametrul: <\/p>\n<p>MR1684-28  28 cm,<\/p>","protected":false},"excerpt":{"rendered":"<p>O\u0163el inoxidabil de calitate superioar\u0103<br \/>\nDiametrul: <\/p>\n<p>MR1684-28  28 cm,<\/p>","protected":false},"featured_media":64964,"template":"","meta":{"_acf_changed":false},"product_brand":[],"product_cat":[8599],"product_tag":[],"class_list":{"0":"post-64934","1":"product","2":"type-product","3":"status-publish","4":"has-post-thumbnail","6":"product_cat-site","8":"first","9":"instock","10":"shipping-taxable","11":"purchasable","12":"product-type-simple"},"acf":[],"_links":{"self":[{"href":"https:\/\/tehnomag.md\/ru\/wp-json\/wp\/v2\/product\/64934","targetHints":{"allow":["GET"]}}],"collection":[{"href":"https:\/\/tehnomag.md\/ru\/wp-json\/wp\/v2\/product"}],"about":[{"href":"https:\/\/tehnomag.md\/ru\/wp-json\/wp\/v2\/types\/product"}],"wp:featuredmedia":[{"embeddable":true,"href":"https:\/\/tehnomag.md\/ru\/wp-json\/wp\/v2\/media\/64964"}],"wp:attachment":[{"href":"https:\/\/tehnomag.md\/ru\/wp-json\/wp\/v2\/media?parent=64934"}],"wp:term":[{"taxonomy":"product_brand","embeddable":true,"href":"https:\/\/tehnomag.md\/ru\/wp-json\/wp\/v2\/product_brand?post=64934"},{"taxonomy":"product_cat","embeddable":true,"href":"https:\/\/tehnomag.md\/ru\/wp-json\/wp\/v2\/product_cat?post=64934"},{"taxonomy":"product_tag","embeddable":true,"href":"https:\/\/tehnomag.md\/ru\/wp-json\/wp\/v2\/product_tag?post=64934"}],"curies":[{"name":"wp","href":"https:\/\/api.w.org\/{rel}","templated":true}]}}