{"id":64879,"date":"2025-06-24T10:04:48","date_gmt":"2025-06-24T10:04:48","guid":{"rendered":"https:\/\/tehnomag.md\/?post_type=product&#038;p=64879"},"modified":"2025-07-19T08:15:44","modified_gmt":"2025-07-19T08:15:44","slug":"uscator-pentru-vesela-maestro-mr-1028","status":"publish","type":"product","link":"https:\/\/tehnomag.md\/ru\/catalog\/vesela\/ustensile-de-bucatarie\/uscatoare-pentru-vesela\/uscator-pentru-vesela-maestro-mr-1028\/","title":{"rendered":"Usc\u0103tor pentru vesel\u0103 MAESTRO Mr-1028"},"content":{"rendered":"<p>Marca comercial\u0103: Rainbow<br \/>\nDesign elegant modern<br \/>\nTav\u0103 deta\u0219abil\u0103<br \/>\nSuprafa\u021b\u0103 chrome<br \/>\nComoditate \u0219i u\u0219urin\u021ba de utilizare<br \/>\nDimensiuni disponibile: 55,8\u044524,7\u044539,2 cm.<\/p>","protected":false},"excerpt":{"rendered":"<p>Marca comercial\u0103: Rainbow<br \/>\nDesign elegant modern<br \/>\nTav\u0103 deta\u0219abil\u0103<br \/>\nSuprafa\u021b\u0103 chrome<br \/>\nComoditate \u0219i u\u0219urin\u021ba de utilizare<br \/>\nDimensiuni disponibile: 55,8\u044524,7\u044539,2 cm.<\/p>","protected":false},"featured_media":64910,"template":"","meta":{"_acf_changed":false},"product_brand":[],"product_cat":[8596],"product_tag":[],"class_list":{"0":"post-64879","1":"product","2":"type-product","3":"status-publish","4":"has-post-thumbnail","6":"product_cat-uscatoare-pentru-vesela","8":"first","9":"instock","10":"shipping-taxable","11":"purchasable","12":"product-type-simple"},"acf":[],"_links":{"self":[{"href":"https:\/\/tehnomag.md\/ru\/wp-json\/wp\/v2\/product\/64879","targetHints":{"allow":["GET"]}}],"collection":[{"href":"https:\/\/tehnomag.md\/ru\/wp-json\/wp\/v2\/product"}],"about":[{"href":"https:\/\/tehnomag.md\/ru\/wp-json\/wp\/v2\/types\/product"}],"wp:featuredmedia":[{"embeddable":true,"href":"https:\/\/tehnomag.md\/ru\/wp-json\/wp\/v2\/media\/64910"}],"wp:attachment":[{"href":"https:\/\/tehnomag.md\/ru\/wp-json\/wp\/v2\/media?parent=64879"}],"wp:term":[{"taxonomy":"product_brand","embeddable":true,"href":"https:\/\/tehnomag.md\/ru\/wp-json\/wp\/v2\/product_brand?post=64879"},{"taxonomy":"product_cat","embeddable":true,"href":"https:\/\/tehnomag.md\/ru\/wp-json\/wp\/v2\/product_cat?post=64879"},{"taxonomy":"product_tag","embeddable":true,"href":"https:\/\/tehnomag.md\/ru\/wp-json\/wp\/v2\/product_tag?post=64879"}],"curies":[{"name":"wp","href":"https:\/\/api.w.org\/{rel}","templated":true}]}}