{"id":64878,"date":"2025-06-24T10:04:47","date_gmt":"2025-06-24T10:04:47","guid":{"rendered":"https:\/\/tehnomag.md\/?post_type=product&#038;p=64878"},"modified":"2025-07-19T08:15:43","modified_gmt":"2025-07-19T08:15:43","slug":"uscator-pentru-vesela-maestro-mr-1025-38","status":"publish","type":"product","link":"https:\/\/tehnomag.md\/ru\/catalog\/vesela\/ustensile-de-bucatarie\/uscatoare-pentru-vesela\/uscator-pentru-vesela-maestro-mr-1025-38\/","title":{"rendered":"Usc\u0103tor pentru vesel\u0103 MAESTRO Mr-1025-38"},"content":{"rendered":"<p>Marca comercial\u0103: Rainbow<br \/>\nDesign elegant modern<br \/>\nUsc\u0103toare pentru vesel\u0103 cu 2 nivele<br \/>\nTav\u0103 deta\u0219abil\u0103<br \/>\nSuprafa\u021b\u0103 chrome<br \/>\nComoditate \u0219i u\u0219urin\u021ba de utilizare<br \/>\nDimensiuni disponibile:<br \/>\nMR1025 &#8211; 68,2\u044524,7\u044539,2 cm<\/p>","protected":false},"excerpt":{"rendered":"<p>Marca comercial\u0103: Rainbow<br \/>\nDesign elegant modern<br \/>\nUsc\u0103toare pentru vesel\u0103 cu 2 nivele<br \/>\nTav\u0103 deta\u0219abil\u0103<br \/>\nSuprafa\u021b\u0103 chrome<br \/>\nComoditate \u0219i u\u0219urin\u021ba de utilizare<br \/>\nDimensiuni disponibile:<br \/>\nMR1025 &#8211; 68,2\u044524,7\u044539,2 cm<\/p>","protected":false},"featured_media":64909,"template":"","meta":{"_acf_changed":false},"product_brand":[],"product_cat":[8596],"product_tag":[],"class_list":{"0":"post-64878","1":"product","2":"type-product","3":"status-publish","4":"has-post-thumbnail","6":"product_cat-uscatoare-pentru-vesela","8":"first","9":"instock","10":"shipping-taxable","11":"purchasable","12":"product-type-simple"},"acf":[],"_links":{"self":[{"href":"https:\/\/tehnomag.md\/ru\/wp-json\/wp\/v2\/product\/64878","targetHints":{"allow":["GET"]}}],"collection":[{"href":"https:\/\/tehnomag.md\/ru\/wp-json\/wp\/v2\/product"}],"about":[{"href":"https:\/\/tehnomag.md\/ru\/wp-json\/wp\/v2\/types\/product"}],"wp:featuredmedia":[{"embeddable":true,"href":"https:\/\/tehnomag.md\/ru\/wp-json\/wp\/v2\/media\/64909"}],"wp:attachment":[{"href":"https:\/\/tehnomag.md\/ru\/wp-json\/wp\/v2\/media?parent=64878"}],"wp:term":[{"taxonomy":"product_brand","embeddable":true,"href":"https:\/\/tehnomag.md\/ru\/wp-json\/wp\/v2\/product_brand?post=64878"},{"taxonomy":"product_cat","embeddable":true,"href":"https:\/\/tehnomag.md\/ru\/wp-json\/wp\/v2\/product_cat?post=64878"},{"taxonomy":"product_tag","embeddable":true,"href":"https:\/\/tehnomag.md\/ru\/wp-json\/wp\/v2\/product_tag?post=64878"}],"curies":[{"name":"wp","href":"https:\/\/api.w.org\/{rel}","templated":true}]}}