{"id":64866,"date":"2025-06-24T10:04:46","date_gmt":"2025-06-24T10:04:46","guid":{"rendered":"https:\/\/tehnomag.md\/?post_type=product&#038;p=64866"},"modified":"2025-07-19T08:15:42","modified_gmt":"2025-07-19T08:15:42","slug":"cos-de-paine-maestro-mr-1770","status":"publish","type":"product","link":"https:\/\/tehnomag.md\/ru\/catalog\/vesela\/ustensile-de-bucatarie\/granare\/cos-de-paine-maestro-mr-1770\/","title":{"rendered":"Co\u0219 de p\u00e2ine MAESTRO Mr-1770"},"content":{"rendered":"<p>Dimensiune: 35x21x21 cm<br \/>\nMaterialul carcasei: metal vopsit; culoarea este neagr\u0103<br \/>\nMaterial de acoperire: lemn<br \/>\nCapac de deschidere care serve\u0219te ca o t\u0103ietur\u0103 pentru p\u00e2ine<br \/>\nDesign ergonomic<br \/>\nMateriale ecologice<br \/>\nCalitate \u0219i func\u021bionalitate<\/p>","protected":false},"excerpt":{"rendered":"<p>Dimensiune: 35x21x21 cm<br \/>\nMaterialul carcasei: metal vopsit; culoarea este neagr\u0103<br \/>\nMaterial de acoperire: lemn<br \/>\nCapac de deschidere care serve\u0219te ca o t\u0103ietur\u0103 pentru p\u00e2ine<br \/>\nDesign ergonomic<br \/>\nMateriale ecologice<br \/>\nCalitate \u0219i func\u021bionalitate<\/p>","protected":false},"featured_media":64896,"template":"","meta":{"_acf_changed":false},"product_brand":[],"product_cat":[8593],"product_tag":[],"class_list":{"0":"post-64866","1":"product","2":"type-product","3":"status-publish","4":"has-post-thumbnail","6":"product_cat-granare","8":"first","9":"instock","10":"shipping-taxable","11":"purchasable","12":"product-type-simple"},"acf":[],"_links":{"self":[{"href":"https:\/\/tehnomag.md\/ru\/wp-json\/wp\/v2\/product\/64866","targetHints":{"allow":["GET"]}}],"collection":[{"href":"https:\/\/tehnomag.md\/ru\/wp-json\/wp\/v2\/product"}],"about":[{"href":"https:\/\/tehnomag.md\/ru\/wp-json\/wp\/v2\/types\/product"}],"wp:featuredmedia":[{"embeddable":true,"href":"https:\/\/tehnomag.md\/ru\/wp-json\/wp\/v2\/media\/64896"}],"wp:attachment":[{"href":"https:\/\/tehnomag.md\/ru\/wp-json\/wp\/v2\/media?parent=64866"}],"wp:term":[{"taxonomy":"product_brand","embeddable":true,"href":"https:\/\/tehnomag.md\/ru\/wp-json\/wp\/v2\/product_brand?post=64866"},{"taxonomy":"product_cat","embeddable":true,"href":"https:\/\/tehnomag.md\/ru\/wp-json\/wp\/v2\/product_cat?post=64866"},{"taxonomy":"product_tag","embeddable":true,"href":"https:\/\/tehnomag.md\/ru\/wp-json\/wp\/v2\/product_tag?post=64866"}],"curies":[{"name":"wp","href":"https:\/\/api.w.org\/{rel}","templated":true}]}}