{"id":64820,"date":"2025-06-24T10:04:28","date_gmt":"2025-06-24T10:04:28","guid":{"rendered":"https:\/\/tehnomag.md\/?post_type=product&#038;p=64820"},"modified":"2025-07-19T08:15:42","modified_gmt":"2025-07-19T08:15:42","slug":"razatoare-maestro-mr-1192","status":"publish","type":"product","link":"https:\/\/tehnomag.md\/ru\/catalog\/vesela\/ustensile-de-bucatarie\/razatoare\/razatoare-maestro-mr-1192\/","title":{"rendered":"R\u0103z\u0103toare  MAESTRO MR-1192"},"content":{"rendered":"<p>R\u0103z\u0103toare din o\u021bel inoxidabil<br \/>\nM\u00e2ner ergonomic<br \/>\nU\u015furin\u0163\u0103 de utilizare<br \/>\n37&#215;4.5cm<\/p>","protected":false},"excerpt":{"rendered":"<p>R\u0103z\u0103toare din o\u021bel inoxidabil<br \/>\nM\u00e2ner ergonomic<br \/>\nU\u015furin\u0163\u0103 de utilizare<br \/>\n37&#215;4.5cm<\/p>","protected":false},"featured_media":64852,"template":"","meta":{"_acf_changed":false},"product_brand":[],"product_cat":[8592],"product_tag":[],"class_list":{"0":"post-64820","1":"product","2":"type-product","3":"status-publish","4":"has-post-thumbnail","6":"product_cat-razatoare","8":"first","9":"instock","10":"shipping-taxable","11":"purchasable","12":"product-type-simple"},"acf":[],"_links":{"self":[{"href":"https:\/\/tehnomag.md\/ru\/wp-json\/wp\/v2\/product\/64820","targetHints":{"allow":["GET"]}}],"collection":[{"href":"https:\/\/tehnomag.md\/ru\/wp-json\/wp\/v2\/product"}],"about":[{"href":"https:\/\/tehnomag.md\/ru\/wp-json\/wp\/v2\/types\/product"}],"wp:featuredmedia":[{"embeddable":true,"href":"https:\/\/tehnomag.md\/ru\/wp-json\/wp\/v2\/media\/64852"}],"wp:attachment":[{"href":"https:\/\/tehnomag.md\/ru\/wp-json\/wp\/v2\/media?parent=64820"}],"wp:term":[{"taxonomy":"product_brand","embeddable":true,"href":"https:\/\/tehnomag.md\/ru\/wp-json\/wp\/v2\/product_brand?post=64820"},{"taxonomy":"product_cat","embeddable":true,"href":"https:\/\/tehnomag.md\/ru\/wp-json\/wp\/v2\/product_cat?post=64820"},{"taxonomy":"product_tag","embeddable":true,"href":"https:\/\/tehnomag.md\/ru\/wp-json\/wp\/v2\/product_tag?post=64820"}],"curies":[{"name":"wp","href":"https:\/\/api.w.org\/{rel}","templated":true}]}}