{"id":64812,"date":"2025-06-24T10:04:27","date_gmt":"2025-06-24T10:04:27","guid":{"rendered":"https:\/\/tehnomag.md\/?post_type=product&#038;p=64812"},"modified":"2025-07-19T08:15:40","modified_gmt":"2025-07-19T08:15:40","slug":"razatoare-maestro-mr1601","status":"publish","type":"product","link":"https:\/\/tehnomag.md\/ru\/catalog\/vesela\/ustensile-de-bucatarie\/razatoare\/razatoare-maestro-mr1601\/","title":{"rendered":"R\u0103z\u0103toare MAESTRO Mr1601"},"content":{"rendered":"<p>Marca comercial\u0103: Maestro<br \/>\nO\u0163el inoxidabil de calitate superioar\u0103<br \/>\nM\u00e2ner din plastic ergonomic<br \/>\nSigur de utilizat<br \/>\nIngrijire \u0219i cur\u0103\u021bare u\u0219oara<br \/>\n4 &#8211; r\u0103z\u0103toare verso<\/p>","protected":false},"excerpt":{"rendered":"<p>Marca comercial\u0103: Maestro<br \/>\nO\u0163el inoxidabil de calitate superioar\u0103<br \/>\nM\u00e2ner din plastic ergonomic<br \/>\nSigur de utilizat<br \/>\nIngrijire \u0219i cur\u0103\u021bare u\u0219oara<br \/>\n4 &#8211; r\u0103z\u0103toare verso<\/p>","protected":false},"featured_media":64843,"template":"","meta":{"_acf_changed":false},"product_brand":[],"product_cat":[8592],"product_tag":[],"class_list":{"0":"post-64812","1":"product","2":"type-product","3":"status-publish","4":"has-post-thumbnail","6":"product_cat-razatoare","8":"first","9":"instock","10":"shipping-taxable","11":"purchasable","12":"product-type-simple"},"acf":[],"_links":{"self":[{"href":"https:\/\/tehnomag.md\/ru\/wp-json\/wp\/v2\/product\/64812","targetHints":{"allow":["GET"]}}],"collection":[{"href":"https:\/\/tehnomag.md\/ru\/wp-json\/wp\/v2\/product"}],"about":[{"href":"https:\/\/tehnomag.md\/ru\/wp-json\/wp\/v2\/types\/product"}],"wp:featuredmedia":[{"embeddable":true,"href":"https:\/\/tehnomag.md\/ru\/wp-json\/wp\/v2\/media\/64843"}],"wp:attachment":[{"href":"https:\/\/tehnomag.md\/ru\/wp-json\/wp\/v2\/media?parent=64812"}],"wp:term":[{"taxonomy":"product_brand","embeddable":true,"href":"https:\/\/tehnomag.md\/ru\/wp-json\/wp\/v2\/product_brand?post=64812"},{"taxonomy":"product_cat","embeddable":true,"href":"https:\/\/tehnomag.md\/ru\/wp-json\/wp\/v2\/product_cat?post=64812"},{"taxonomy":"product_tag","embeddable":true,"href":"https:\/\/tehnomag.md\/ru\/wp-json\/wp\/v2\/product_tag?post=64812"}],"curies":[{"name":"wp","href":"https:\/\/api.w.org\/{rel}","templated":true}]}}